{"id":7313,"date":"2025-10-02T14:13:28","date_gmt":"2025-10-02T14:13:28","guid":{"rendered":"https:\/\/mesopo.net\/?page_id=7313"},"modified":"2026-01-22T13:47:50","modified_gmt":"2026-01-22T13:47:50","slug":"chatbot-automation","status":"publish","type":"page","link":"https:\/\/mesopo.net\/tr\/chatbot-automation\/","title":{"rendered":"ChatBot Otomasyonu"},"content":{"rendered":"\t\t<div data-elementor-type=\"wp-page\" data-elementor-id=\"7313\" class=\"elementor elementor-7313\">\n\t\t\t\t<div class=\"elementor-element elementor-element-352725d e-flex e-con-boxed e-con e-parent\" data-id=\"352725d\" data-element_type=\"container\" data-settings=\"{&quot;background_background&quot;:&quot;classic&quot;}\">\n\t\t\t\t\t<div class=\"e-con-inner\">\n\t\t<div class=\"elementor-element elementor-element-d3a1010 e-con-full e-flex e-con e-child\" data-id=\"d3a1010\" data-element_type=\"container\">\n\t\t\t\t<div class=\"elementor-element elementor-element-acf1f07 elementor-widget elementor-widget-text-editor\" data-id=\"acf1f07\" data-element_type=\"widget\" data-widget_type=\"text-editor.default\">\n\t\t\t\t\t\t\t\t\t<p><strong>Giri\u015f<\/strong><br \/>G\u00fcn\u00fcm\u00fcz\u00fcn h\u0131zl\u0131 i\u015f d\u00fcnyas\u0131nda, m\u00fc\u015fteriler sorular\u0131na an\u0131nda ve profesyonel yan\u0131tlar bekliyor.<br \/>Mesajlar\u0131 y\u00f6netmek i\u00e7in tam bir ekip kiralamak hem maliyetli hem de zaman al\u0131c\u0131 olabilir.<br \/>\u0130\u015fte burada <strong>Mesopo<\/strong> devreye giriyor \u2014 7\/24 hizmet veren, konu\u015fmalar\u0131 ve sipari\u015fleri y\u00f6neten ak\u0131ll\u0131 otomasyon sistemleri tasarl\u0131yoruz ve b\u00f6ylece m\u00fc\u015fterilerinize daha iyi bir deneyim sunman\u0131z\u0131 sa\u011fl\u0131yoruz.<\/p><p><strong>Hizmetlerimiz Detayl\u0131 Olarak<\/strong><\/p><ol><li><p><strong>Sohbet Otomasyonu<\/strong><\/p><ul><li><p>WhatsApp, Facebook Messenger ve Instagram ile ba\u011flant\u0131 kurun.<\/p><\/li><li><p>M\u00fc\u015fterilerinizle g\u00fcn\u00fcn her saati ileti\u015fimde kal\u0131n.<\/p><\/li><li><p>Tam zamanl\u0131 bir \u00e7al\u0131\u015fana ihtiya\u00e7 duymadan profesyonel yan\u0131tlar sunun.<\/p><\/li><\/ul><\/li><li><p><strong>SSS \u0130\u00e7in An\u0131nda Yan\u0131tlar<\/strong><\/p><ul><li><p>Yayg\u0131n m\u00fc\u015fteri sorular\u0131na otomatik yan\u0131tlar:<\/p><ul><li><p>Fiyatland\u0131rma<\/p><\/li><li><p>\u00d6deme y\u00f6ntemleri<\/p><\/li><li><p>Konum<\/p><\/li><li><p>\u00c7al\u0131\u015fma saatleri<\/p><\/li><\/ul><\/li><li><p>M\u00fc\u015fterileriniz i\u00e7in h\u0131zl\u0131 ve sorunsuz bir deneyim sa\u011flar.<\/p><\/li><\/ul><\/li><li><p><strong>Ak\u0131ll\u0131 Pazarlama Kampanyalar\u0131<\/strong><\/p><ul><li><p>Mevcut ve yeni m\u00fc\u015fterilere hedefli mesajlar g\u00f6nderin.<\/p><\/li><li><p>Sadakat olu\u015fturun ve sat\u0131\u015flar\u0131 art\u0131r\u0131n.<\/p><\/li><li><p>Kampanyalar\u0131 planlay\u0131n ve performanslar\u0131n\u0131 takip edin.<\/p><\/li><\/ul><\/li><li><p><strong>Sipari\u015f ve Sat\u0131\u015f Y\u00f6netimi<\/strong><\/p><ul><li><p>Sipari\u015fleri do\u011frudan sohbet \u00fczerinden al\u0131n.<\/p><\/li><li><p>Sipari\u015fleri otomatik olarak onaylay\u0131n.<\/p><\/li><li><p>Faturalar\u0131 an\u0131nda ve elektronik olarak olu\u015fturun.<\/p><\/li><\/ul><\/li><li><p><strong>Otomatik Hat\u0131rlatmalar<\/strong><\/p><ul><li><p>Randevu ve rezervasyon bildirimleri g\u00f6nderin.<\/p><\/li><li><p>Yeni teklifler ve kampanyalar i\u00e7in uyar\u0131lar olu\u015fturun.<\/p><\/li><li><p>Uzun vadeli m\u00fc\u015fteri ili\u015fkilerini g\u00fc\u00e7lendirmek i\u00e7in s\u00fcrekli takip sa\u011flay\u0131n.<\/p><\/li><\/ul><\/li><li><p><strong>Detayl\u0131 Raporlar ve Analitik<\/strong><\/p><ul><li><p>Etkile\u015fim ve yan\u0131t oranlar\u0131n\u0131 takip edin.<\/p><\/li><li><p>En ba\u015far\u0131l\u0131 kampanyalar\u0131n\u0131z\u0131 belirleyin.<\/p><\/li><li><p>Hizmet verdi\u011finiz m\u00fc\u015fteri say\u0131s\u0131n\u0131 \u00f6l\u00e7\u00fcn.<\/p><\/li><\/ul><\/li><\/ol><p><strong>Neden Mesopo\u2019yu Se\u00e7melisiniz?<\/strong><\/p><ul><li><p>KOB\u0130\u2019ler hakk\u0131nda derinlemesine yerel bilgi ve uzmanl\u0131k.<\/p><\/li><li><p>\u0130\u015fletmenize \u00f6zel, tamamen \u00f6zelle\u015ftirilebilir \u00e7\u00f6z\u00fcmler.<\/p><\/li><li><p>Ekibiniz i\u00e7in s\u00fcrekli destek ve uygulamal\u0131 e\u011fitim.<\/p><\/li><li><p>B\u00fct\u00e7enize uygun ve i\u015fletmenizle birlikte b\u00fcy\u00fcyen esnek planlar.<\/p><\/li><\/ul><p><strong>Elde Edece\u011finiz Sonu\u00e7lar<\/strong><\/p><ul><li><p>An\u0131nda yan\u0131tlar ve sorunsuz ileti\u015fim sayesinde daha mutlu m\u00fc\u015fteriler.<\/p><\/li><li><p>Ak\u0131ll\u0131 pazarlama ve otomatik takiplerle artan sat\u0131\u015flar.<\/p><\/li><li><p>Yan\u0131t ve i\u015f ak\u0131\u015flar\u0131n\u0131n tam otomasyonu ile kazand\u0131\u011f\u0131n\u0131z zaman ve kaynak tasarrufu.<\/p><\/li><\/ul><p>Bug\u00fcn bizimle ileti\u015fime ge\u00e7in ve <strong>Mesopo<\/strong> ile otomasyonun i\u015finiz i\u00e7in \u00e7al\u0131\u015fmas\u0131na izin verin.<\/p>\t\t\t\t\t\t\t\t<\/div>\n\t\t\t\t<\/div>\n\t\t\t\t\t<\/div>\n\t\t\t\t<\/div>\n\t\t\t\t<\/div>\n\t\t","protected":false},"excerpt":{"rendered":"<p>Giri\u015fG\u00fcn\u00fcm\u00fcz\u00fcn h\u0131zl\u0131 i\u015f d\u00fcnyas\u0131nda, m\u00fc\u015fteriler sorular\u0131na an\u0131nda ve profesyonel yan\u0131tlar bekliyor.Mesajlar\u0131 y\u00f6netmek i\u00e7in tam bir ekip kiralamak hem maliyetli hem de zaman al\u0131c\u0131 olabilir.\u0130\u015fte burada Mesopo devreye giriyor \u2014 7\/24 hizmet veren, konu\u015fmalar\u0131 ve sipari\u015fleri y\u00f6neten ak\u0131ll\u0131 otomasyon sistemleri tasarl\u0131yoruz ve b\u00f6ylece m\u00fc\u015fterilerinize daha iyi bir deneyim sunman\u0131z\u0131 sa\u011fl\u0131yoruz. Hizmetlerimiz Detayl\u0131 Olarak Sohbet Otomasyonu WhatsApp, [&hellip;]<\/p>\n","protected":false},"author":2,"featured_media":7143,"parent":0,"menu_order":0,"comment_status":"closed","ping_status":"closed","template":"","meta":{"footnotes":""},"class_list":["post-7313","page","type-page","status-publish","has-post-thumbnail","hentry"],"_hostinger_reach_plugin_has_subscription_block":false,"_hostinger_reach_plugin_is_elementor":false,"_links":{"self":[{"href":"https:\/\/mesopo.net\/tr\/wp-json\/wp\/v2\/pages\/7313","targetHints":{"allow":["GET"]}}],"collection":[{"href":"https:\/\/mesopo.net\/tr\/wp-json\/wp\/v2\/pages"}],"about":[{"href":"https:\/\/mesopo.net\/tr\/wp-json\/wp\/v2\/types\/page"}],"author":[{"embeddable":true,"href":"https:\/\/mesopo.net\/tr\/wp-json\/wp\/v2\/users\/2"}],"replies":[{"embeddable":true,"href":"https:\/\/mesopo.net\/tr\/wp-json\/wp\/v2\/comments?post=7313"}],"version-history":[{"count":8,"href":"https:\/\/mesopo.net\/tr\/wp-json\/wp\/v2\/pages\/7313\/revisions"}],"predecessor-version":[{"id":7522,"href":"https:\/\/mesopo.net\/tr\/wp-json\/wp\/v2\/pages\/7313\/revisions\/7522"}],"wp:featuredmedia":[{"embeddable":true,"href":"https:\/\/mesopo.net\/tr\/wp-json\/wp\/v2\/media\/7143"}],"wp:attachment":[{"href":"https:\/\/mesopo.net\/tr\/wp-json\/wp\/v2\/media?parent=7313"}],"curies":[{"name":"wp","href":"https:\/\/api.w.org\/{rel}","templated":true}]}}