{"id":6845,"date":"2025-09-24T07:07:58","date_gmt":"2025-09-24T07:07:58","guid":{"rendered":"https:\/\/mesopo.erindu.com\/?page_id=6845"},"modified":"2025-10-06T07:26:42","modified_gmt":"2025-10-06T07:26:42","slug":"markalasma-cozumleri","status":"publish","type":"page","link":"https:\/\/mesopo.net\/tr\/markalasma-cozumleri\/","title":{"rendered":"Markala\u015fma \u00c7\u00f6z\u00fcmleri"},"content":{"rendered":"\t\t<div data-elementor-type=\"wp-page\" data-elementor-id=\"6845\" class=\"elementor elementor-6845\">\n\t\t\t\t<div class=\"elementor-element elementor-element-352725d e-flex e-con-boxed e-con e-parent\" data-id=\"352725d\" data-element_type=\"container\" data-settings=\"{&quot;background_background&quot;:&quot;classic&quot;}\">\n\t\t\t\t\t<div class=\"e-con-inner\">\n\t\t<div class=\"elementor-element elementor-element-d3a1010 e-con-full e-flex e-con e-child\" data-id=\"d3a1010\" data-element_type=\"container\">\n\t\t\t\t<div class=\"elementor-element elementor-element-acf1f07 elementor-widget elementor-widget-text-editor\" data-id=\"acf1f07\" data-element_type=\"widget\" data-widget_type=\"text-editor.default\">\n\t\t\t\t\t\t\t\t\t<p data-start=\"18\" data-end=\"271\">Markala\u015fma, sadece bir logo veya renk \u015femas\u0131ndan ibaret de\u011fildir \u2014 i\u015fletmenizin nas\u0131l alg\u0131land\u0131\u011f\u0131n\u0131 ve hat\u0131rlanaca\u011f\u0131n\u0131 belirleyen kalptir. G\u00fc\u00e7l\u00fc bir marka kimli\u011fi, g\u00fcven olu\u015fturur, de\u011ferlerinizi iletir ve yo\u011fun bir pazarda sizi rakiplerinizden ay\u0131r\u0131r.<\/p><p data-start=\"273\" data-end=\"504\">D\u00fc\u015f\u00fcnceli tasar\u0131m, hik\u00e2ye anlat\u0131m\u0131 ve tutarl\u0131l\u0131k sayesinde, i\u015fletmenizle yap\u0131lan her etkile\u015fim kal\u0131c\u0131 bir izlenim b\u0131rak\u0131r. G\u00f6rsel kimli\u011finizden mesajlar\u0131n\u0131za kadar her unsur, tan\u0131n\u0131rl\u0131k ve sadakati g\u00fc\u00e7lendirmede kritik rol oynar.<\/p><p data-start=\"506\" data-end=\"747\">Markala\u015fma yakla\u015f\u0131m\u0131m\u0131z, vizyonunuzu anlayarak bunu hedef kitlenizle ba\u011f kuran benzersiz bir kimli\u011fe d\u00f6n\u00fc\u015ft\u00fcrmeye odaklan\u0131r. Yeni bir marka yaratmak veya mevcut bir markay\u0131 yenilemek fark etmeksizin, hedeflerinize uygun \u00e7\u00f6z\u00fcmler sunuyoruz.<\/p><p data-start=\"749\" data-end=\"965\">G\u00fcn\u00fcm\u00fcz\u00fcn h\u0131zl\u0131 tempolu pazar\u0131nda g\u00fc\u00e7l\u00fc bir marka, art\u0131k bir se\u00e7enek de\u011fil \u2014 zorunluluktur. M\u00fc\u015fterilerinizin sizinle nas\u0131l ba\u011flant\u0131 kuraca\u011f\u0131n\u0131, sizi nas\u0131l hat\u0131rlayaca\u011f\u0131n\u0131 ve neden sizi tercih edeceklerini belirler.<\/p><p data-start=\"967\" data-end=\"1134\" data-is-last-node=\"\" data-is-only-node=\"\">Profesyonel markala\u015fma ile yaln\u0131zca bir i\u015fletme imaj\u0131 olu\u015fturmazs\u0131n\u0131z \u2014 g\u00fcven veren, b\u00fcy\u00fcmeyi destekleyen ve zaman\u0131n testine dayanacak anlaml\u0131 bir kimlik yarat\u0131rs\u0131n\u0131z.<\/p>\t\t\t\t\t\t\t\t<\/div>\n\t\t\t\t<\/div>\n\t\t\t\t\t<\/div>\n\t\t\t\t<\/div>\n\t\t\t\t<\/div>\n\t\t","protected":false},"excerpt":{"rendered":"<p>Markala\u015fma, sadece bir logo veya renk \u015femas\u0131ndan ibaret de\u011fildir \u2014 i\u015fletmenizin nas\u0131l alg\u0131land\u0131\u011f\u0131n\u0131 ve hat\u0131rlanaca\u011f\u0131n\u0131 belirleyen kalptir. G\u00fc\u00e7l\u00fc bir marka kimli\u011fi, g\u00fcven olu\u015fturur, de\u011ferlerinizi iletir ve yo\u011fun bir pazarda sizi rakiplerinizden ay\u0131r\u0131r. D\u00fc\u015f\u00fcnceli tasar\u0131m, hik\u00e2ye anlat\u0131m\u0131 ve tutarl\u0131l\u0131k sayesinde, i\u015fletmenizle yap\u0131lan her etkile\u015fim kal\u0131c\u0131 bir izlenim b\u0131rak\u0131r. G\u00f6rsel kimli\u011finizden mesajlar\u0131n\u0131za kadar her unsur, tan\u0131n\u0131rl\u0131k ve [&hellip;]<\/p>\n","protected":false},"author":2,"featured_media":0,"parent":0,"menu_order":0,"comment_status":"closed","ping_status":"closed","template":"","meta":{"footnotes":""},"class_list":["post-6845","page","type-page","status-publish","hentry"],"_hostinger_reach_plugin_has_subscription_block":false,"_hostinger_reach_plugin_is_elementor":false,"_links":{"self":[{"href":"https:\/\/mesopo.net\/tr\/wp-json\/wp\/v2\/pages\/6845","targetHints":{"allow":["GET"]}}],"collection":[{"href":"https:\/\/mesopo.net\/tr\/wp-json\/wp\/v2\/pages"}],"about":[{"href":"https:\/\/mesopo.net\/tr\/wp-json\/wp\/v2\/types\/page"}],"author":[{"embeddable":true,"href":"https:\/\/mesopo.net\/tr\/wp-json\/wp\/v2\/users\/2"}],"replies":[{"embeddable":true,"href":"https:\/\/mesopo.net\/tr\/wp-json\/wp\/v2\/comments?post=6845"}],"version-history":[{"count":45,"href":"https:\/\/mesopo.net\/tr\/wp-json\/wp\/v2\/pages\/6845\/revisions"}],"predecessor-version":[{"id":7377,"href":"https:\/\/mesopo.net\/tr\/wp-json\/wp\/v2\/pages\/6845\/revisions\/7377"}],"wp:attachment":[{"href":"https:\/\/mesopo.net\/tr\/wp-json\/wp\/v2\/media?parent=6845"}],"curies":[{"name":"wp","href":"https:\/\/api.w.org\/{rel}","templated":true}]}}