{"id":6840,"date":"2025-09-24T07:02:25","date_gmt":"2025-09-24T07:02:25","guid":{"rendered":"https:\/\/mesopo.erindu.com\/?page_id=6840"},"modified":"2025-10-06T08:05:10","modified_gmt":"2025-10-06T08:05:10","slug":"katma-degerli-danismanlik","status":"publish","type":"page","link":"https:\/\/mesopo.net\/tr\/katma-degerli-danismanlik\/","title":{"rendered":"Katma De\u011ferli Dan\u0131\u015fmanl\u0131k"},"content":{"rendered":"\t\t<div data-elementor-type=\"wp-page\" data-elementor-id=\"6840\" class=\"elementor elementor-6840\">\n\t\t\t\t<div class=\"elementor-element elementor-element-352725d e-flex e-con-boxed e-con e-parent\" data-id=\"352725d\" data-element_type=\"container\" data-settings=\"{&quot;background_background&quot;:&quot;classic&quot;}\">\n\t\t\t\t\t<div class=\"e-con-inner\">\n\t\t<div class=\"elementor-element elementor-element-d3a1010 e-con-full e-flex e-con e-child\" data-id=\"d3a1010\" data-element_type=\"container\">\n\t\t\t\t<div class=\"elementor-element elementor-element-acf1f07 elementor-widget elementor-widget-text-editor\" data-id=\"acf1f07\" data-element_type=\"widget\" data-widget_type=\"text-editor.default\">\n\t\t\t\t\t\t\t\t\t<p data-start=\"33\" data-end=\"313\">Katma de\u011ferli dan\u0131\u015fmanl\u0131k, standart ERP kurulumunun \u00f6tesine ge\u00e7erek sisteminizin i\u015fletme performans\u0131 \u00fczerindeki etkisini maksimize etmeye odaklan\u0131r. Bu, sadece yaz\u0131l\u0131m kurmakla ilgili de\u011fil \u2014 teknolojiyi vizyonunuz ve uzun vadeli hedeflerinizle uyumlu hale getirmekle ilgilidir.<\/p><p data-start=\"315\" data-end=\"558\">Derinlemesine analiz ile operasyonlar\u0131n\u0131zdaki bo\u015fluklar\u0131, verimsizlikleri ve f\u0131rsatlar\u0131 belirleriz. Ard\u0131ndan, i\u015f ak\u0131\u015flar\u0131n\u0131 iyile\u015ftiren, maliyetleri d\u00fc\u015f\u00fcren ve eyleme d\u00f6n\u00fc\u015ft\u00fcr\u00fclebilir bilgilerle karar vermeyi g\u00fc\u00e7lendiren \u00e7\u00f6z\u00fcmler tasarlar\u0131z.<\/p><p data-start=\"560\" data-end=\"796\">Sekt\u00f6rler aras\u0131 uzmanl\u0131\u011f\u0131m\u0131z sayesinde ERP sisteminiz, alan\u0131n\u0131za \u00f6zg\u00fc zorluklara g\u00f6re \u00f6zelle\u015ftirilir. B\u00f6ylece yaln\u0131zca i\u015fleyen bir sistem de\u011fil, ayn\u0131 zamanda b\u00fcy\u00fcmeyi ve rekabet\u00e7ili\u011fi aktif olarak destekleyen bir \u00e7\u00f6z\u00fcm elde edersiniz.<\/p><p data-start=\"798\" data-end=\"1020\">Yakla\u015f\u0131m\u0131m\u0131z ayn\u0131 zamanda yenilik\u00e7ilik ve uyarlanabilirli\u011fi vurgular. En son ara\u00e7lar\u0131, entegrasyonlar\u0131 ve en iyi uygulamalar\u0131 kullanman\u0131za yard\u0131mc\u0131 olarak ERP \u00e7\u00f6z\u00fcm\u00fcn\u00fcz\u00fcn i\u015finiz ve pazarla birlikte evrimle\u015fmesini sa\u011flar.<\/p><p data-start=\"1022\" data-end=\"1241\" data-is-last-node=\"\" data-is-only-node=\"\">Sonu\u00e7 olarak, katma de\u011ferli dan\u0131\u015fmanl\u0131k, ERP\u2019yi sadece bir y\u00f6netim arac\u0131 olmaktan \u00e7\u0131kar\u0131p stratejik bir varl\u0131\u011fa d\u00f6n\u00fc\u015ft\u00fcr\u00fcr \u2014 s\u00fcrd\u00fcr\u00fclebilir b\u00fcy\u00fcmeyi, dayan\u0131kl\u0131l\u0131\u011f\u0131 ve kal\u0131c\u0131 ba\u015far\u0131y\u0131 destekleyen bir ara\u00e7 haline getirir.<\/p>\t\t\t\t\t\t\t\t<\/div>\n\t\t\t\t<\/div>\n\t\t\t\t\t<\/div>\n\t\t\t\t<\/div>\n\t\t\t\t<\/div>\n\t\t","protected":false},"excerpt":{"rendered":"<p>Katma de\u011ferli dan\u0131\u015fmanl\u0131k, standart ERP kurulumunun \u00f6tesine ge\u00e7erek sisteminizin i\u015fletme performans\u0131 \u00fczerindeki etkisini maksimize etmeye odaklan\u0131r. Bu, sadece yaz\u0131l\u0131m kurmakla ilgili de\u011fil \u2014 teknolojiyi vizyonunuz ve uzun vadeli hedeflerinizle uyumlu hale getirmekle ilgilidir. Derinlemesine analiz ile operasyonlar\u0131n\u0131zdaki bo\u015fluklar\u0131, verimsizlikleri ve f\u0131rsatlar\u0131 belirleriz. Ard\u0131ndan, i\u015f ak\u0131\u015flar\u0131n\u0131 iyile\u015ftiren, maliyetleri d\u00fc\u015f\u00fcren ve eyleme d\u00f6n\u00fc\u015ft\u00fcr\u00fclebilir bilgilerle karar vermeyi g\u00fc\u00e7lendiren [&hellip;]<\/p>\n","protected":false},"author":2,"featured_media":0,"parent":0,"menu_order":0,"comment_status":"closed","ping_status":"closed","template":"","meta":{"footnotes":""},"class_list":["post-6840","page","type-page","status-publish","hentry"],"_hostinger_reach_plugin_has_subscription_block":false,"_hostinger_reach_plugin_is_elementor":false,"_links":{"self":[{"href":"https:\/\/mesopo.net\/tr\/wp-json\/wp\/v2\/pages\/6840","targetHints":{"allow":["GET"]}}],"collection":[{"href":"https:\/\/mesopo.net\/tr\/wp-json\/wp\/v2\/pages"}],"about":[{"href":"https:\/\/mesopo.net\/tr\/wp-json\/wp\/v2\/types\/page"}],"author":[{"embeddable":true,"href":"https:\/\/mesopo.net\/tr\/wp-json\/wp\/v2\/users\/2"}],"replies":[{"embeddable":true,"href":"https:\/\/mesopo.net\/tr\/wp-json\/wp\/v2\/comments?post=6840"}],"version-history":[{"count":8,"href":"https:\/\/mesopo.net\/tr\/wp-json\/wp\/v2\/pages\/6840\/revisions"}],"predecessor-version":[{"id":7465,"href":"https:\/\/mesopo.net\/tr\/wp-json\/wp\/v2\/pages\/6840\/revisions\/7465"}],"wp:attachment":[{"href":"https:\/\/mesopo.net\/tr\/wp-json\/wp\/v2\/media?parent=6840"}],"curies":[{"name":"wp","href":"https:\/\/api.w.org\/{rel}","templated":true}]}}