{"id":6835,"date":"2025-09-24T07:01:27","date_gmt":"2025-09-24T07:01:27","guid":{"rendered":"https:\/\/mesopo.erindu.com\/?page_id=6835"},"modified":"2025-10-06T08:03:22","modified_gmt":"2025-10-06T08:03:22","slug":"egitim-destek-ve-satis-sonrasi-hizmetler","status":"publish","type":"page","link":"https:\/\/mesopo.net\/tr\/egitim-destek-ve-satis-sonrasi-hizmetler\/","title":{"rendered":"E\u011fitim, Destek ve Sat\u0131\u015f Sonras\u0131 Hizmetler"},"content":{"rendered":"\t\t<div data-elementor-type=\"wp-page\" data-elementor-id=\"6835\" class=\"elementor elementor-6835\">\n\t\t\t\t<div class=\"elementor-element elementor-element-352725d e-flex e-con-boxed e-con e-parent\" data-id=\"352725d\" data-element_type=\"container\" data-settings=\"{&quot;background_background&quot;:&quot;classic&quot;}\">\n\t\t\t\t\t<div class=\"e-con-inner\">\n\t\t<div class=\"elementor-element elementor-element-d3a1010 e-con-full e-flex e-con e-child\" data-id=\"d3a1010\" data-element_type=\"container\">\n\t\t\t\t<div class=\"elementor-element elementor-element-acf1f07 elementor-widget elementor-widget-text-editor\" data-id=\"acf1f07\" data-element_type=\"widget\" data-widget_type=\"text-editor.default\">\n\t\t\t\t\t\t\t\t\t<p data-start=\"49\" data-end=\"318\">E\u011fitim, destek ve sat\u0131\u015f sonras\u0131 hizmetler, ekibinizin ERP sisteminizi tam anlam\u0131yla kullanabilmesini ve operasyonlar\u0131n sorunsuz devam etmesini sa\u011flar. Kurulum yaln\u0131zca ilk ad\u0131md\u0131r \u2014 s\u00fcrekli rehberlik ve g\u00fcvenilir destek, uzun vadeli ba\u015far\u0131 i\u00e7in kritik \u00f6neme sahiptir.<\/p><p data-start=\"320\" data-end=\"531\">Profesyonel e\u011fitim ile \u00e7al\u0131\u015fanlar\u0131n\u0131z sistemi etkin bir \u015fekilde kullanmak i\u00e7in gerekli beceri ve \u00f6zg\u00fcvene sahip olur. Bu, hatalar\u0131 azalt\u0131r, sistemi benimsemeyi art\u0131r\u0131r ve yat\u0131r\u0131m\u0131n\u0131z\u0131n de\u011ferini maksimize eder.<\/p><p data-start=\"533\" data-end=\"784\">\u00d6zel destek, teknik sorunlar\u0131n veya zorluklar\u0131n h\u0131zla \u00e7\u00f6z\u00fclmesini garanti eder, kesinti s\u00fcresini en aza indirir ve i\u015f operasyonlar\u0131n\u0131n kesintisiz devam etmesini sa\u011flar. Ekibimiz, spesifik altyap\u0131n\u0131za uygun \u00e7\u00f6z\u00fcmler sunmak i\u00e7in sizinle yak\u0131n \u00e7al\u0131\u015f\u0131r.<\/p><p data-start=\"786\" data-end=\"1005\">Sat\u0131\u015f sonras\u0131 hizmetler, s\u00fcrekli g\u00fcncellemeler, performans izleme ve de\u011fi\u015fen i\u015f ihtiya\u00e7lar\u0131na g\u00f6re iyile\u015ftirmeler sunarak ek de\u011fer katar. Bu proaktif yakla\u015f\u0131m, ERP sisteminizin \u015firketinizle birlikte b\u00fcy\u00fcmesini sa\u011flar.<\/p><p data-start=\"1007\" data-end=\"1192\" data-is-last-node=\"\" data-is-only-node=\"\">Sonu\u00e7 olarak, e\u011fitim, destek ve sat\u0131\u015f sonras\u0131 hizmetler, ekibinizi g\u00fc\u00e7lendirir, sistem performans\u0131n\u0131 g\u00fcvence alt\u0131na al\u0131r ve sorunsuz, g\u00fcvenilir ve gelece\u011fe haz\u0131r bir ERP deneyimi sunar.<\/p>\t\t\t\t\t\t\t\t<\/div>\n\t\t\t\t<\/div>\n\t\t\t\t\t<\/div>\n\t\t\t\t<\/div>\n\t\t\t\t<\/div>\n\t\t","protected":false},"excerpt":{"rendered":"<p>E\u011fitim, destek ve sat\u0131\u015f sonras\u0131 hizmetler, ekibinizin ERP sisteminizi tam anlam\u0131yla kullanabilmesini ve operasyonlar\u0131n sorunsuz devam etmesini sa\u011flar. Kurulum yaln\u0131zca ilk ad\u0131md\u0131r \u2014 s\u00fcrekli rehberlik ve g\u00fcvenilir destek, uzun vadeli ba\u015far\u0131 i\u00e7in kritik \u00f6neme sahiptir. Profesyonel e\u011fitim ile \u00e7al\u0131\u015fanlar\u0131n\u0131z sistemi etkin bir \u015fekilde kullanmak i\u00e7in gerekli beceri ve \u00f6zg\u00fcvene sahip olur. Bu, hatalar\u0131 azalt\u0131r, sistemi [&hellip;]<\/p>\n","protected":false},"author":2,"featured_media":0,"parent":0,"menu_order":0,"comment_status":"closed","ping_status":"closed","template":"","meta":{"footnotes":""},"class_list":["post-6835","page","type-page","status-publish","hentry"],"_hostinger_reach_plugin_has_subscription_block":false,"_hostinger_reach_plugin_is_elementor":false,"_links":{"self":[{"href":"https:\/\/mesopo.net\/tr\/wp-json\/wp\/v2\/pages\/6835","targetHints":{"allow":["GET"]}}],"collection":[{"href":"https:\/\/mesopo.net\/tr\/wp-json\/wp\/v2\/pages"}],"about":[{"href":"https:\/\/mesopo.net\/tr\/wp-json\/wp\/v2\/types\/page"}],"author":[{"embeddable":true,"href":"https:\/\/mesopo.net\/tr\/wp-json\/wp\/v2\/users\/2"}],"replies":[{"embeddable":true,"href":"https:\/\/mesopo.net\/tr\/wp-json\/wp\/v2\/comments?post=6835"}],"version-history":[{"count":8,"href":"https:\/\/mesopo.net\/tr\/wp-json\/wp\/v2\/pages\/6835\/revisions"}],"predecessor-version":[{"id":7461,"href":"https:\/\/mesopo.net\/tr\/wp-json\/wp\/v2\/pages\/6835\/revisions\/7461"}],"wp:attachment":[{"href":"https:\/\/mesopo.net\/tr\/wp-json\/wp\/v2\/media?parent=6835"}],"curies":[{"name":"wp","href":"https:\/\/api.w.org\/{rel}","templated":true}]}}