{"id":6830,"date":"2025-09-24T07:00:33","date_gmt":"2025-09-24T07:00:33","guid":{"rendered":"https:\/\/mesopo.erindu.com\/?page_id=6830"},"modified":"2025-10-06T08:12:01","modified_gmt":"2025-10-06T08:12:01","slug":"web-ve-e-ticaret-entegrasyonu","status":"publish","type":"page","link":"https:\/\/mesopo.net\/tr\/web-ve-e-ticaret-entegrasyonu\/","title":{"rendered":"Web ve E-Ticaret Entegrasyonu"},"content":{"rendered":"\t\t<div data-elementor-type=\"wp-page\" data-elementor-id=\"6830\" class=\"elementor elementor-6830\">\n\t\t\t\t<div class=\"elementor-element elementor-element-352725d e-flex e-con-boxed e-con e-parent\" data-id=\"352725d\" data-element_type=\"container\" data-settings=\"{&quot;background_background&quot;:&quot;classic&quot;}\">\n\t\t\t\t\t<div class=\"e-con-inner\">\n\t\t<div class=\"elementor-element elementor-element-d3a1010 e-con-full e-flex e-con e-child\" data-id=\"d3a1010\" data-element_type=\"container\">\n\t\t\t\t<div class=\"elementor-element elementor-element-acf1f07 elementor-widget elementor-widget-text-editor\" data-id=\"acf1f07\" data-element_type=\"widget\" data-widget_type=\"text-editor.default\">\n\t\t\t\t\t\t\t\t\t<article class=\"text-token-text-primary w-full focus:outline-none scroll-mt-[calc(var(--header-height)+min(200px,max(70px,20svh)))]\" dir=\"auto\" tabindex=\"-1\" data-turn-id=\"f9d29386-d102-4460-bc5f-2b3a888fe954\" data-testid=\"conversation-turn-430\" data-scroll-anchor=\"true\" data-turn=\"assistant\"><div class=\"text-base my-auto mx-auto pb-10 [--thread-content-margin:--spacing(4)] thread-sm:[--thread-content-margin:--spacing(6)] thread-lg:[--thread-content-margin:--spacing(16)] px-(--thread-content-margin)\"><div class=\"[--thread-content-max-width:40rem] thread-lg:[--thread-content-max-width:48rem] mx-auto max-w-(--thread-content-max-width) flex-1 group\/turn-messages focus-visible:outline-hidden relative flex w-full min-w-0 flex-col agent-turn\" tabindex=\"-1\"><div class=\"flex max-w-full flex-col grow\"><div class=\"min-h-8 text-message relative flex w-full flex-col items-end gap-2 text-start break-words whitespace-normal [.text-message+&amp;]:mt-5\" dir=\"auto\" data-message-author-role=\"assistant\" data-message-id=\"f9d29386-d102-4460-bc5f-2b3a888fe954\" data-message-model-slug=\"gpt-5-mini\"><div class=\"flex w-full flex-col gap-1 empty:hidden first:pt-[1px]\"><div class=\"markdown prose dark:prose-invert w-full break-words dark markdown-new-styling\"><p data-start=\"37\" data-end=\"307\">Web ve e-ticaret entegrasyonu, \u00e7evrimi\u00e7i ma\u011fazan\u0131z\u0131 ERP sisteminizle ba\u011flayarak sat\u0131\u015f, stok, finans ve m\u00fc\u015fteri y\u00f6netimi aras\u0131nda kesintisiz bir veri ak\u0131\u015f\u0131 sa\u011flar. Bu, manuel s\u00fcre\u00e7leri ortadan kald\u0131r\u0131r ve t\u00fcm platformlarda do\u011fru ve g\u00fcncel bilgilerin korunmas\u0131n\u0131 sa\u011flar.<\/p><p data-start=\"309\" data-end=\"580\">Tam entegre bir sistemle, \u00fcr\u00fcn kataloglar\u0131, fiyatland\u0131rma, sipari\u015fler ve stok seviyeleri an\u0131nda senkronize edilir. Bu, sadece verimlili\u011fi art\u0131rmakla kalmaz, ayn\u0131 zamanda h\u0131zl\u0131 g\u00fcncellemeler, sorunsuz i\u015flemler ve g\u00fcvenilir stok durumu ile m\u00fc\u015fteri deneyimini iyile\u015ftirir.<\/p><p data-start=\"582\" data-end=\"815\">Entegrasyon, \u00e7evrimi\u00e7i sat\u0131\u015f verilerini genel i\u015f performans\u0131yla birle\u015ftirerek daha iyi i\u00e7g\u00f6r\u00fcler sa\u011flar. \u015eirketler, m\u00fc\u015fteri davran\u0131\u015flar\u0131n\u0131 takip edebilir, trendleri izleyebilir ve b\u00fcy\u00fcmeyi destekleyen veri odakl\u0131 kararlar alabilir.<\/p><p data-start=\"817\" data-end=\"998\">\u00d6l\u00e7eklenebilirlik bir di\u011fer avantajd\u0131r \u2014 i\u015finiz b\u00fcy\u00fcd\u00fck\u00e7e, entegre sistem daha y\u00fcksek sat\u0131\u015f hacimlerini, ek ma\u011fazalar\u0131 veya yeni pazaryerlerini kesintisiz bir \u015fekilde y\u00f6netebilir.<\/p><p data-start=\"1000\" data-end=\"1193\" data-is-last-node=\"\" data-is-only-node=\"\">Sonu\u00e7 olarak, web ve e-ticaret entegrasyonu, i\u015fletmelerin operasyonlar\u0131n\u0131 birle\u015ftirmelerini, hatalar\u0131 azaltmalar\u0131n\u0131 ve m\u00fc\u015fteriye tutarl\u0131, g\u00fcvenilir ve etkileyici bir deneyim sunmalar\u0131n\u0131 sa\u011flar.<\/p><\/div><\/div><\/div><\/div><\/div><\/div><\/article>\t\t\t\t\t\t\t\t<\/div>\n\t\t\t\t<\/div>\n\t\t\t\t\t<\/div>\n\t\t\t\t<\/div>\n\t\t\t\t<\/div>\n\t\t","protected":false},"excerpt":{"rendered":"<p>Web ve e-ticaret entegrasyonu, \u00e7evrimi\u00e7i ma\u011fazan\u0131z\u0131 ERP sisteminizle ba\u011flayarak sat\u0131\u015f, stok, finans ve m\u00fc\u015fteri y\u00f6netimi aras\u0131nda kesintisiz bir veri ak\u0131\u015f\u0131 sa\u011flar. Bu, manuel s\u00fcre\u00e7leri ortadan kald\u0131r\u0131r ve t\u00fcm platformlarda do\u011fru ve g\u00fcncel bilgilerin korunmas\u0131n\u0131 sa\u011flar. Tam entegre bir sistemle, \u00fcr\u00fcn kataloglar\u0131, fiyatland\u0131rma, sipari\u015fler ve stok seviyeleri an\u0131nda senkronize edilir. Bu, sadece verimlili\u011fi art\u0131rmakla kalmaz, ayn\u0131 [&hellip;]<\/p>\n","protected":false},"author":2,"featured_media":0,"parent":0,"menu_order":0,"comment_status":"closed","ping_status":"closed","template":"","meta":{"footnotes":""},"class_list":["post-6830","page","type-page","status-publish","hentry"],"_hostinger_reach_plugin_has_subscription_block":false,"_hostinger_reach_plugin_is_elementor":false,"_links":{"self":[{"href":"https:\/\/mesopo.net\/tr\/wp-json\/wp\/v2\/pages\/6830","targetHints":{"allow":["GET"]}}],"collection":[{"href":"https:\/\/mesopo.net\/tr\/wp-json\/wp\/v2\/pages"}],"about":[{"href":"https:\/\/mesopo.net\/tr\/wp-json\/wp\/v2\/types\/page"}],"author":[{"embeddable":true,"href":"https:\/\/mesopo.net\/tr\/wp-json\/wp\/v2\/users\/2"}],"replies":[{"embeddable":true,"href":"https:\/\/mesopo.net\/tr\/wp-json\/wp\/v2\/comments?post=6830"}],"version-history":[{"count":8,"href":"https:\/\/mesopo.net\/tr\/wp-json\/wp\/v2\/pages\/6830\/revisions"}],"predecessor-version":[{"id":7481,"href":"https:\/\/mesopo.net\/tr\/wp-json\/wp\/v2\/pages\/6830\/revisions\/7481"}],"wp:attachment":[{"href":"https:\/\/mesopo.net\/tr\/wp-json\/wp\/v2\/media?parent=6830"}],"curies":[{"name":"wp","href":"https:\/\/api.w.org\/{rel}","templated":true}]}}