{"id":6825,"date":"2025-09-24T06:59:12","date_gmt":"2025-09-24T06:59:12","guid":{"rendered":"https:\/\/mesopo.erindu.com\/?page_id=6825"},"modified":"2025-10-06T07:43:46","modified_gmt":"2025-10-06T07:43:46","slug":"sektore-ozel-erp-cozumleri","status":"publish","type":"page","link":"https:\/\/mesopo.net\/tr\/sektore-ozel-erp-cozumleri\/","title":{"rendered":"Sekt\u00f6re \u00d6zel ERP \u00c7\u00f6z\u00fcmleri"},"content":{"rendered":"\t\t<div data-elementor-type=\"wp-page\" data-elementor-id=\"6825\" class=\"elementor elementor-6825\">\n\t\t\t\t<div class=\"elementor-element elementor-element-352725d e-flex e-con-boxed e-con e-parent\" data-id=\"352725d\" data-element_type=\"container\" data-settings=\"{&quot;background_background&quot;:&quot;classic&quot;}\">\n\t\t\t\t\t<div class=\"e-con-inner\">\n\t\t<div class=\"elementor-element elementor-element-d3a1010 e-con-full e-flex e-con e-child\" data-id=\"d3a1010\" data-element_type=\"container\">\n\t\t\t\t<div class=\"elementor-element elementor-element-acf1f07 elementor-widget elementor-widget-text-editor\" data-id=\"acf1f07\" data-element_type=\"widget\" data-widget_type=\"text-editor.default\">\n\t\t\t\t\t\t\t\t\t<p data-start=\"68\" data-end=\"364\">Sekt\u00f6re \u00f6zel ERP \u00e7\u00f6z\u00fcmleri, farkl\u0131 sekt\u00f6rlerin benzersiz ihtiya\u00e7lar\u0131n\u0131 kar\u015f\u0131layacak \u015fekilde tasarlanm\u0131\u015ft\u0131r ve i\u015fletmelerin maksimum verimlilik ve do\u011frulukla \u00e7al\u0131\u015fmas\u0131n\u0131 sa\u011flar. Genel sistemlerin aksine, bu \u00e7\u00f6z\u00fcmler her sekt\u00f6re \u00f6zg\u00fc zorluklar ve f\u0131rsatlar g\u00f6z \u00f6n\u00fcnde bulundurularak geli\u015ftirilir.<\/p><p data-start=\"366\" data-end=\"620\">\u00dcretim, perakende, sa\u011fl\u0131k, lojistik veya finans gibi her sekt\u00f6r farkl\u0131 yakla\u015f\u0131mlar gerektirir. \u00d6zel ERP mod\u00fclleri sayesinde \u015firketler g\u00fcnl\u00fck operasyonlar\u0131n\u0131, uyumluluk gerekliliklerini ve m\u00fc\u015fteri beklentilerini do\u011frudan destekleyen ara\u00e7lara sahip olur.<\/p><p data-start=\"622\" data-end=\"914\">Sekt\u00f6re \u00f6zel ERP sistemlerinin uyarlanmas\u0131, ger\u00e7ek d\u00fcnya s\u00fcre\u00e7leriyle daha iyi hizalanmay\u0131 sa\u011flar; b\u00f6ylece kapsaml\u0131 de\u011fi\u015fikliklere gerek kalmadan h\u0131zl\u0131 sonu\u00e7lar elde edilir. Bu yakla\u015f\u0131m, verimlili\u011fi art\u0131r\u0131r ve \u015firketlerin sekt\u00f6r \u00f6zelindeki trend ve taleplerin \u00f6n\u00fcnde olmas\u0131na yard\u0131mc\u0131 olur.<\/p><p data-start=\"916\" data-end=\"1118\">\u00d6l\u00e7eklenebilirlik temel bir avantajd\u0131r \u2014 sekt\u00f6re \u00f6zel ERP, d\u00fczenlemeler de\u011fi\u015ftik\u00e7e, pazar ko\u015fullar\u0131 kayd\u0131k\u00e7a veya operasyonlar geni\u015fledik\u00e7e i\u015fletmelere uzun vadeli esneklik ve b\u00fcy\u00fcme f\u0131rsatlar\u0131 sunar.<\/p><p data-start=\"1120\" data-end=\"1289\" data-is-last-node=\"\" data-is-only-node=\"\">Sonu\u00e7 olarak, sekt\u00f6re \u00f6zel ERP \u00e7\u00f6z\u00fcmleri, i\u015fletmelerin daha ak\u0131ll\u0131 \u00e7al\u0131\u015fmas\u0131n\u0131, operasyonel karma\u015f\u0131kl\u0131\u011f\u0131 azaltmas\u0131n\u0131 ve sekt\u00f6rde \u00f6l\u00e7\u00fclebilir ba\u015far\u0131 elde etmesini sa\u011flar.<\/p>\t\t\t\t\t\t\t\t<\/div>\n\t\t\t\t<\/div>\n\t\t\t\t\t<\/div>\n\t\t\t\t<\/div>\n\t\t\t\t<\/div>\n\t\t","protected":false},"excerpt":{"rendered":"<p>Sekt\u00f6re \u00f6zel ERP \u00e7\u00f6z\u00fcmleri, farkl\u0131 sekt\u00f6rlerin benzersiz ihtiya\u00e7lar\u0131n\u0131 kar\u015f\u0131layacak \u015fekilde tasarlanm\u0131\u015ft\u0131r ve i\u015fletmelerin maksimum verimlilik ve do\u011frulukla \u00e7al\u0131\u015fmas\u0131n\u0131 sa\u011flar. Genel sistemlerin aksine, bu \u00e7\u00f6z\u00fcmler her sekt\u00f6re \u00f6zg\u00fc zorluklar ve f\u0131rsatlar g\u00f6z \u00f6n\u00fcnde bulundurularak geli\u015ftirilir. \u00dcretim, perakende, sa\u011fl\u0131k, lojistik veya finans gibi her sekt\u00f6r farkl\u0131 yakla\u015f\u0131mlar gerektirir. \u00d6zel ERP mod\u00fclleri sayesinde \u015firketler g\u00fcnl\u00fck operasyonlar\u0131n\u0131, uyumluluk gerekliliklerini [&hellip;]<\/p>\n","protected":false},"author":2,"featured_media":0,"parent":0,"menu_order":0,"comment_status":"closed","ping_status":"closed","template":"","meta":{"footnotes":""},"class_list":["post-6825","page","type-page","status-publish","hentry"],"_hostinger_reach_plugin_has_subscription_block":false,"_hostinger_reach_plugin_is_elementor":false,"_links":{"self":[{"href":"https:\/\/mesopo.net\/tr\/wp-json\/wp\/v2\/pages\/6825","targetHints":{"allow":["GET"]}}],"collection":[{"href":"https:\/\/mesopo.net\/tr\/wp-json\/wp\/v2\/pages"}],"about":[{"href":"https:\/\/mesopo.net\/tr\/wp-json\/wp\/v2\/types\/page"}],"author":[{"embeddable":true,"href":"https:\/\/mesopo.net\/tr\/wp-json\/wp\/v2\/users\/2"}],"replies":[{"embeddable":true,"href":"https:\/\/mesopo.net\/tr\/wp-json\/wp\/v2\/comments?post=6825"}],"version-history":[{"count":8,"href":"https:\/\/mesopo.net\/tr\/wp-json\/wp\/v2\/pages\/6825\/revisions"}],"predecessor-version":[{"id":7416,"href":"https:\/\/mesopo.net\/tr\/wp-json\/wp\/v2\/pages\/6825\/revisions\/7416"}],"wp:attachment":[{"href":"https:\/\/mesopo.net\/tr\/wp-json\/wp\/v2\/media?parent=6825"}],"curies":[{"name":"wp","href":"https:\/\/api.w.org\/{rel}","templated":true}]}}