{"id":6820,"date":"2025-09-24T06:57:59","date_gmt":"2025-09-24T06:57:59","guid":{"rendered":"https:\/\/mesopo.erindu.com\/?page_id=6820"},"modified":"2025-10-06T07:34:14","modified_gmt":"2025-10-06T07:34:14","slug":"ozellestirme-ve-gelistirme","status":"publish","type":"page","link":"https:\/\/mesopo.net\/tr\/ozellestirme-ve-gelistirme\/","title":{"rendered":"\u00d6zelle\u015ftirme ve Geli\u015ftirme"},"content":{"rendered":"\t\t<div data-elementor-type=\"wp-page\" data-elementor-id=\"6820\" class=\"elementor elementor-6820\">\n\t\t\t\t<div class=\"elementor-element elementor-element-352725d e-flex e-con-boxed e-con e-parent\" data-id=\"352725d\" data-element_type=\"container\" data-settings=\"{&quot;background_background&quot;:&quot;classic&quot;}\">\n\t\t\t\t\t<div class=\"e-con-inner\">\n\t\t<div class=\"elementor-element elementor-element-d3a1010 e-con-full e-flex e-con e-child\" data-id=\"d3a1010\" data-element_type=\"container\">\n\t\t\t\t<div class=\"elementor-element elementor-element-acf1f07 elementor-widget elementor-widget-text-editor\" data-id=\"acf1f07\" data-element_type=\"widget\" data-widget_type=\"text-editor.default\">\n\t\t\t\t\t\t\t\t\t<p data-start=\"34\" data-end=\"356\">\u00d6zelle\u015ftirme ve geli\u015ftirme hizmetleri, dijital sistemlerinizin i\u015fletmenizin benzersiz ihtiya\u00e7lar\u0131na tam olarak uyum sa\u011flamas\u0131n\u0131 garanti eder. Haz\u0131r \u00e7\u00f6z\u00fcmler genellikle belirli i\u015f ak\u0131\u015flar\u0131n\u0131 kar\u015f\u0131lamakta yetersiz kal\u0131r; ancak \u00f6zel geli\u015ftirme ile yaln\u0131zca sizin organizasyonunuza \u00f6zel ara\u00e7lar ve \u00f6zellikler elde edersiniz.<\/p><p data-start=\"358\" data-end=\"585\">Mevcut platformlar\u0131 de\u011fi\u015ftirmekten s\u0131f\u0131rdan \u00f6zel uygulamalar olu\u015fturmaya kadar, \u00f6zelle\u015ftirme esneklik ve hassasiyet sunar. Bu yakla\u015f\u0131m, teknolojinizin i\u015fletme operasyonlar\u0131n\u0131z\u0131 ve b\u00fcy\u00fcmenizi desteklemesini sa\u011flar, s\u0131n\u0131rlamaz.<\/p><p data-start=\"587\" data-end=\"877\">Geli\u015ftirme s\u00fcrecimizde \u00f6l\u00e7eklenebilirlik ve verimlilik \u00f6n plandad\u0131r. \u0130ster mevcut sistemler i\u00e7in iyile\u015ftirmeler, ister tamamen yeni \u00e7\u00f6z\u00fcmler gerekiyorsa, gelecekteki geni\u015flemeyi g\u00f6z \u00f6n\u00fcnde bulundurarak tasar\u0131m yap\u0131yoruz. B\u00f6ylece i\u015fletmeniz, de\u011fi\u015fen taleplere kesintisiz uyum sa\u011flayabilir.<\/p><p data-start=\"879\" data-end=\"1095\">Kullan\u0131c\u0131 deneyimi, \u00f6zelle\u015ftirme \u00e7al\u0131\u015fmalar\u0131m\u0131z\u0131n merkezindedir. Her \u00e7\u00f6z\u00fcm, sezgisel, g\u00fcvenilir ve ekibinizin i\u015f ak\u0131\u015flar\u0131yla uyumlu olacak \u015fekilde tasarlan\u0131r; bu da daha h\u0131zl\u0131 benimseme ve y\u00fcksek verimlilik sa\u011flar.<\/p><p data-start=\"1097\" data-end=\"1301\" data-is-last-node=\"\" data-is-only-node=\"\">Sonu\u00e7 olarak, \u00f6zelle\u015ftirme ve geli\u015ftirme, i\u015fletmenize ger\u00e7ekten uyum sa\u011flayan teknolojiyi sunarak operasyonlar\u0131n\u0131z\u0131 optimize etmenize, rekabet\u00e7i kalman\u0131za ve uzun vadeli ba\u015far\u0131ya ula\u015fman\u0131za yard\u0131mc\u0131 olur.<\/p>\t\t\t\t\t\t\t\t<\/div>\n\t\t\t\t<\/div>\n\t\t\t\t\t<\/div>\n\t\t\t\t<\/div>\n\t\t\t\t<\/div>\n\t\t","protected":false},"excerpt":{"rendered":"<p>\u00d6zelle\u015ftirme ve geli\u015ftirme hizmetleri, dijital sistemlerinizin i\u015fletmenizin benzersiz ihtiya\u00e7lar\u0131na tam olarak uyum sa\u011flamas\u0131n\u0131 garanti eder. Haz\u0131r \u00e7\u00f6z\u00fcmler genellikle belirli i\u015f ak\u0131\u015flar\u0131n\u0131 kar\u015f\u0131lamakta yetersiz kal\u0131r; ancak \u00f6zel geli\u015ftirme ile yaln\u0131zca sizin organizasyonunuza \u00f6zel ara\u00e7lar ve \u00f6zellikler elde edersiniz. Mevcut platformlar\u0131 de\u011fi\u015ftirmekten s\u0131f\u0131rdan \u00f6zel uygulamalar olu\u015fturmaya kadar, \u00f6zelle\u015ftirme esneklik ve hassasiyet sunar. Bu yakla\u015f\u0131m, teknolojinizin i\u015fletme operasyonlar\u0131n\u0131z\u0131 [&hellip;]<\/p>\n","protected":false},"author":2,"featured_media":0,"parent":0,"menu_order":0,"comment_status":"closed","ping_status":"closed","template":"","meta":{"footnotes":""},"class_list":["post-6820","page","type-page","status-publish","hentry"],"_hostinger_reach_plugin_has_subscription_block":false,"_hostinger_reach_plugin_is_elementor":false,"_links":{"self":[{"href":"https:\/\/mesopo.net\/tr\/wp-json\/wp\/v2\/pages\/6820","targetHints":{"allow":["GET"]}}],"collection":[{"href":"https:\/\/mesopo.net\/tr\/wp-json\/wp\/v2\/pages"}],"about":[{"href":"https:\/\/mesopo.net\/tr\/wp-json\/wp\/v2\/types\/page"}],"author":[{"embeddable":true,"href":"https:\/\/mesopo.net\/tr\/wp-json\/wp\/v2\/users\/2"}],"replies":[{"embeddable":true,"href":"https:\/\/mesopo.net\/tr\/wp-json\/wp\/v2\/comments?post=6820"}],"version-history":[{"count":8,"href":"https:\/\/mesopo.net\/tr\/wp-json\/wp\/v2\/pages\/6820\/revisions"}],"predecessor-version":[{"id":7389,"href":"https:\/\/mesopo.net\/tr\/wp-json\/wp\/v2\/pages\/6820\/revisions\/7389"}],"wp:attachment":[{"href":"https:\/\/mesopo.net\/tr\/wp-json\/wp\/v2\/media?parent=6820"}],"curies":[{"name":"wp","href":"https:\/\/api.w.org\/{rel}","templated":true}]}}