{"id":6815,"date":"2025-09-24T07:13:15","date_gmt":"2025-09-24T07:13:15","guid":{"rendered":"https:\/\/mesopo.erindu.com\/?page_id=6815"},"modified":"2025-10-06T07:52:27","modified_gmt":"2025-10-06T07:52:27","slug":"ucretli-reklamlar","status":"publish","type":"page","link":"https:\/\/mesopo.net\/tr\/ucretli-reklamlar\/","title":{"rendered":"\u00dccretli Reklamlar"},"content":{"rendered":"\t\t<div data-elementor-type=\"wp-page\" data-elementor-id=\"6815\" class=\"elementor elementor-6815\">\n\t\t\t\t<div class=\"elementor-element elementor-element-352725d e-flex e-con-boxed e-con e-parent\" data-id=\"352725d\" data-element_type=\"container\" data-settings=\"{&quot;background_background&quot;:&quot;classic&quot;}\">\n\t\t\t\t\t<div class=\"e-con-inner\">\n\t\t<div class=\"elementor-element elementor-element-d3a1010 e-con-full e-flex e-con e-child\" data-id=\"d3a1010\" data-element_type=\"container\">\n\t\t\t\t<div class=\"elementor-element elementor-element-acf1f07 elementor-widget elementor-widget-text-editor\" data-id=\"acf1f07\" data-element_type=\"widget\" data-widget_type=\"text-editor.default\">\n\t\t\t\t\t\t\t\t\t<p data-start=\"25\" data-end=\"314\">\u00dccretli reklamlar, hedef kitlenize h\u0131zl\u0131 ve etkili bir \u015fekilde ula\u015fman\u0131n stratejik bir yoludur. \u0130yi planlanm\u0131\u015f reklam kampanyalar\u0131na yat\u0131r\u0131m yaparak, i\u015fletmeniz g\u00f6r\u00fcn\u00fcrl\u00fc\u011f\u00fcn\u00fc art\u0131rabilir, potansiyel m\u00fc\u015fterilere ula\u015fabilir ve \u00e7e\u015fitli dijital kanallarda \u00f6l\u00e7\u00fclebilir sonu\u00e7lar elde edebilir.<\/p><p data-start=\"316\" data-end=\"618\">Bu reklamlar y\u00fcksek derecede \u00f6zelle\u015ftirilebilir; hedef kitlenizi belirleyebilir, b\u00fct\u00e7enizi ayarlayabilir ve pazarlama hedeflerinize en uygun formatlar\u0131 se\u00e7ebilirsiniz. Arama motorlar\u0131ndan sosyal medya platformlar\u0131na kadar, \u00fccretli reklamlar mesaj\u0131n\u0131z\u0131n do\u011fru zamanda do\u011fru ki\u015filere ula\u015fmas\u0131n\u0131 sa\u011flar.<\/p><p data-start=\"620\" data-end=\"859\">Performans takibi ve analiz, \u00fccretli kampanyalar\u0131n en \u00f6nemli avantajlar\u0131ndan biridir. G\u00f6sterimler, t\u0131klamalar ve d\u00f6n\u00fc\u015f\u00fcmleri izleyerek, reklamlar\u0131n\u0131z\u0131 ger\u00e7ek zamanl\u0131 olarak optimize edebilir ve yat\u0131r\u0131m getirinizi maksimize edebilirsiniz.<\/p><p data-start=\"861\" data-end=\"1099\">\u00d6l\u00e7eklenebilirlik, \u00fccretli reklamlar\u0131n her b\u00fcy\u00fckl\u00fckteki i\u015fletmeye uygun olmas\u0131n\u0131 sa\u011flar. K\u00fc\u00e7\u00fck hedefli kampanyalardan \u00e7ok platformlu b\u00fcy\u00fck giri\u015fimlere kadar, reklam stratejiniz i\u015fletmeniz b\u00fcy\u00fcd\u00fck\u00e7e sorunsuz bir \u015fekilde geni\u015fletilebilir.<\/p><p data-start=\"1101\" data-end=\"1318\" data-is-last-node=\"\" data-is-only-node=\"\">Sonu\u00e7 olarak, \u00fccretli reklamlar yaln\u0131zca tan\u0131t\u0131m ara\u00e7lar\u0131 de\u011fildir \u2014 b\u00fcy\u00fcmeyi h\u0131zland\u0131ran, marka bilinirli\u011fini art\u0131ran ve veri odakl\u0131, sonu\u00e7 temelli stratejilerle m\u00fc\u015fteri ba\u011flant\u0131s\u0131 kurmay\u0131 sa\u011flayan g\u00fc\u00e7l\u00fc bir ara\u00e7t\u0131r.<\/p>\t\t\t\t\t\t\t\t<\/div>\n\t\t\t\t<\/div>\n\t\t\t\t\t<\/div>\n\t\t\t\t<\/div>\n\t\t\t\t<\/div>\n\t\t","protected":false},"excerpt":{"rendered":"<p>\u00dccretli reklamlar, hedef kitlenize h\u0131zl\u0131 ve etkili bir \u015fekilde ula\u015fman\u0131n stratejik bir yoludur. \u0130yi planlanm\u0131\u015f reklam kampanyalar\u0131na yat\u0131r\u0131m yaparak, i\u015fletmeniz g\u00f6r\u00fcn\u00fcrl\u00fc\u011f\u00fcn\u00fc art\u0131rabilir, potansiyel m\u00fc\u015fterilere ula\u015fabilir ve \u00e7e\u015fitli dijital kanallarda \u00f6l\u00e7\u00fclebilir sonu\u00e7lar elde edebilir. Bu reklamlar y\u00fcksek derecede \u00f6zelle\u015ftirilebilir; hedef kitlenizi belirleyebilir, b\u00fct\u00e7enizi ayarlayabilir ve pazarlama hedeflerinize en uygun formatlar\u0131 se\u00e7ebilirsiniz. Arama motorlar\u0131ndan sosyal medya platformlar\u0131na [&hellip;]<\/p>\n","protected":false},"author":2,"featured_media":0,"parent":0,"menu_order":0,"comment_status":"closed","ping_status":"closed","template":"","meta":{"footnotes":""},"class_list":["post-6815","page","type-page","status-publish","hentry"],"_hostinger_reach_plugin_has_subscription_block":false,"_hostinger_reach_plugin_is_elementor":false,"_links":{"self":[{"href":"https:\/\/mesopo.net\/tr\/wp-json\/wp\/v2\/pages\/6815","targetHints":{"allow":["GET"]}}],"collection":[{"href":"https:\/\/mesopo.net\/tr\/wp-json\/wp\/v2\/pages"}],"about":[{"href":"https:\/\/mesopo.net\/tr\/wp-json\/wp\/v2\/types\/page"}],"author":[{"embeddable":true,"href":"https:\/\/mesopo.net\/tr\/wp-json\/wp\/v2\/users\/2"}],"replies":[{"embeddable":true,"href":"https:\/\/mesopo.net\/tr\/wp-json\/wp\/v2\/comments?post=6815"}],"version-history":[{"count":5,"href":"https:\/\/mesopo.net\/tr\/wp-json\/wp\/v2\/pages\/6815\/revisions"}],"predecessor-version":[{"id":7436,"href":"https:\/\/mesopo.net\/tr\/wp-json\/wp\/v2\/pages\/6815\/revisions\/7436"}],"wp:attachment":[{"href":"https:\/\/mesopo.net\/tr\/wp-json\/wp\/v2\/media?parent=6815"}],"curies":[{"name":"wp","href":"https:\/\/api.w.org\/{rel}","templated":true}]}}