{"id":6810,"date":"2025-09-23T22:25:18","date_gmt":"2025-09-23T22:25:18","guid":{"rendered":"https:\/\/mesopo.erindu.com\/?page_id=6810"},"modified":"2025-10-06T07:23:23","modified_gmt":"2025-10-06T07:23:23","slug":"marka-isimlendirme","status":"publish","type":"page","link":"https:\/\/mesopo.net\/tr\/marka-isimlendirme\/","title":{"rendered":"Marka \u0130simlendirme"},"content":{"rendered":"\t\t<div data-elementor-type=\"wp-page\" data-elementor-id=\"6810\" class=\"elementor elementor-6810\">\n\t\t\t\t<div class=\"elementor-element elementor-element-352725d e-flex e-con-boxed e-con e-parent\" data-id=\"352725d\" data-element_type=\"container\" data-settings=\"{&quot;background_background&quot;:&quot;classic&quot;}\">\n\t\t\t\t\t<div class=\"e-con-inner\">\n\t\t<div class=\"elementor-element elementor-element-d3a1010 e-con-full e-flex e-con e-child\" data-id=\"d3a1010\" data-element_type=\"container\">\n\t\t\t\t<div class=\"elementor-element elementor-element-acf1f07 elementor-widget elementor-widget-text-editor\" data-id=\"acf1f07\" data-element_type=\"widget\" data-widget_type=\"text-editor.default\">\n\t\t\t\t\t\t\t\t\t<p data-start=\"26\" data-end=\"285\">Marka isimlendirme, i\u015fletmenizin \u00f6z\u00fcn\u00fc, de\u011ferlerini ve ki\u015fili\u011fini yans\u0131tan \u00f6zg\u00fcn ve ak\u0131lda kal\u0131c\u0131 bir isim olu\u015fturma stratejik s\u00fcrecidir. G\u00fc\u00e7l\u00fc bir marka ad\u0131, tan\u0131n\u0131rl\u0131\u011f\u0131 art\u0131r\u0131r, markan\u0131z\u0131n hik\u00e2yesini aktar\u0131r ve hedef kitlenizde kal\u0131c\u0131 bir izlenim b\u0131rak\u0131r.<\/p><p data-start=\"287\" data-end=\"558\">Her marka isimlendirme projesi, hedef pazar\u0131n\u0131z, sekt\u00f6r\u00fcn\u00fcz ve i\u015f hedeflerinizle uyumlu olacak \u015fekilde \u00f6zenle tasarlan\u0131r. Yarat\u0131c\u0131l\u0131k, dilsel analiz ve pazar ara\u015ft\u0131rmas\u0131n\u0131 birle\u015ftirerek, kolay hat\u0131rlanabilen, marka kimli\u011finizi rakiplerden ay\u0131ran isimler geli\u015ftiriyoruz.<\/p><p data-start=\"560\" data-end=\"787\">Etkili marka isimlendirmede netlik ve uygunluk kritik \u00f6neme sahiptir. Do\u011fru se\u00e7ilmi\u015f bir isim, mesaj\u0131n\u0131z\u0131 do\u011fru bi\u00e7imde iletir, marka konumland\u0131rman\u0131z\u0131 destekler ve t\u00fcm pazarlama ile ileti\u015fim \u00e7al\u0131\u015fmalar\u0131n\u0131z i\u00e7in ton belirler.<\/p><p data-start=\"789\" data-end=\"988\">\u00d6l\u00e7eklenebilirlik, marka ad\u0131n\u0131z\u0131n farkl\u0131 pazarlarda, platformlarda ve dillerde tutarl\u0131l\u0131k ve uyum sa\u011flayarak kullan\u0131labilmesini garanti eder; b\u00f6ylece i\u015fletmeniz b\u00fcy\u00fcd\u00fck\u00e7e marka ismi de b\u00fcy\u00fcyebilir.<\/p><p data-start=\"990\" data-end=\"1181\" data-is-last-node=\"\" data-is-only-node=\"\">Sonu\u00e7 olarak, marka isimlendirme yaln\u0131zca bir isim se\u00e7mek de\u011fil \u2014 marka kimli\u011finizi tan\u0131mlayan, pazar varl\u0131\u011f\u0131n\u0131z\u0131 g\u00fc\u00e7lendiren ve uzun vadeli ba\u015far\u0131 i\u00e7in temel olu\u015fturan stratejik bir ara\u00e7t\u0131r.<\/p>\t\t\t\t\t\t\t\t<\/div>\n\t\t\t\t<\/div>\n\t\t\t\t\t<\/div>\n\t\t\t\t<\/div>\n\t\t\t\t<\/div>\n\t\t","protected":false},"excerpt":{"rendered":"<p>Marka isimlendirme, i\u015fletmenizin \u00f6z\u00fcn\u00fc, de\u011ferlerini ve ki\u015fili\u011fini yans\u0131tan \u00f6zg\u00fcn ve ak\u0131lda kal\u0131c\u0131 bir isim olu\u015fturma stratejik s\u00fcrecidir. G\u00fc\u00e7l\u00fc bir marka ad\u0131, tan\u0131n\u0131rl\u0131\u011f\u0131 art\u0131r\u0131r, markan\u0131z\u0131n hik\u00e2yesini aktar\u0131r ve hedef kitlenizde kal\u0131c\u0131 bir izlenim b\u0131rak\u0131r. Her marka isimlendirme projesi, hedef pazar\u0131n\u0131z, sekt\u00f6r\u00fcn\u00fcz ve i\u015f hedeflerinizle uyumlu olacak \u015fekilde \u00f6zenle tasarlan\u0131r. Yarat\u0131c\u0131l\u0131k, dilsel analiz ve pazar ara\u015ft\u0131rmas\u0131n\u0131 birle\u015ftirerek, [&hellip;]<\/p>\n","protected":false},"author":2,"featured_media":0,"parent":0,"menu_order":0,"comment_status":"closed","ping_status":"closed","template":"","meta":{"footnotes":""},"class_list":["post-6810","page","type-page","status-publish","hentry"],"_hostinger_reach_plugin_has_subscription_block":false,"_hostinger_reach_plugin_is_elementor":false,"_links":{"self":[{"href":"https:\/\/mesopo.net\/tr\/wp-json\/wp\/v2\/pages\/6810","targetHints":{"allow":["GET"]}}],"collection":[{"href":"https:\/\/mesopo.net\/tr\/wp-json\/wp\/v2\/pages"}],"about":[{"href":"https:\/\/mesopo.net\/tr\/wp-json\/wp\/v2\/types\/page"}],"author":[{"embeddable":true,"href":"https:\/\/mesopo.net\/tr\/wp-json\/wp\/v2\/users\/2"}],"replies":[{"embeddable":true,"href":"https:\/\/mesopo.net\/tr\/wp-json\/wp\/v2\/comments?post=6810"}],"version-history":[{"count":8,"href":"https:\/\/mesopo.net\/tr\/wp-json\/wp\/v2\/pages\/6810\/revisions"}],"predecessor-version":[{"id":7371,"href":"https:\/\/mesopo.net\/tr\/wp-json\/wp\/v2\/pages\/6810\/revisions\/7371"}],"wp:attachment":[{"href":"https:\/\/mesopo.net\/tr\/wp-json\/wp\/v2\/media?parent=6810"}],"curies":[{"name":"wp","href":"https:\/\/api.w.org\/{rel}","templated":true}]}}