{"id":6805,"date":"2025-09-23T22:24:12","date_gmt":"2025-09-23T22:24:12","guid":{"rendered":"https:\/\/mesopo.erindu.com\/?page_id=6805"},"modified":"2025-10-06T07:20:34","modified_gmt":"2025-10-06T07:20:34","slug":"marka-kimligi","status":"publish","type":"page","link":"https:\/\/mesopo.net\/tr\/marka-kimligi\/","title":{"rendered":"Marka Kimli\u011fi"},"content":{"rendered":"\t\t<div data-elementor-type=\"wp-page\" data-elementor-id=\"6805\" class=\"elementor elementor-6805\">\n\t\t\t\t<div class=\"elementor-element elementor-element-352725d e-flex e-con-boxed e-con e-parent\" data-id=\"352725d\" data-element_type=\"container\" data-settings=\"{&quot;background_background&quot;:&quot;classic&quot;}\">\n\t\t\t\t\t<div class=\"e-con-inner\">\n\t\t<div class=\"elementor-element elementor-element-d3a1010 e-con-full e-flex e-con e-child\" data-id=\"d3a1010\" data-element_type=\"container\">\n\t\t\t\t<div class=\"elementor-element elementor-element-acf1f07 elementor-widget elementor-widget-text-editor\" data-id=\"acf1f07\" data-element_type=\"widget\" data-widget_type=\"text-editor.default\">\n\t\t\t\t\t\t\t\t\t<p data-start=\"21\" data-end=\"268\">Marka kimli\u011fi, i\u015fletmenizin hedef kitleniz taraf\u0131ndan nas\u0131l alg\u0131land\u0131\u011f\u0131n\u0131 tan\u0131mlayan g\u00f6rsel, s\u00f6zel ve deneyimsel unsurlar\u0131n benzersiz bir birle\u015fimidir. G\u00fc\u00e7l\u00fc bir marka kimli\u011fi, tan\u0131n\u0131rl\u0131k, g\u00fcven ve m\u00fc\u015fterilerle kal\u0131c\u0131 bir duygusal ba\u011f olu\u015fturur.<\/p><p data-start=\"270\" data-end=\"551\">Her marka kimli\u011fi projesi, \u015firketinizin de\u011ferlerini, misyonunu ve vizyonunu yans\u0131tacak \u015fekilde \u00f6zelle\u015ftirilir. Logolardan renk paletlerine, tipografiden mesaj diline ve g\u00f6rsellere kadar her unsur, b\u00fct\u00fcnsel ve ak\u0131lda kal\u0131c\u0131 bir marka varl\u0131\u011f\u0131 olu\u015fturmak i\u00e7in titizlikle tasarlan\u0131r.<\/p><p data-start=\"553\" data-end=\"809\">Tutarl\u0131l\u0131k ve netlik, etkili bir marka kimli\u011finin temelidir. Web siteleri, sosyal medya, pazarlama materyalleri ve \u00fcr\u00fcn ambalajlar\u0131 gibi t\u00fcm temas noktalar\u0131nda birli\u011fin korunmas\u0131, markan\u0131z\u0131n g\u00fcvenilir ve profesyonel bir \u015fekilde ileti\u015fim kurmas\u0131n\u0131 sa\u011flar.<\/p><p data-start=\"811\" data-end=\"1033\">\u00d6l\u00e7eklenebilirlik, marka kimli\u011finizin i\u015fletmenizle birlikte b\u00fcy\u00fcmesine olanak tan\u0131r. \u015eirketiniz geni\u015fledik\u00e7e, g\u00f6rsel ve s\u00f6zel \u00e7er\u00e7eveniz uyum i\u00e7inde geli\u015febilir ve markan\u0131z\u0131n b\u00fct\u00fcnl\u00fc\u011f\u00fcn\u00fc koruyarak tan\u0131n\u0131rl\u0131\u011f\u0131n\u0131 s\u00fcrd\u00fcr\u00fcr.<\/p><p data-start=\"1035\" data-end=\"1219\" data-is-last-node=\"\" data-is-only-node=\"\">Sonu\u00e7 olarak, marka kimli\u011fi sadece estetik bir unsur de\u011fil \u2014 m\u00fc\u015fteri sadakatini g\u00fc\u00e7lendiren, pazar konumunuzu y\u00fckselten ve uzun vadeli i\u015f b\u00fcy\u00fcmesini destekleyen stratejik bir de\u011ferdir.<\/p>\t\t\t\t\t\t\t\t<\/div>\n\t\t\t\t<\/div>\n\t\t\t\t\t<\/div>\n\t\t\t\t<\/div>\n\t\t\t\t<\/div>\n\t\t","protected":false},"excerpt":{"rendered":"<p>Marka kimli\u011fi, i\u015fletmenizin hedef kitleniz taraf\u0131ndan nas\u0131l alg\u0131land\u0131\u011f\u0131n\u0131 tan\u0131mlayan g\u00f6rsel, s\u00f6zel ve deneyimsel unsurlar\u0131n benzersiz bir birle\u015fimidir. G\u00fc\u00e7l\u00fc bir marka kimli\u011fi, tan\u0131n\u0131rl\u0131k, g\u00fcven ve m\u00fc\u015fterilerle kal\u0131c\u0131 bir duygusal ba\u011f olu\u015fturur. Her marka kimli\u011fi projesi, \u015firketinizin de\u011ferlerini, misyonunu ve vizyonunu yans\u0131tacak \u015fekilde \u00f6zelle\u015ftirilir. Logolardan renk paletlerine, tipografiden mesaj diline ve g\u00f6rsellere kadar her unsur, b\u00fct\u00fcnsel ve [&hellip;]<\/p>\n","protected":false},"author":2,"featured_media":0,"parent":0,"menu_order":0,"comment_status":"closed","ping_status":"closed","template":"","meta":{"footnotes":""},"class_list":["post-6805","page","type-page","status-publish","hentry"],"_hostinger_reach_plugin_has_subscription_block":false,"_hostinger_reach_plugin_is_elementor":false,"_links":{"self":[{"href":"https:\/\/mesopo.net\/tr\/wp-json\/wp\/v2\/pages\/6805","targetHints":{"allow":["GET"]}}],"collection":[{"href":"https:\/\/mesopo.net\/tr\/wp-json\/wp\/v2\/pages"}],"about":[{"href":"https:\/\/mesopo.net\/tr\/wp-json\/wp\/v2\/types\/page"}],"author":[{"embeddable":true,"href":"https:\/\/mesopo.net\/tr\/wp-json\/wp\/v2\/users\/2"}],"replies":[{"embeddable":true,"href":"https:\/\/mesopo.net\/tr\/wp-json\/wp\/v2\/comments?post=6805"}],"version-history":[{"count":8,"href":"https:\/\/mesopo.net\/tr\/wp-json\/wp\/v2\/pages\/6805\/revisions"}],"predecessor-version":[{"id":7366,"href":"https:\/\/mesopo.net\/tr\/wp-json\/wp\/v2\/pages\/6805\/revisions\/7366"}],"wp:attachment":[{"href":"https:\/\/mesopo.net\/tr\/wp-json\/wp\/v2\/media?parent=6805"}],"curies":[{"name":"wp","href":"https:\/\/api.w.org\/{rel}","templated":true}]}}