{"id":6800,"date":"2025-09-23T22:22:16","date_gmt":"2025-09-23T22:22:16","guid":{"rendered":"https:\/\/mesopo.erindu.com\/?page_id=6800"},"modified":"2025-10-06T07:55:29","modified_gmt":"2025-10-06T07:55:29","slug":"marka-yenileme","status":"publish","type":"page","link":"https:\/\/mesopo.net\/tr\/marka-yenileme\/","title":{"rendered":"Marka Yenileme"},"content":{"rendered":"\t\t<div data-elementor-type=\"wp-page\" data-elementor-id=\"6800\" class=\"elementor elementor-6800\">\n\t\t\t\t<div class=\"elementor-element elementor-element-352725d e-flex e-con-boxed e-con e-parent\" data-id=\"352725d\" data-element_type=\"container\" data-settings=\"{&quot;background_background&quot;:&quot;classic&quot;}\">\n\t\t\t\t\t<div class=\"e-con-inner\">\n\t\t<div class=\"elementor-element elementor-element-d3a1010 e-con-full e-flex e-con e-child\" data-id=\"d3a1010\" data-element_type=\"container\">\n\t\t\t\t<div class=\"elementor-element elementor-element-acf1f07 elementor-widget elementor-widget-text-editor\" data-id=\"acf1f07\" data-element_type=\"widget\" data-widget_type=\"text-editor.default\">\n\t\t\t\t\t\t\t\t\t<p data-start=\"35\" data-end=\"323\">Marka yenileme, \u015firketinizin imaj\u0131n\u0131 tazeleyen ve g\u00fc\u00e7lendiren stratejik bir s\u00fcre\u00e7tir; b\u00f6ylece markan\u0131z g\u00fcncel, rekabet\u00e7i ve de\u011fi\u015fen pazar trendlerine uyumlu kal\u0131r. Ba\u015far\u0131l\u0131 bir yeniden markala\u015fma, marka alg\u0131s\u0131n\u0131 g\u00fc\u00e7lendirir, b\u00fcy\u00fcmeyi yans\u0131t\u0131r ve hedef kitlenizle yeniden ba\u011flant\u0131 kurar.<\/p><p data-start=\"325\" data-end=\"616\">Her yeniden markala\u015fma projesi, i\u015fletmenizin evrimini, hedeflerini ve vizyonunu yans\u0131tacak \u015fekilde \u00f6zelle\u015ftirilir. Logo ve renk d\u00fczeni g\u00fcncellemelerinden, mesajla\u015fma ve g\u00f6rsel kimli\u011fin yeniden tan\u0131mlanmas\u0131na kadar, markan\u0131z\u0131n t\u00fcm temas noktalar\u0131nda tutarl\u0131 ve etkili bir ileti\u015fim sa\u011flan\u0131r.<\/p><p data-start=\"618\" data-end=\"846\">Etkili bir yeniden markala\u015fma i\u00e7in ara\u015ft\u0131rma ve analiz \u015fartt\u0131r. Hedef kitlenizi, rakiplerinizi ve pazar konumland\u0131rman\u0131z\u0131 anlamak, markan\u0131z\u0131 farkl\u0131la\u015ft\u0131racak ve maksimum etki sa\u011flayacak stratejiler olu\u015fturman\u0131za yard\u0131mc\u0131 olur.<\/p><p data-start=\"848\" data-end=\"1054\">\u00d6l\u00e7eklenebilirlik, yeniden markala\u015fman\u0131n farkl\u0131 platform ve materyallerde uygulanmas\u0131n\u0131 sa\u011flar; web siteleri, sosyal medya, bask\u0131 ve promosyon \u00fcr\u00fcnlerinde tutarl\u0131 ve tan\u0131nabilir bir marka varl\u0131\u011f\u0131 korunur.<\/p><p data-start=\"1056\" data-end=\"1242\" data-is-last-node=\"\" data-is-only-node=\"\">Sonu\u00e7 olarak, yeniden markala\u015fma sadece g\u00f6rsel bir g\u00fcncelleme de\u011fildir \u2014 markan\u0131z\u0131 stratejik olarak d\u00f6n\u00fc\u015ft\u00fcren, tan\u0131n\u0131rl\u0131\u011f\u0131 art\u0131ran ve uzun vadeli i\u015f b\u00fcy\u00fcmesini destekleyen bir s\u00fcre\u00e7tir.<\/p>\t\t\t\t\t\t\t\t<\/div>\n\t\t\t\t<\/div>\n\t\t\t\t\t<\/div>\n\t\t\t\t<\/div>\n\t\t\t\t<\/div>\n\t\t","protected":false},"excerpt":{"rendered":"<p>Marka yenileme, \u015firketinizin imaj\u0131n\u0131 tazeleyen ve g\u00fc\u00e7lendiren stratejik bir s\u00fcre\u00e7tir; b\u00f6ylece markan\u0131z g\u00fcncel, rekabet\u00e7i ve de\u011fi\u015fen pazar trendlerine uyumlu kal\u0131r. Ba\u015far\u0131l\u0131 bir yeniden markala\u015fma, marka alg\u0131s\u0131n\u0131 g\u00fc\u00e7lendirir, b\u00fcy\u00fcmeyi yans\u0131t\u0131r ve hedef kitlenizle yeniden ba\u011flant\u0131 kurar. Her yeniden markala\u015fma projesi, i\u015fletmenizin evrimini, hedeflerini ve vizyonunu yans\u0131tacak \u015fekilde \u00f6zelle\u015ftirilir. Logo ve renk d\u00fczeni g\u00fcncellemelerinden, mesajla\u015fma ve g\u00f6rsel [&hellip;]<\/p>\n","protected":false},"author":2,"featured_media":0,"parent":0,"menu_order":0,"comment_status":"closed","ping_status":"closed","template":"","meta":{"footnotes":""},"class_list":["post-6800","page","type-page","status-publish","hentry"],"_hostinger_reach_plugin_has_subscription_block":false,"_hostinger_reach_plugin_is_elementor":false,"_links":{"self":[{"href":"https:\/\/mesopo.net\/tr\/wp-json\/wp\/v2\/pages\/6800","targetHints":{"allow":["GET"]}}],"collection":[{"href":"https:\/\/mesopo.net\/tr\/wp-json\/wp\/v2\/pages"}],"about":[{"href":"https:\/\/mesopo.net\/tr\/wp-json\/wp\/v2\/types\/page"}],"author":[{"embeddable":true,"href":"https:\/\/mesopo.net\/tr\/wp-json\/wp\/v2\/users\/2"}],"replies":[{"embeddable":true,"href":"https:\/\/mesopo.net\/tr\/wp-json\/wp\/v2\/comments?post=6800"}],"version-history":[{"count":11,"href":"https:\/\/mesopo.net\/tr\/wp-json\/wp\/v2\/pages\/6800\/revisions"}],"predecessor-version":[{"id":7444,"href":"https:\/\/mesopo.net\/tr\/wp-json\/wp\/v2\/pages\/6800\/revisions\/7444"}],"wp:attachment":[{"href":"https:\/\/mesopo.net\/tr\/wp-json\/wp\/v2\/media?parent=6800"}],"curies":[{"name":"wp","href":"https:\/\/api.w.org\/{rel}","templated":true}]}}