{"id":6795,"date":"2025-09-23T22:20:42","date_gmt":"2025-09-23T22:20:42","guid":{"rendered":"https:\/\/mesopo.erindu.com\/?page_id=6795"},"modified":"2025-10-06T07:47:34","modified_gmt":"2025-10-06T07:47:34","slug":"logo-tasarimi","status":"publish","type":"page","link":"https:\/\/mesopo.net\/tr\/logo-tasarimi\/","title":{"rendered":"Logo Tasar\u0131m\u0131"},"content":{"rendered":"\t\t<div data-elementor-type=\"wp-page\" data-elementor-id=\"6795\" class=\"elementor elementor-6795\">\n\t\t\t\t<div class=\"elementor-element elementor-element-352725d e-flex e-con-boxed e-con e-parent\" data-id=\"352725d\" data-element_type=\"container\" data-settings=\"{&quot;background_background&quot;:&quot;classic&quot;}\">\n\t\t\t\t\t<div class=\"e-con-inner\">\n\t\t<div class=\"elementor-element elementor-element-d3a1010 e-con-full e-flex e-con e-child\" data-id=\"d3a1010\" data-element_type=\"container\">\n\t\t\t\t<div class=\"elementor-element elementor-element-acf1f07 elementor-widget elementor-widget-text-editor\" data-id=\"acf1f07\" data-element_type=\"widget\" data-widget_type=\"text-editor.default\">\n\t\t\t\t\t\t\t\t\t<p data-start=\"38\" data-end=\"309\">Logo tasar\u0131m\u0131, bir markan\u0131n kimli\u011fini g\u00f6rsel olarak temsil eden temel unsurlardan biridir. \u0130yi tasarlanm\u0131\u015f bir logo, marka de\u011ferlerini, ki\u015fili\u011fini ve vizyonunu tek bir sembolde \u00f6zetler; tan\u0131nabilirlik yarat\u0131r, profesyonellik g\u00f6sterir ve hedef kitle ile g\u00fcven in\u015fa eder.<\/p><p data-start=\"311\" data-end=\"576\">Her logo tasar\u0131m\u0131 projesi, markan\u0131n benzersiz \u00f6zelliklerini ve hedef pazar\u0131n\u0131 yans\u0131tacak \u015fekilde \u00f6zel olarak haz\u0131rlan\u0131r. Konsept geli\u015ftirme, eskizleme ve dijital tasar\u0131m a\u015famalar\u0131ndan ge\u00e7erek, logo t\u00fcm platformlarda kullan\u0131labilir ve ak\u0131lda kal\u0131c\u0131 hale getirilir.<\/p><p data-start=\"578\" data-end=\"768\">Yarat\u0131c\u0131l\u0131k ve hassasiyet, logo tasar\u0131m\u0131nda kritik \u00f6neme sahiptir. Tipografi, renk paleti ve g\u00f6rsel denge titizlikle ele al\u0131narak profesyonel ve tutarl\u0131 bir marka sembol\u00fc ortaya \u00e7\u0131kar\u0131l\u0131r.<\/p><p data-start=\"770\" data-end=\"927\">\u00d6l\u00e7eklenebilirlik ve uyarlanabilirlik, logonun web siteleri, sosyal medya, bas\u0131l\u0131 materyaller ve \u00fcr\u00fcnlerde net ve etkili bir \u015fekilde kullan\u0131lmas\u0131n\u0131 sa\u011flar.<\/p><p data-start=\"929\" data-end=\"1123\" data-is-last-node=\"\" data-is-only-node=\"\">Sonu\u00e7 olarak, logo tasar\u0131m\u0131 yaln\u0131zca bir sembol olu\u015fturmak de\u011fil; marka kimli\u011fini g\u00fc\u00e7lendiren, tan\u0131nabilirli\u011fi art\u0131ran ve i\u015fletmenin g\u00f6rsel ileti\u015fiminin temelini olu\u015fturan stratejik bir ara\u00e7t\u0131r.<\/p>\t\t\t\t\t\t\t\t<\/div>\n\t\t\t\t<\/div>\n\t\t\t\t\t<\/div>\n\t\t\t\t<\/div>\n\t\t\t\t<\/div>\n\t\t","protected":false},"excerpt":{"rendered":"<p>Logo tasar\u0131m\u0131, bir markan\u0131n kimli\u011fini g\u00f6rsel olarak temsil eden temel unsurlardan biridir. \u0130yi tasarlanm\u0131\u015f bir logo, marka de\u011ferlerini, ki\u015fili\u011fini ve vizyonunu tek bir sembolde \u00f6zetler; tan\u0131nabilirlik yarat\u0131r, profesyonellik g\u00f6sterir ve hedef kitle ile g\u00fcven in\u015fa eder. Her logo tasar\u0131m\u0131 projesi, markan\u0131n benzersiz \u00f6zelliklerini ve hedef pazar\u0131n\u0131 yans\u0131tacak \u015fekilde \u00f6zel olarak haz\u0131rlan\u0131r. Konsept geli\u015ftirme, eskizleme ve [&hellip;]<\/p>\n","protected":false},"author":2,"featured_media":0,"parent":0,"menu_order":0,"comment_status":"closed","ping_status":"closed","template":"","meta":{"footnotes":""},"class_list":["post-6795","page","type-page","status-publish","hentry"],"_hostinger_reach_plugin_has_subscription_block":false,"_hostinger_reach_plugin_is_elementor":false,"_links":{"self":[{"href":"https:\/\/mesopo.net\/tr\/wp-json\/wp\/v2\/pages\/6795","targetHints":{"allow":["GET"]}}],"collection":[{"href":"https:\/\/mesopo.net\/tr\/wp-json\/wp\/v2\/pages"}],"about":[{"href":"https:\/\/mesopo.net\/tr\/wp-json\/wp\/v2\/types\/page"}],"author":[{"embeddable":true,"href":"https:\/\/mesopo.net\/tr\/wp-json\/wp\/v2\/users\/2"}],"replies":[{"embeddable":true,"href":"https:\/\/mesopo.net\/tr\/wp-json\/wp\/v2\/comments?post=6795"}],"version-history":[{"count":11,"href":"https:\/\/mesopo.net\/tr\/wp-json\/wp\/v2\/pages\/6795\/revisions"}],"predecessor-version":[{"id":7424,"href":"https:\/\/mesopo.net\/tr\/wp-json\/wp\/v2\/pages\/6795\/revisions\/7424"}],"wp:attachment":[{"href":"https:\/\/mesopo.net\/tr\/wp-json\/wp\/v2\/media?parent=6795"}],"curies":[{"name":"wp","href":"https:\/\/api.w.org\/{rel}","templated":true}]}}