{"id":6790,"date":"2025-09-23T22:19:15","date_gmt":"2025-09-23T22:19:15","guid":{"rendered":"https:\/\/mesopo.erindu.com\/?page_id=6790"},"modified":"2026-01-22T13:10:46","modified_gmt":"2026-01-22T13:10:46","slug":"2d-animasyon","status":"publish","type":"page","link":"https:\/\/mesopo.net\/tr\/2d-animasyon\/","title":{"rendered":"2D Animasyon"},"content":{"rendered":"\t\t<div data-elementor-type=\"wp-page\" data-elementor-id=\"6790\" class=\"elementor elementor-6790\">\n\t\t\t\t<div class=\"elementor-element elementor-element-352725d e-flex e-con-boxed e-con e-parent\" data-id=\"352725d\" data-element_type=\"container\" data-settings=\"{&quot;background_background&quot;:&quot;classic&quot;}\">\n\t\t\t\t\t<div class=\"e-con-inner\">\n\t\t<div class=\"elementor-element elementor-element-d3a1010 e-con-full e-flex e-con e-child\" data-id=\"d3a1010\" data-element_type=\"container\">\n\t\t\t\t<div class=\"elementor-element elementor-element-acf1f07 elementor-widget elementor-widget-text-editor\" data-id=\"acf1f07\" data-element_type=\"widget\" data-widget_type=\"text-editor.default\">\n\t\t\t\t\t\t\t\t\t<p>2D animasyon, markan\u0131z\u0131n hikayesini g\u00f6rsel olarak etkileyici ve dinamik ill\u00fcstrasyonlarla hayata ge\u00e7irmenin yarat\u0131c\u0131 bir yoludur. Tasar\u0131m, hareket ve hikaye anlat\u0131m\u0131n\u0131 birle\u015ftirerek i\u015fletmelerin karma\u015f\u0131k fikirleri basitle\u015ftirmesine, dikkat \u00e7ekmesine ve izleyicilerine unutulmaz deneyimler sunmas\u0131na olanak tan\u0131r.<\/p><p>Her animasyon projesi, markan\u0131z\u0131n kimli\u011fi ve pazarlama hedefleriyle uyumlu olacak \u015fekilde \u00f6zel olarak haz\u0131rlan\u0131r. Tan\u0131t\u0131m videolar\u0131ndan a\u00e7\u0131klay\u0131c\u0131 kliplere, sosyal medya i\u00e7eriklerinden reklamlara kadar her proje, mesaj\u0131n\u0131z\u0131 net ve etkili bir \u015fekilde iletecek bi\u00e7imde tasarlan\u0131r.<\/p><p>2D animasyonda hassasiyet ve yarat\u0131c\u0131l\u0131k \u00f6n plandad\u0131r. D\u00fc\u015f\u00fcn\u00fclm\u00fc\u015f karakter tasar\u0131mlar\u0131, ak\u0131c\u0131 hareketler ve g\u00f6rsel tutarl\u0131l\u0131k, izleyici etkile\u015fimini art\u0131ran profesyonel bir g\u00f6r\u00fcn\u00fcm sa\u011flar.<\/p><p>\u00d6l\u00e7eklenebilirlik sayesinde 2D animasyonlar; web siteleri, sosyal medya, reklamlar ve sunumlar dahil olmak \u00fczere bir\u00e7ok platformda y\u00fcksek kalite ve marka tutarl\u0131l\u0131\u011f\u0131 korunarak kullan\u0131labilir.<\/p><p>Sonu\u00e7 olarak, 2D animasyon yaln\u0131zca g\u00f6rsel bir i\u00e7erik de\u011fildir \u2014 markan\u0131z\u0131n hikayesini g\u00fc\u00e7lendiren, izleyicilerinizi b\u00fcy\u00fcleyen ve \u00f6l\u00e7\u00fclebilir pazarlama sonu\u00e7lar\u0131 sa\u011flayan stratejik bir ara\u00e7t\u0131r.<\/p>\t\t\t\t\t\t\t\t<\/div>\n\t\t\t\t<\/div>\n\t\t\t\t\t<\/div>\n\t\t\t\t<\/div>\n\t\t\t\t<\/div>\n\t\t","protected":false},"excerpt":{"rendered":"<p>2D animasyon, markan\u0131z\u0131n hikayesini g\u00f6rsel olarak etkileyici ve dinamik ill\u00fcstrasyonlarla hayata ge\u00e7irmenin yarat\u0131c\u0131 bir yoludur. Tasar\u0131m, hareket ve hikaye anlat\u0131m\u0131n\u0131 birle\u015ftirerek i\u015fletmelerin karma\u015f\u0131k fikirleri basitle\u015ftirmesine, dikkat \u00e7ekmesine ve izleyicilerine unutulmaz deneyimler sunmas\u0131na olanak tan\u0131r. Her animasyon projesi, markan\u0131z\u0131n kimli\u011fi ve pazarlama hedefleriyle uyumlu olacak \u015fekilde \u00f6zel olarak haz\u0131rlan\u0131r. Tan\u0131t\u0131m videolar\u0131ndan a\u00e7\u0131klay\u0131c\u0131 kliplere, sosyal medya i\u00e7eriklerinden [&hellip;]<\/p>\n","protected":false},"author":2,"featured_media":7143,"parent":0,"menu_order":0,"comment_status":"closed","ping_status":"closed","template":"","meta":{"footnotes":""},"class_list":["post-6790","page","type-page","status-publish","has-post-thumbnail","hentry"],"_hostinger_reach_plugin_has_subscription_block":false,"_hostinger_reach_plugin_is_elementor":false,"_links":{"self":[{"href":"https:\/\/mesopo.net\/tr\/wp-json\/wp\/v2\/pages\/6790","targetHints":{"allow":["GET"]}}],"collection":[{"href":"https:\/\/mesopo.net\/tr\/wp-json\/wp\/v2\/pages"}],"about":[{"href":"https:\/\/mesopo.net\/tr\/wp-json\/wp\/v2\/types\/page"}],"author":[{"embeddable":true,"href":"https:\/\/mesopo.net\/tr\/wp-json\/wp\/v2\/users\/2"}],"replies":[{"embeddable":true,"href":"https:\/\/mesopo.net\/tr\/wp-json\/wp\/v2\/comments?post=6790"}],"version-history":[{"count":14,"href":"https:\/\/mesopo.net\/tr\/wp-json\/wp\/v2\/pages\/6790\/revisions"}],"predecessor-version":[{"id":7357,"href":"https:\/\/mesopo.net\/tr\/wp-json\/wp\/v2\/pages\/6790\/revisions\/7357"}],"wp:featuredmedia":[{"embeddable":true,"href":"https:\/\/mesopo.net\/tr\/wp-json\/wp\/v2\/media\/7143"}],"wp:attachment":[{"href":"https:\/\/mesopo.net\/tr\/wp-json\/wp\/v2\/media?parent=6790"}],"curies":[{"name":"wp","href":"https:\/\/api.w.org\/{rel}","templated":true}]}}