{"id":6784,"date":"2025-09-23T22:12:02","date_gmt":"2025-09-23T22:12:02","guid":{"rendered":"https:\/\/mesopo.erindu.com\/?page_id=6784"},"modified":"2025-10-06T08:08:07","modified_gmt":"2025-10-06T08:08:07","slug":"video-duzenleme","status":"publish","type":"page","link":"https:\/\/mesopo.net\/tr\/video-duzenleme\/","title":{"rendered":"Video D\u00fczenleme"},"content":{"rendered":"\t\t<div data-elementor-type=\"wp-page\" data-elementor-id=\"6784\" class=\"elementor elementor-6784\">\n\t\t\t\t<div class=\"elementor-element elementor-element-352725d e-flex e-con-boxed e-con e-parent\" data-id=\"352725d\" data-element_type=\"container\" data-settings=\"{&quot;background_background&quot;:&quot;classic&quot;}\">\n\t\t\t\t\t<div class=\"e-con-inner\">\n\t\t<div class=\"elementor-element elementor-element-d3a1010 e-con-full e-flex e-con e-child\" data-id=\"d3a1010\" data-element_type=\"container\">\n\t\t\t\t<div class=\"elementor-element elementor-element-acf1f07 elementor-widget elementor-widget-text-editor\" data-id=\"acf1f07\" data-element_type=\"widget\" data-widget_type=\"text-editor.default\">\n\t\t\t\t\t\t\t\t\t<p data-start=\"23\" data-end=\"329\">Video d\u00fczenleme, ham g\u00f6r\u00fcnt\u00fcleri markan\u0131z\u0131n mesaj\u0131n\u0131 etkili bir \u015fekilde ileten, dikkat \u00e7ekici ve profesyonel i\u00e7eriklere d\u00f6n\u00fc\u015ft\u00fcrmek i\u00e7in kritik bir s\u00fcre\u00e7tir. G\u00f6rseller, ses ve hareketleri birle\u015ftirerek, izleyicilerin ilgisini \u00e7ekebilir, duygular\u0131 harekete ge\u00e7irebilir ve kal\u0131c\u0131 bir etki b\u0131rakabilirsiniz.<\/p><p data-start=\"331\" data-end=\"607\">Her d\u00fczenleme projesi, pazarlama hedefleriniz ve marka kimli\u011finiz do\u011frultusunda \u00f6zelle\u015ftirilir. Tan\u0131t\u0131m videolar\u0131, \u00f6\u011fretici i\u00e7erikler, sosyal medya klipleri veya kurumsal sunumlar i\u00e7in, izleyiciyle rezonans kuran ve i\u015fletme hedeflerinizi destekleyen i\u00e7erikler olu\u015fturuyoruz.<\/p><p data-start=\"609\" data-end=\"830\">Hassasiyet ve yarat\u0131c\u0131l\u0131k, video d\u00fczenlemenin temel ta\u015flar\u0131d\u0131r. D\u00fc\u015f\u00fcn\u00fclm\u00fc\u015f s\u0131ralama, ge\u00e7i\u015fler, renk d\u00fczenlemeleri ve ses tasar\u0131m\u0131, profesyonel bir sonu\u00e7 sa\u011flayarak hikaye anlat\u0131m\u0131n\u0131 ve izleyici etkile\u015fimini g\u00fc\u00e7lendirir.<\/p><p data-start=\"832\" data-end=\"1006\">\u00d6l\u00e7eklenebilirlik sayesinde, video i\u00e7erikleri web siteleri, sosyal medya ve reklamlar gibi farkl\u0131 platformlar i\u00e7in optimize edilebilir; kalite ve marka tutarl\u0131l\u0131\u011f\u0131 korunur.<\/p><p data-start=\"1008\" data-end=\"1249\" data-is-last-node=\"\" data-is-only-node=\"\">Sonu\u00e7 olarak, video d\u00fczenleme yaln\u0131zca klipleri bir araya getirmek de\u011fildir \u2014 pazarlama \u00e7abalar\u0131n\u0131 g\u00fc\u00e7lendiren, marka ileti\u015fimini peki\u015ftiren ve unutulmaz deneyimler yaratarak \u00f6l\u00e7\u00fclebilir sonu\u00e7lar elde etmenizi sa\u011flayan stratejik bir ara\u00e7t\u0131r.<\/p>\t\t\t\t\t\t\t\t<\/div>\n\t\t\t\t<\/div>\n\t\t\t\t\t<\/div>\n\t\t\t\t<\/div>\n\t\t\t\t<\/div>\n\t\t","protected":false},"excerpt":{"rendered":"<p>Video d\u00fczenleme, ham g\u00f6r\u00fcnt\u00fcleri markan\u0131z\u0131n mesaj\u0131n\u0131 etkili bir \u015fekilde ileten, dikkat \u00e7ekici ve profesyonel i\u00e7eriklere d\u00f6n\u00fc\u015ft\u00fcrmek i\u00e7in kritik bir s\u00fcre\u00e7tir. G\u00f6rseller, ses ve hareketleri birle\u015ftirerek, izleyicilerin ilgisini \u00e7ekebilir, duygular\u0131 harekete ge\u00e7irebilir ve kal\u0131c\u0131 bir etki b\u0131rakabilirsiniz. Her d\u00fczenleme projesi, pazarlama hedefleriniz ve marka kimli\u011finiz do\u011frultusunda \u00f6zelle\u015ftirilir. Tan\u0131t\u0131m videolar\u0131, \u00f6\u011fretici i\u00e7erikler, sosyal medya klipleri veya kurumsal [&hellip;]<\/p>\n","protected":false},"author":2,"featured_media":0,"parent":0,"menu_order":0,"comment_status":"closed","ping_status":"closed","template":"","meta":{"footnotes":""},"class_list":["post-6784","page","type-page","status-publish","hentry"],"_hostinger_reach_plugin_has_subscription_block":false,"_hostinger_reach_plugin_is_elementor":false,"_links":{"self":[{"href":"https:\/\/mesopo.net\/tr\/wp-json\/wp\/v2\/pages\/6784","targetHints":{"allow":["GET"]}}],"collection":[{"href":"https:\/\/mesopo.net\/tr\/wp-json\/wp\/v2\/pages"}],"about":[{"href":"https:\/\/mesopo.net\/tr\/wp-json\/wp\/v2\/types\/page"}],"author":[{"embeddable":true,"href":"https:\/\/mesopo.net\/tr\/wp-json\/wp\/v2\/users\/2"}],"replies":[{"embeddable":true,"href":"https:\/\/mesopo.net\/tr\/wp-json\/wp\/v2\/comments?post=6784"}],"version-history":[{"count":11,"href":"https:\/\/mesopo.net\/tr\/wp-json\/wp\/v2\/pages\/6784\/revisions"}],"predecessor-version":[{"id":7473,"href":"https:\/\/mesopo.net\/tr\/wp-json\/wp\/v2\/pages\/6784\/revisions\/7473"}],"wp:attachment":[{"href":"https:\/\/mesopo.net\/tr\/wp-json\/wp\/v2\/media?parent=6784"}],"curies":[{"name":"wp","href":"https:\/\/api.w.org\/{rel}","templated":true}]}}