{"id":6779,"date":"2025-09-23T22:09:38","date_gmt":"2025-09-23T22:09:38","guid":{"rendered":"https:\/\/mesopo.erindu.com\/?page_id=6779"},"modified":"2025-10-06T07:49:05","modified_gmt":"2025-10-06T07:49:05","slug":"hareketli-grafikler","status":"publish","type":"page","link":"https:\/\/mesopo.net\/tr\/hareketli-grafikler\/","title":{"rendered":"Hareketli Grafikler"},"content":{"rendered":"\t\t<div data-elementor-type=\"wp-page\" data-elementor-id=\"6779\" class=\"elementor elementor-6779\">\n\t\t\t\t<div class=\"elementor-element elementor-element-352725d e-flex e-con-boxed e-con e-parent\" data-id=\"352725d\" data-element_type=\"container\" data-settings=\"{&quot;background_background&quot;:&quot;classic&quot;}\">\n\t\t\t\t\t<div class=\"e-con-inner\">\n\t\t<div class=\"elementor-element elementor-element-d3a1010 e-con-full e-flex e-con e-child\" data-id=\"d3a1010\" data-element_type=\"container\">\n\t\t\t\t<div class=\"elementor-element elementor-element-acf1f07 elementor-widget elementor-widget-text-editor\" data-id=\"acf1f07\" data-element_type=\"widget\" data-widget_type=\"text-editor.default\">\n\t\t\t\t\t\t\t\t\t<p data-start=\"45\" data-end=\"309\">Hareketli grafikler, markan\u0131z\u0131n hikayesini g\u00f6rsel olarak canland\u0131rman\u0131n dinamik bir yoludur. Tasar\u0131m, tipografi ve animasyonu birle\u015ftirerek, i\u015fletmeler karma\u015f\u0131k fikirleri net bir \u015fekilde aktarabilir, dikkat \u00e7ekebilir ve izleyicide unutulmaz bir etki b\u0131rakabilir.<\/p><p data-start=\"311\" data-end=\"566\">Her hareketli grafik projesi, marka kimli\u011finiz ve pazarlama hedefleriniz do\u011frultusunda \u00f6zelle\u015ftirilir. Tan\u0131t\u0131m videolar\u0131, a\u00e7\u0131klay\u0131c\u0131 klipler ve sosyal medya i\u00e7eriklerinden, mesaj\u0131n\u0131z\u0131 etkili bir \u015fekilde ileten g\u00f6rsel a\u00e7\u0131dan \u00e7ekici animasyonlar \u00fcretiriz.<\/p><p data-start=\"568\" data-end=\"771\">Ba\u015far\u0131 i\u00e7in performans ve izleyici etkile\u015fimi \u00f6nemlidir. \u0130yi haz\u0131rlanm\u0131\u015f animasyonlar, izleyici ba\u011fl\u0131l\u0131\u011f\u0131n\u0131 art\u0131r\u0131r, etkile\u015fimi te\u015fvik eder ve i\u015fletme hedeflerinizi destekleyen aksiyonlar\u0131 y\u00f6nlendirir.<\/p><p data-start=\"773\" data-end=\"965\">\u00d6l\u00e7eklenebilirlik, hareketli grafiklerin web siteleri, sosyal medya, sunumlar ve reklamlar dahil olmak \u00fczere farkl\u0131 platformlarda y\u00fcksek kalite ve marka tutarl\u0131l\u0131\u011f\u0131yla kullan\u0131lmas\u0131n\u0131 sa\u011flar.<\/p><p data-start=\"967\" data-end=\"1156\" data-is-last-node=\"\" data-is-only-node=\"\">Sonu\u00e7 olarak, hareketli grafikler yaln\u0131zca animasyon de\u011fil; marka hikayenizi g\u00fc\u00e7lendiren, ileti\u015fimi geli\u015ftiren ve \u00f6l\u00e7\u00fclebilir pazarlama sonu\u00e7lar\u0131 sa\u011flayan yarat\u0131c\u0131 ve stratejik bir ara\u00e7t\u0131r.<\/p>\t\t\t\t\t\t\t\t<\/div>\n\t\t\t\t<\/div>\n\t\t\t\t\t<\/div>\n\t\t\t\t<\/div>\n\t\t\t\t<\/div>\n\t\t","protected":false},"excerpt":{"rendered":"<p>Hareketli grafikler, markan\u0131z\u0131n hikayesini g\u00f6rsel olarak canland\u0131rman\u0131n dinamik bir yoludur. Tasar\u0131m, tipografi ve animasyonu birle\u015ftirerek, i\u015fletmeler karma\u015f\u0131k fikirleri net bir \u015fekilde aktarabilir, dikkat \u00e7ekebilir ve izleyicide unutulmaz bir etki b\u0131rakabilir. Her hareketli grafik projesi, marka kimli\u011finiz ve pazarlama hedefleriniz do\u011frultusunda \u00f6zelle\u015ftirilir. Tan\u0131t\u0131m videolar\u0131, a\u00e7\u0131klay\u0131c\u0131 klipler ve sosyal medya i\u00e7eriklerinden, mesaj\u0131n\u0131z\u0131 etkili bir \u015fekilde ileten g\u00f6rsel [&hellip;]<\/p>\n","protected":false},"author":2,"featured_media":0,"parent":0,"menu_order":0,"comment_status":"closed","ping_status":"closed","template":"","meta":{"footnotes":""},"class_list":["post-6779","page","type-page","status-publish","hentry"],"_hostinger_reach_plugin_has_subscription_block":false,"_hostinger_reach_plugin_is_elementor":false,"_links":{"self":[{"href":"https:\/\/mesopo.net\/tr\/wp-json\/wp\/v2\/pages\/6779","targetHints":{"allow":["GET"]}}],"collection":[{"href":"https:\/\/mesopo.net\/tr\/wp-json\/wp\/v2\/pages"}],"about":[{"href":"https:\/\/mesopo.net\/tr\/wp-json\/wp\/v2\/types\/page"}],"author":[{"embeddable":true,"href":"https:\/\/mesopo.net\/tr\/wp-json\/wp\/v2\/users\/2"}],"replies":[{"embeddable":true,"href":"https:\/\/mesopo.net\/tr\/wp-json\/wp\/v2\/comments?post=6779"}],"version-history":[{"count":8,"href":"https:\/\/mesopo.net\/tr\/wp-json\/wp\/v2\/pages\/6779\/revisions"}],"predecessor-version":[{"id":7428,"href":"https:\/\/mesopo.net\/tr\/wp-json\/wp\/v2\/pages\/6779\/revisions\/7428"}],"wp:attachment":[{"href":"https:\/\/mesopo.net\/tr\/wp-json\/wp\/v2\/media?parent=6779"}],"curies":[{"name":"wp","href":"https:\/\/api.w.org\/{rel}","templated":true}]}}