{"id":6774,"date":"2025-09-23T21:40:09","date_gmt":"2025-09-23T21:40:09","guid":{"rendered":"https:\/\/mesopo.erindu.com\/?page_id=6774"},"modified":"2025-10-06T08:06:35","modified_gmt":"2025-10-06T08:06:35","slug":"video-kampanyalari","status":"publish","type":"page","link":"https:\/\/mesopo.net\/tr\/video-kampanyalari\/","title":{"rendered":"Video Kampanyalar\u0131"},"content":{"rendered":"\t\t<div data-elementor-type=\"wp-page\" data-elementor-id=\"6774\" class=\"elementor elementor-6774\">\n\t\t\t\t<div class=\"elementor-element elementor-element-352725d e-flex e-con-boxed e-con e-parent\" data-id=\"352725d\" data-element_type=\"container\" data-settings=\"{&quot;background_background&quot;:&quot;classic&quot;}\">\n\t\t\t\t\t<div class=\"e-con-inner\">\n\t\t<div class=\"elementor-element elementor-element-d3a1010 e-con-full e-flex e-con e-child\" data-id=\"d3a1010\" data-element_type=\"container\">\n\t\t\t\t<div class=\"elementor-element elementor-element-acf1f07 elementor-widget elementor-widget-text-editor\" data-id=\"acf1f07\" data-element_type=\"widget\" data-widget_type=\"text-editor.default\">\n\t\t\t\t\t\t\t\t\t<p data-start=\"26\" data-end=\"331\">Video kampanyalar\u0131, markan\u0131z\u0131n mesaj\u0131n\u0131 iletmek, kitlenizle etkile\u015fim kurmak ve anlaml\u0131 sonu\u00e7lar elde etmek i\u00e7in etkili bir yoldur. Hedeflenmi\u015f ve yarat\u0131c\u0131 video i\u00e7erikler \u00fcreterek, i\u015fletmeler dikkat \u00e7ekebilir, duygular\u0131 harekete ge\u00e7irebilir ve \u00e7e\u015fitli platformlarda izleyicileri eyleme te\u015fvik edebilir.<\/p><p data-start=\"333\" data-end=\"588\">Her video kampanyas\u0131, pazarlama hedefleriniz ve izleyici tercihlerinize uyacak \u015fekilde \u00f6zelle\u015ftirilir. \u00dcr\u00fcn tan\u0131t\u0131mlar\u0131, \u00f6\u011fretici videolar, promosyon hikayeleri ve sosyal medya i\u00e7eriklerinden, mesaj\u0131n\u0131z\u0131 net ve etkili \u015fekilde ileten videolar tasarlar\u0131z.<\/p><p data-start=\"590\" data-end=\"853\">Performans takibi, video kampanyalar\u0131n\u0131n ba\u015far\u0131s\u0131nda kritik \u00f6neme sahiptir. \u0130zlenme say\u0131lar\u0131, etkile\u015fim oranlar\u0131, t\u0131klamalar ve d\u00f6n\u00fc\u015f\u00fcmler gibi metrikler, stratejileri iyile\u015ftirmenize ve her kampanyan\u0131n eri\u015fimini ve etkinli\u011fini maksimize etmenize yard\u0131mc\u0131 olur.<\/p><p data-start=\"855\" data-end=\"1142\">\u00d6l\u00e7eklenebilirlik ve uyarlanabilirlik, video kampanyalar\u0131n\u0131 sosyal medya, e-posta pazarlamas\u0131, web siteleri ve dijital reklamlar dahil olmak \u00fczere \u00e7e\u015fitli platformlarda kullan\u0131labilir k\u0131lar. \u0130\u00e7erik, kalite veya marka tutarl\u0131l\u0131\u011f\u0131ndan \u00f6d\u00fcn vermeden farkl\u0131 formatlara optimize edilebilir.<\/p><p data-start=\"1144\" data-end=\"1340\" data-is-last-node=\"\" data-is-only-node=\"\">Sonu\u00e7 olarak, video kampanyalar\u0131 yaln\u0131zca bir pazarlama arac\u0131 de\u011fildir \u2014 marka bilinirli\u011fini art\u0131ran, m\u00fc\u015fteri etkile\u015fimini g\u00fc\u00e7lendiren ve i\u015fletmenizin b\u00fcy\u00fcmesini destekleyen stratejik bir ara\u00e7t\u0131r.<\/p>\t\t\t\t\t\t\t\t<\/div>\n\t\t\t\t<\/div>\n\t\t\t\t\t<\/div>\n\t\t\t\t<\/div>\n\t\t\t\t<\/div>\n\t\t","protected":false},"excerpt":{"rendered":"<p>Video kampanyalar\u0131, markan\u0131z\u0131n mesaj\u0131n\u0131 iletmek, kitlenizle etkile\u015fim kurmak ve anlaml\u0131 sonu\u00e7lar elde etmek i\u00e7in etkili bir yoldur. Hedeflenmi\u015f ve yarat\u0131c\u0131 video i\u00e7erikler \u00fcreterek, i\u015fletmeler dikkat \u00e7ekebilir, duygular\u0131 harekete ge\u00e7irebilir ve \u00e7e\u015fitli platformlarda izleyicileri eyleme te\u015fvik edebilir. Her video kampanyas\u0131, pazarlama hedefleriniz ve izleyici tercihlerinize uyacak \u015fekilde \u00f6zelle\u015ftirilir. \u00dcr\u00fcn tan\u0131t\u0131mlar\u0131, \u00f6\u011fretici videolar, promosyon hikayeleri ve sosyal [&hellip;]<\/p>\n","protected":false},"author":2,"featured_media":0,"parent":0,"menu_order":0,"comment_status":"closed","ping_status":"closed","template":"","meta":{"footnotes":""},"class_list":["post-6774","page","type-page","status-publish","hentry"],"_hostinger_reach_plugin_has_subscription_block":false,"_hostinger_reach_plugin_is_elementor":false,"_links":{"self":[{"href":"https:\/\/mesopo.net\/tr\/wp-json\/wp\/v2\/pages\/6774","targetHints":{"allow":["GET"]}}],"collection":[{"href":"https:\/\/mesopo.net\/tr\/wp-json\/wp\/v2\/pages"}],"about":[{"href":"https:\/\/mesopo.net\/tr\/wp-json\/wp\/v2\/types\/page"}],"author":[{"embeddable":true,"href":"https:\/\/mesopo.net\/tr\/wp-json\/wp\/v2\/users\/2"}],"replies":[{"embeddable":true,"href":"https:\/\/mesopo.net\/tr\/wp-json\/wp\/v2\/comments?post=6774"}],"version-history":[{"count":11,"href":"https:\/\/mesopo.net\/tr\/wp-json\/wp\/v2\/pages\/6774\/revisions"}],"predecessor-version":[{"id":7469,"href":"https:\/\/mesopo.net\/tr\/wp-json\/wp\/v2\/pages\/6774\/revisions\/7469"}],"wp:attachment":[{"href":"https:\/\/mesopo.net\/tr\/wp-json\/wp\/v2\/media?parent=6774"}],"curies":[{"name":"wp","href":"https:\/\/api.w.org\/{rel}","templated":true}]}}