{"id":6765,"date":"2025-09-23T21:36:20","date_gmt":"2025-09-23T21:36:20","guid":{"rendered":"https:\/\/mesopo.erindu.com\/?page_id=6765"},"modified":"2025-10-06T07:39:11","modified_gmt":"2025-10-06T07:39:11","slug":"google-reklamlari","status":"publish","type":"page","link":"https:\/\/mesopo.net\/tr\/google-reklamlari\/","title":{"rendered":"Google Reklamlar\u0131"},"content":{"rendered":"\t\t<div data-elementor-type=\"wp-page\" data-elementor-id=\"6765\" class=\"elementor elementor-6765\">\n\t\t\t\t<div class=\"elementor-element elementor-element-352725d e-flex e-con-boxed e-con e-parent\" data-id=\"352725d\" data-element_type=\"container\" data-settings=\"{&quot;background_background&quot;:&quot;classic&quot;}\">\n\t\t\t\t\t<div class=\"e-con-inner\">\n\t\t<div class=\"elementor-element elementor-element-d3a1010 e-con-full e-flex e-con e-child\" data-id=\"d3a1010\" data-element_type=\"container\">\n\t\t\t\t<div class=\"elementor-element elementor-element-acf1f07 elementor-widget elementor-widget-text-editor\" data-id=\"acf1f07\" data-element_type=\"widget\" data-widget_type=\"text-editor.default\">\n\t\t\t\t\t\t\t\t\t<h6 class=\"sr-only\">\u00a0<\/h6><div class=\"text-base my-auto mx-auto pb-10 [--thread-content-margin:--spacing(4)] thread-sm:[--thread-content-margin:--spacing(6)] thread-lg:[--thread-content-margin:--spacing(16)] px-(--thread-content-margin)\"><div class=\"[--thread-content-max-width:40rem] thread-lg:[--thread-content-max-width:48rem] mx-auto max-w-(--thread-content-max-width) flex-1 group\/turn-messages focus-visible:outline-hidden relative flex w-full min-w-0 flex-col agent-turn\" tabindex=\"-1\"><div class=\"flex max-w-full flex-col grow\"><div class=\"min-h-8 text-message relative flex w-full flex-col items-end gap-2 text-start break-words whitespace-normal [.text-message+&amp;]:mt-5\" dir=\"auto\" data-message-author-role=\"assistant\" data-message-id=\"1b2c66b9-d015-4d30-8ff7-61ef98432da4\" data-message-model-slug=\"gpt-5-mini\"><div class=\"flex w-full flex-col gap-1 empty:hidden first:pt-[1px]\"><div class=\"markdown prose dark:prose-invert w-full break-words dark markdown-new-styling\"><p data-start=\"38\" data-end=\"312\">Google Ads, hedef kitlenize tam olarak ihtiya\u00e7 duyduklar\u0131 anda ula\u015fman\u0131z\u0131 sa\u011flayan g\u00fc\u00e7l\u00fc bir platformdur. \u00dcr\u00fcn veya hizmet arayan kullan\u0131c\u0131larla do\u011fru zamanda bulu\u015farak g\u00f6r\u00fcn\u00fcrl\u00fc\u011f\u00fc art\u0131rabilir, y\u00fcksek kaliteli trafik \u00e7ekebilir ve \u00f6l\u00e7\u00fclebilir d\u00f6n\u00fc\u015f\u00fcmler elde edebilirsiniz.<\/p><p data-start=\"314\" data-end=\"628\">Bu reklamlar y\u00fcksek d\u00fczeyde \u00f6zelle\u015ftirilebilir. Hedef anahtar kelimeleri belirleyebilir, b\u00fct\u00e7enizi ayarlayabilir ve pazarlama hedeflerinize en uygun reklam formatlar\u0131n\u0131 se\u00e7ebilirsiniz. Arama ve G\u00f6r\u00fcnt\u00fcl\u00fc reklamlar, al\u0131\u015fveri\u015f reklamlar\u0131 ve video kampanyalar\u0131 gibi farkl\u0131 i\u015f hedeflerine uygun esnek \u00e7\u00f6z\u00fcmler sunar.<\/p><p data-start=\"630\" data-end=\"881\">Performans takibi ve analiz, Google Ads\u2019in ba\u015far\u0131s\u0131n\u0131n temelidir. G\u00f6sterimler, t\u0131klamalar, d\u00f6n\u00fc\u015f\u00fcmler ve edinim ba\u015f\u0131na maliyet gibi metrikleri izleyerek kampanyalar\u0131n\u0131z\u0131 ger\u00e7ek zamanl\u0131 optimize edebilir ve yat\u0131r\u0131m getirinizi maksimize edebilirsiniz.<\/p><p data-start=\"883\" data-end=\"1112\">\u00d6l\u00e7eklenebilirlik, Google Ads\u2019i her b\u00fcy\u00fckl\u00fckte i\u015fletme i\u00e7in uygun k\u0131lar. Yerel bir kampanyadan k\u00fcresel bir giri\u015fime kadar, reklamlar do\u011fru kitleye ula\u015facak \u015fekilde \u00f6zelle\u015ftirilebilir ve etkinlikten \u00f6d\u00fcn vermeden geni\u015fleyebilir.<\/p><p data-start=\"1114\" data-end=\"1296\" data-is-last-node=\"\" data-is-only-node=\"\">Sonu\u00e7 olarak, Google Ads sadece reklam vermek de\u011fil \u2014 marka g\u00f6r\u00fcn\u00fcrl\u00fc\u011f\u00fcn\u00fc art\u0131rmak, do\u011fru m\u00fc\u015fterileri \u00e7ekmek ve veri odakl\u0131 kampanyalarla i\u015finizi b\u00fcy\u00fctmek i\u00e7in stratejik bir ara\u00e7t\u0131r.<\/p><\/div><\/div><\/div><\/div><\/div><\/div>\t\t\t\t\t\t\t\t<\/div>\n\t\t\t\t<\/div>\n\t\t\t\t\t<\/div>\n\t\t\t\t<\/div>\n\t\t\t\t<\/div>\n\t\t","protected":false},"excerpt":{"rendered":"<p>\u00a0 Google Ads, hedef kitlenize tam olarak ihtiya\u00e7 duyduklar\u0131 anda ula\u015fman\u0131z\u0131 sa\u011flayan g\u00fc\u00e7l\u00fc bir platformdur. \u00dcr\u00fcn veya hizmet arayan kullan\u0131c\u0131larla do\u011fru zamanda bulu\u015farak g\u00f6r\u00fcn\u00fcrl\u00fc\u011f\u00fc art\u0131rabilir, y\u00fcksek kaliteli trafik \u00e7ekebilir ve \u00f6l\u00e7\u00fclebilir d\u00f6n\u00fc\u015f\u00fcmler elde edebilirsiniz. Bu reklamlar y\u00fcksek d\u00fczeyde \u00f6zelle\u015ftirilebilir. Hedef anahtar kelimeleri belirleyebilir, b\u00fct\u00e7enizi ayarlayabilir ve pazarlama hedeflerinize en uygun reklam formatlar\u0131n\u0131 se\u00e7ebilirsiniz. Arama ve [&hellip;]<\/p>\n","protected":false},"author":2,"featured_media":0,"parent":0,"menu_order":0,"comment_status":"closed","ping_status":"closed","template":"","meta":{"footnotes":""},"class_list":["post-6765","page","type-page","status-publish","hentry"],"_hostinger_reach_plugin_has_subscription_block":false,"_hostinger_reach_plugin_is_elementor":false,"_links":{"self":[{"href":"https:\/\/mesopo.net\/tr\/wp-json\/wp\/v2\/pages\/6765","targetHints":{"allow":["GET"]}}],"collection":[{"href":"https:\/\/mesopo.net\/tr\/wp-json\/wp\/v2\/pages"}],"about":[{"href":"https:\/\/mesopo.net\/tr\/wp-json\/wp\/v2\/types\/page"}],"author":[{"embeddable":true,"href":"https:\/\/mesopo.net\/tr\/wp-json\/wp\/v2\/users\/2"}],"replies":[{"embeddable":true,"href":"https:\/\/mesopo.net\/tr\/wp-json\/wp\/v2\/comments?post=6765"}],"version-history":[{"count":14,"href":"https:\/\/mesopo.net\/tr\/wp-json\/wp\/v2\/pages\/6765\/revisions"}],"predecessor-version":[{"id":7404,"href":"https:\/\/mesopo.net\/tr\/wp-json\/wp\/v2\/pages\/6765\/revisions\/7404"}],"wp:attachment":[{"href":"https:\/\/mesopo.net\/tr\/wp-json\/wp\/v2\/media?parent=6765"}],"curies":[{"name":"wp","href":"https:\/\/api.w.org\/{rel}","templated":true}]}}