{"id":6760,"date":"2025-09-23T21:32:31","date_gmt":"2025-09-23T21:32:31","guid":{"rendered":"https:\/\/mesopo.erindu.com\/?page_id=6760"},"modified":"2025-10-06T08:01:47","modified_gmt":"2025-10-06T08:01:47","slug":"hedefe-yonelik-kampanyalar","status":"publish","type":"page","link":"https:\/\/mesopo.net\/tr\/hedefe-yonelik-kampanyalar\/","title":{"rendered":"Hedefe Y\u00f6nelik Kampanyalar"},"content":{"rendered":"\t\t<div data-elementor-type=\"wp-page\" data-elementor-id=\"6760\" class=\"elementor elementor-6760\">\n\t\t\t\t<div class=\"elementor-element elementor-element-352725d e-flex e-con-boxed e-con e-parent\" data-id=\"352725d\" data-element_type=\"container\" data-settings=\"{&quot;background_background&quot;:&quot;classic&quot;}\">\n\t\t\t\t\t<div class=\"e-con-inner\">\n\t\t<div class=\"elementor-element elementor-element-d3a1010 e-con-full e-flex e-con e-child\" data-id=\"d3a1010\" data-element_type=\"container\">\n\t\t\t\t<div class=\"elementor-element elementor-element-acf1f07 elementor-widget elementor-widget-text-editor\" data-id=\"acf1f07\" data-element_type=\"widget\" data-widget_type=\"text-editor.default\">\n\t\t\t\t\t\t\t\t\t<p data-start=\"34\" data-end=\"329\">Hedefe y\u00f6nelik kampanyalar, pazarlama \u00e7abalar\u0131n\u0131z\u0131n etkin ve etkili olmas\u0131n\u0131 sa\u011flamak i\u00e7in do\u011fru kitleye hassas bir \u015fekilde ula\u015fmay\u0131 ama\u00e7lar. Demografi, davran\u0131\u015flar ve ilgi alanlar\u0131n\u0131 analiz ederek, i\u015fletmeler en \u00e7ok etkile\u015fimde bulunacak ve d\u00f6n\u00fc\u015f\u00fcm sa\u011flayacak ki\u015filere mesajlar\u0131n\u0131 iletebilir.<\/p><p data-start=\"331\" data-end=\"615\">Bu kampanyalar, ki\u015fiselle\u015ftirme ve alaka d\u00fczeyine odaklan\u0131r. \u00d6zel i\u00e7erik ve teklifler belirli segmentlere sunularak etkile\u015fim, t\u0131klama oranlar\u0131 ve yat\u0131r\u0131m getirisinde art\u0131\u015f sa\u011flan\u0131r. Bu yakla\u015f\u0131m, gereksiz reklam harcamalar\u0131n\u0131 azalt\u0131r ve pazarlama giri\u015fimlerinin etkinli\u011fini art\u0131r\u0131r.<\/p><p data-start=\"617\" data-end=\"887\">Analitik ve s\u00fcrekli optimizasyon, hedefe y\u00f6nelik kampanyalar\u0131n temel ta\u015flar\u0131d\u0131r. Kullan\u0131c\u0131 etkile\u015fimlerini, d\u00f6n\u00fc\u015f\u00fcmleri ve geri bildirimleri takip ederek i\u015fletmeler mesajlar\u0131n\u0131 refine edebilir, hedeflemeyi ayarlayabilir ve zaman i\u00e7inde daha iyi sonu\u00e7lar elde edebilir.<\/p><p data-start=\"889\" data-end=\"1154\">\u00d6l\u00e7eklenebilirlik, hedefe y\u00f6nelik kampanyalar\u0131n i\u015fletmenizle birlikte b\u00fcy\u00fcmesine olanak tan\u0131r. Yerel promosyonlardan k\u00fcresel giri\u015fimlere kadar kampanyalar, kitle b\u00fcy\u00fckl\u00fc\u011f\u00fc, b\u00fct\u00e7e ve pazarlama hedeflerine uygun \u015fekilde ayarlanabilir ve hassasiyetten \u00f6d\u00fcn verilmez.<\/p><p data-start=\"1156\" data-end=\"1365\" data-is-last-node=\"\" data-is-only-node=\"\">Sonu\u00e7 olarak, hedefe y\u00f6nelik kampanyalar, genel reklamc\u0131l\u0131\u011f\u0131n \u00f6tesine ge\u00e7er \u2014 do\u011fru kitleyle g\u00fc\u00e7l\u00fc ba\u011flant\u0131lar kurar, etkile\u015fimi art\u0131r\u0131r ve veri odakl\u0131, odaklanm\u0131\u015f stratejilerle \u00f6l\u00e7\u00fclebilir i\u015f b\u00fcy\u00fcmesi sa\u011flar.<\/p>\t\t\t\t\t\t\t\t<\/div>\n\t\t\t\t<\/div>\n\t\t\t\t\t<\/div>\n\t\t\t\t<\/div>\n\t\t\t\t<\/div>\n\t\t","protected":false},"excerpt":{"rendered":"<p>Hedefe y\u00f6nelik kampanyalar, pazarlama \u00e7abalar\u0131n\u0131z\u0131n etkin ve etkili olmas\u0131n\u0131 sa\u011flamak i\u00e7in do\u011fru kitleye hassas bir \u015fekilde ula\u015fmay\u0131 ama\u00e7lar. Demografi, davran\u0131\u015flar ve ilgi alanlar\u0131n\u0131 analiz ederek, i\u015fletmeler en \u00e7ok etkile\u015fimde bulunacak ve d\u00f6n\u00fc\u015f\u00fcm sa\u011flayacak ki\u015filere mesajlar\u0131n\u0131 iletebilir. Bu kampanyalar, ki\u015fiselle\u015ftirme ve alaka d\u00fczeyine odaklan\u0131r. \u00d6zel i\u00e7erik ve teklifler belirli segmentlere sunularak etkile\u015fim, t\u0131klama oranlar\u0131 ve yat\u0131r\u0131m [&hellip;]<\/p>\n","protected":false},"author":2,"featured_media":0,"parent":0,"menu_order":0,"comment_status":"closed","ping_status":"closed","template":"","meta":{"footnotes":""},"class_list":["post-6760","page","type-page","status-publish","hentry"],"_hostinger_reach_plugin_has_subscription_block":false,"_hostinger_reach_plugin_is_elementor":false,"_links":{"self":[{"href":"https:\/\/mesopo.net\/tr\/wp-json\/wp\/v2\/pages\/6760","targetHints":{"allow":["GET"]}}],"collection":[{"href":"https:\/\/mesopo.net\/tr\/wp-json\/wp\/v2\/pages"}],"about":[{"href":"https:\/\/mesopo.net\/tr\/wp-json\/wp\/v2\/types\/page"}],"author":[{"embeddable":true,"href":"https:\/\/mesopo.net\/tr\/wp-json\/wp\/v2\/users\/2"}],"replies":[{"embeddable":true,"href":"https:\/\/mesopo.net\/tr\/wp-json\/wp\/v2\/comments?post=6760"}],"version-history":[{"count":11,"href":"https:\/\/mesopo.net\/tr\/wp-json\/wp\/v2\/pages\/6760\/revisions"}],"predecessor-version":[{"id":7457,"href":"https:\/\/mesopo.net\/tr\/wp-json\/wp\/v2\/pages\/6760\/revisions\/7457"}],"wp:attachment":[{"href":"https:\/\/mesopo.net\/tr\/wp-json\/wp\/v2\/media?parent=6760"}],"curies":[{"name":"wp","href":"https:\/\/api.w.org\/{rel}","templated":true}]}}