{"id":6751,"date":"2025-09-23T21:30:43","date_gmt":"2025-09-23T21:30:43","guid":{"rendered":"https:\/\/mesopo.erindu.com\/?page_id=6751"},"modified":"2025-10-06T07:45:26","modified_gmt":"2025-10-06T07:45:26","slug":"landing-page-funnellari","status":"publish","type":"page","link":"https:\/\/mesopo.net\/tr\/landing-page-funnellari\/","title":{"rendered":"Landing Page Funnel\u2019lar\u0131"},"content":{"rendered":"\t\t<div data-elementor-type=\"wp-page\" data-elementor-id=\"6751\" class=\"elementor elementor-6751\">\n\t\t\t\t<div class=\"elementor-element elementor-element-352725d e-flex e-con-boxed e-con e-parent\" data-id=\"352725d\" data-element_type=\"container\" data-settings=\"{&quot;background_background&quot;:&quot;classic&quot;}\">\n\t\t\t\t\t<div class=\"e-con-inner\">\n\t\t<div class=\"elementor-element elementor-element-d3a1010 e-con-full e-flex e-con e-child\" data-id=\"d3a1010\" data-element_type=\"container\">\n\t\t\t\t<div class=\"elementor-element elementor-element-acf1f07 elementor-widget elementor-widget-text-editor\" data-id=\"acf1f07\" data-element_type=\"widget\" data-widget_type=\"text-editor.default\">\n\t\t\t\t\t\t\t\t\t<h6 class=\"sr-only\">\u00a0<\/h6><div class=\"text-base my-auto mx-auto pb-10 [--thread-content-margin:--spacing(4)] thread-sm:[--thread-content-margin:--spacing(6)] thread-lg:[--thread-content-margin:--spacing(16)] px-(--thread-content-margin)\"><div class=\"[--thread-content-max-width:40rem] thread-lg:[--thread-content-max-width:48rem] mx-auto max-w-(--thread-content-max-width) flex-1 group\/turn-messages focus-visible:outline-hidden relative flex w-full min-w-0 flex-col agent-turn\" tabindex=\"-1\"><div class=\"flex max-w-full flex-col grow\"><div class=\"min-h-8 text-message relative flex w-full flex-col items-end gap-2 text-start break-words whitespace-normal [.text-message+&amp;]:mt-5\" dir=\"auto\" data-message-author-role=\"assistant\" data-message-id=\"4c4568d2-5cee-41ec-b305-fb3f2acc723d\" data-message-model-slug=\"gpt-5-mini\"><div class=\"flex w-full flex-col gap-1 empty:hidden first:pt-[1px]\"><div class=\"markdown prose dark:prose-invert w-full break-words dark markdown-new-styling\"><p data-start=\"55\" data-end=\"336\">Landing page funnel\u2019lar\u0131, ziyaret\u00e7ileri belirli bir hedef do\u011frultusunda y\u00f6nlendirmek ve onlar\u0131 potansiyel m\u00fc\u015fteriye d\u00f6n\u00fc\u015ft\u00fcrmek i\u00e7in tasarlanm\u0131\u015f stratejik dijital ara\u00e7lard\u0131r. Her sayfa, kullan\u0131c\u0131 deneyimini optimize ederek mesaj\u0131n\u0131z\u0131 net ve etkili bir \u015fekilde iletmeye odaklan\u0131r.<\/p><p data-start=\"338\" data-end=\"613\">Bu funnel\u2019lar, ziyaret\u00e7ilerin dikkatini \u00e7ekmek, ilgilerini s\u00fcrd\u00fcrmek ve onlar\u0131 aksiyon almaya te\u015fvik etmek i\u00e7in g\u00f6rseller, i\u00e7erik ve \u00e7a\u011fr\u0131 butonlar\u0131yla desteklenir. \u00dcr\u00fcn tan\u0131t\u0131mlar\u0131, hizmet teklifleri veya kay\u0131t formlar\u0131 gibi farkl\u0131 ama\u00e7lar i\u00e7in \u00f6zel olarak tasarlanabilir.<\/p><p data-start=\"615\" data-end=\"854\">Performans takibi, landing page funnel\u2019lar\u0131n\u0131n ba\u015far\u0131s\u0131nda kritik bir rol oynar. Analitik ara\u00e7larla d\u00f6n\u00fc\u015f\u00fcm oranlar\u0131, t\u0131klamalar ve kullan\u0131c\u0131 davran\u0131\u015flar\u0131 izlenir; b\u00f6ylece kampanyalar s\u00fcrekli optimize edilerek maksimum verim elde edilir.<\/p><p data-start=\"856\" data-end=\"1102\">\u00d6l\u00e7eklenebilirlik, bu sistemlerin farkl\u0131 kampanyalar ve pazarlama stratejileri ile uyumlu bir \u015fekilde b\u00fcy\u00fcyebilmesini sa\u011flar. Hem k\u00fc\u00e7\u00fck hedefli kampanyalarda hem de geni\u015f \u00e7apl\u0131 dijital pazarlama \u00e7al\u0131\u015fmalar\u0131nda etkili bir \u015fekilde kullan\u0131labilir.<\/p><p data-start=\"1104\" data-end=\"1312\" data-is-last-node=\"\" data-is-only-node=\"\">Sonu\u00e7 olarak, landing page funnel\u2019lar\u0131 yaln\u0131zca sayfa tasar\u0131m\u0131 de\u011fil; potansiyel m\u00fc\u015fteri kazan\u0131m\u0131n\u0131 art\u0131ran, marka ba\u011fl\u0131l\u0131\u011f\u0131 olu\u015fturan ve i\u015f b\u00fcy\u00fcmesine katk\u0131 sa\u011flayan stratejik bir dijital pazarlama arac\u0131d\u0131r.<\/p><\/div><\/div><\/div><\/div><\/div><\/div>\t\t\t\t\t\t\t\t<\/div>\n\t\t\t\t<\/div>\n\t\t\t\t\t<\/div>\n\t\t\t\t<\/div>\n\t\t\t\t<\/div>\n\t\t","protected":false},"excerpt":{"rendered":"<p>\u00a0 Landing page funnel\u2019lar\u0131, ziyaret\u00e7ileri belirli bir hedef do\u011frultusunda y\u00f6nlendirmek ve onlar\u0131 potansiyel m\u00fc\u015fteriye d\u00f6n\u00fc\u015ft\u00fcrmek i\u00e7in tasarlanm\u0131\u015f stratejik dijital ara\u00e7lard\u0131r. Her sayfa, kullan\u0131c\u0131 deneyimini optimize ederek mesaj\u0131n\u0131z\u0131 net ve etkili bir \u015fekilde iletmeye odaklan\u0131r. Bu funnel\u2019lar, ziyaret\u00e7ilerin dikkatini \u00e7ekmek, ilgilerini s\u00fcrd\u00fcrmek ve onlar\u0131 aksiyon almaya te\u015fvik etmek i\u00e7in g\u00f6rseller, i\u00e7erik ve \u00e7a\u011fr\u0131 butonlar\u0131yla desteklenir. \u00dcr\u00fcn [&hellip;]<\/p>\n","protected":false},"author":2,"featured_media":0,"parent":0,"menu_order":0,"comment_status":"closed","ping_status":"closed","template":"","meta":{"footnotes":""},"class_list":["post-6751","page","type-page","status-publish","hentry"],"_hostinger_reach_plugin_has_subscription_block":false,"_hostinger_reach_plugin_is_elementor":false,"_links":{"self":[{"href":"https:\/\/mesopo.net\/tr\/wp-json\/wp\/v2\/pages\/6751","targetHints":{"allow":["GET"]}}],"collection":[{"href":"https:\/\/mesopo.net\/tr\/wp-json\/wp\/v2\/pages"}],"about":[{"href":"https:\/\/mesopo.net\/tr\/wp-json\/wp\/v2\/types\/page"}],"author":[{"embeddable":true,"href":"https:\/\/mesopo.net\/tr\/wp-json\/wp\/v2\/users\/2"}],"replies":[{"embeddable":true,"href":"https:\/\/mesopo.net\/tr\/wp-json\/wp\/v2\/comments?post=6751"}],"version-history":[{"count":12,"href":"https:\/\/mesopo.net\/tr\/wp-json\/wp\/v2\/pages\/6751\/revisions"}],"predecessor-version":[{"id":7420,"href":"https:\/\/mesopo.net\/tr\/wp-json\/wp\/v2\/pages\/6751\/revisions\/7420"}],"wp:attachment":[{"href":"https:\/\/mesopo.net\/tr\/wp-json\/wp\/v2\/media?parent=6751"}],"curies":[{"name":"wp","href":"https:\/\/api.w.org\/{rel}","templated":true}]}}