{"id":6750,"date":"2025-09-23T21:29:37","date_gmt":"2025-09-23T21:29:37","guid":{"rendered":"https:\/\/mesopo.erindu.com\/?page_id=6750"},"modified":"2025-10-06T07:57:26","modified_gmt":"2025-10-06T07:57:26","slug":"seo-arama-motoru-optimizasyonu","status":"publish","type":"page","link":"https:\/\/mesopo.net\/tr\/seo-arama-motoru-optimizasyonu\/","title":{"rendered":"SEO &#8211; Arama Motoru Optimizasyonu"},"content":{"rendered":"\t\t<div data-elementor-type=\"wp-page\" data-elementor-id=\"6750\" class=\"elementor elementor-6750\">\n\t\t\t\t<div class=\"elementor-element elementor-element-352725d e-flex e-con-boxed e-con e-parent\" data-id=\"352725d\" data-element_type=\"container\" data-settings=\"{&quot;background_background&quot;:&quot;classic&quot;}\">\n\t\t\t\t\t<div class=\"e-con-inner\">\n\t\t<div class=\"elementor-element elementor-element-d3a1010 e-con-full e-flex e-con e-child\" data-id=\"d3a1010\" data-element_type=\"container\">\n\t\t\t\t<div class=\"elementor-element elementor-element-acf1f07 elementor-widget elementor-widget-text-editor\" data-id=\"acf1f07\" data-element_type=\"widget\" data-widget_type=\"text-editor.default\">\n\t\t\t\t\t\t\t\t\t<p data-start=\"69\" data-end=\"408\">SEO, \u00e7evrimi\u00e7i g\u00f6r\u00fcn\u00fcrl\u00fc\u011f\u00fc art\u0131rmak, organik trafik \u00e7ekmek ve web sitenizin Google, Bing ve DuckDuckGo gibi arama motorlar\u0131ndaki s\u0131ralamas\u0131n\u0131 y\u00fckseltmek i\u00e7in kritik bir stratejidir. Web sitenizin i\u00e7eri\u011fini, yap\u0131s\u0131n\u0131 ve performans\u0131n\u0131 optimize ederek, i\u015fletmeler daha nitelikli ziyaret\u00e7iler \u00e7ekebilir ve s\u00fcrd\u00fcr\u00fclebilir b\u00fcy\u00fcme sa\u011flayabilir.<\/p><p data-start=\"410\" data-end=\"720\">Etkili SEO, yaln\u0131zca anahtar kelimelerle s\u0131n\u0131rl\u0131 de\u011fildir. Y\u00fcksek kaliteli i\u00e7erik olu\u015fturma, site h\u0131z\u0131n\u0131 art\u0131rma, mobil uyumlulu\u011fu optimize etme ve g\u00fcvenilir geri ba\u011flant\u0131lar kurma gibi y\u00f6ntemleri i\u00e7erir. T\u00fcm bu ad\u0131mlar, kullan\u0131c\u0131 deneyimini iyile\u015ftirirken arama motoru standartlar\u0131n\u0131 da kar\u015f\u0131lamay\u0131 ama\u00e7lar.<\/p><p data-start=\"722\" data-end=\"974\">Analitik ve performans izleme, SEO ba\u015far\u0131s\u0131n\u0131n temel unsurlar\u0131d\u0131r. G\u00f6sterimler, t\u0131klamalar ve d\u00f6n\u00fc\u015f\u00fcm oranlar\u0131 gibi metrikleri takip ederek, i\u015fletmeler stratejilerini geli\u015ftirebilir, f\u0131rsatlar\u0131 belirleyebilir ve yat\u0131r\u0131m getirisini maksimize edebilir.<\/p><p data-start=\"976\" data-end=\"1230\">\u00d6l\u00e7eklenebilirlik, SEO \u00e7al\u0131\u015fmalar\u0131n\u0131n i\u015fletmenizin b\u00fcy\u00fcmesiyle paralel olarak geli\u015fmesini sa\u011flar. K\u00fc\u00e7\u00fck bir giri\u015fim veya b\u00fcy\u00fck bir \u015firket olun, optimizasyon stratejileri yerel, b\u00f6lgesel veya k\u00fcresel hedef kitlelere uyarlanabilir ve etkinli\u011fi kaybolmaz.<\/p><p data-start=\"1232\" data-end=\"1471\" data-is-last-node=\"\" data-is-only-node=\"\">Sonu\u00e7 olarak, SEO sadece teknik bir s\u00fcre\u00e7 de\u011fildir \u2014 markan\u0131z\u0131n dijital varl\u0131\u011f\u0131na uzun vadeli bir yat\u0131r\u0131md\u0131r. Do\u011fru stratejilerle, g\u00fcvenilirli\u011finizi art\u0131r\u0131r, do\u011fru kitleye ula\u015f\u0131r ve \u00e7evrimi\u00e7i ba\u015far\u0131y\u0131 s\u00fcrd\u00fcr\u00fclebilir \u015fekilde elde edersiniz.<\/p>\t\t\t\t\t\t\t\t<\/div>\n\t\t\t\t<\/div>\n\t\t\t\t\t<\/div>\n\t\t\t\t<\/div>\n\t\t\t\t<\/div>\n\t\t","protected":false},"excerpt":{"rendered":"<p>SEO, \u00e7evrimi\u00e7i g\u00f6r\u00fcn\u00fcrl\u00fc\u011f\u00fc art\u0131rmak, organik trafik \u00e7ekmek ve web sitenizin Google, Bing ve DuckDuckGo gibi arama motorlar\u0131ndaki s\u0131ralamas\u0131n\u0131 y\u00fckseltmek i\u00e7in kritik bir stratejidir. Web sitenizin i\u00e7eri\u011fini, yap\u0131s\u0131n\u0131 ve performans\u0131n\u0131 optimize ederek, i\u015fletmeler daha nitelikli ziyaret\u00e7iler \u00e7ekebilir ve s\u00fcrd\u00fcr\u00fclebilir b\u00fcy\u00fcme sa\u011flayabilir. Etkili SEO, yaln\u0131zca anahtar kelimelerle s\u0131n\u0131rl\u0131 de\u011fildir. Y\u00fcksek kaliteli i\u00e7erik olu\u015fturma, site h\u0131z\u0131n\u0131 art\u0131rma, mobil [&hellip;]<\/p>\n","protected":false},"author":2,"featured_media":0,"parent":0,"menu_order":0,"comment_status":"closed","ping_status":"closed","template":"","meta":{"footnotes":""},"class_list":["post-6750","page","type-page","status-publish","hentry"],"_hostinger_reach_plugin_has_subscription_block":false,"_hostinger_reach_plugin_is_elementor":false,"_links":{"self":[{"href":"https:\/\/mesopo.net\/tr\/wp-json\/wp\/v2\/pages\/6750","targetHints":{"allow":["GET"]}}],"collection":[{"href":"https:\/\/mesopo.net\/tr\/wp-json\/wp\/v2\/pages"}],"about":[{"href":"https:\/\/mesopo.net\/tr\/wp-json\/wp\/v2\/types\/page"}],"author":[{"embeddable":true,"href":"https:\/\/mesopo.net\/tr\/wp-json\/wp\/v2\/users\/2"}],"replies":[{"embeddable":true,"href":"https:\/\/mesopo.net\/tr\/wp-json\/wp\/v2\/comments?post=6750"}],"version-history":[{"count":12,"href":"https:\/\/mesopo.net\/tr\/wp-json\/wp\/v2\/pages\/6750\/revisions"}],"predecessor-version":[{"id":7449,"href":"https:\/\/mesopo.net\/tr\/wp-json\/wp\/v2\/pages\/6750\/revisions\/7449"}],"wp:attachment":[{"href":"https:\/\/mesopo.net\/tr\/wp-json\/wp\/v2\/media?parent=6750"}],"curies":[{"name":"wp","href":"https:\/\/api.w.org\/{rel}","templated":true}]}}