{"id":6745,"date":"2025-09-23T21:26:55","date_gmt":"2025-09-23T21:26:55","guid":{"rendered":"https:\/\/mesopo.erindu.com\/?page_id=6745"},"modified":"2025-10-06T08:10:20","modified_gmt":"2025-10-06T08:10:20","slug":"video-produksiyon","status":"publish","type":"page","link":"https:\/\/mesopo.net\/tr\/video-produksiyon\/","title":{"rendered":"Video Prod\u00fcksiyon"},"content":{"rendered":"\t\t<div data-elementor-type=\"wp-page\" data-elementor-id=\"6745\" class=\"elementor elementor-6745\">\n\t\t\t\t<div class=\"elementor-element elementor-element-352725d e-flex e-con-boxed e-con e-parent\" data-id=\"352725d\" data-element_type=\"container\" data-settings=\"{&quot;background_background&quot;:&quot;classic&quot;}\">\n\t\t\t\t\t<div class=\"e-con-inner\">\n\t\t<div class=\"elementor-element elementor-element-d3a1010 e-con-full e-flex e-con e-child\" data-id=\"d3a1010\" data-element_type=\"container\">\n\t\t\t\t<div class=\"elementor-element elementor-element-acf1f07 elementor-widget elementor-widget-text-editor\" data-id=\"acf1f07\" data-element_type=\"widget\" data-widget_type=\"text-editor.default\">\n\t\t\t\t\t\t\t\t\t<p data-start=\"25\" data-end=\"293\">Video prod\u00fcksiyon, markan\u0131z\u0131n hikayesini anlatmak, izleyiciyle ba\u011f kurmak ve unutulmaz deneyimler yaratmak i\u00e7in g\u00fc\u00e7l\u00fc bir ara\u00e7t\u0131r. Y\u00fcksek kaliteli videolar, dikkat \u00e7ekmeyi sa\u011flar, mesajlar\u0131 etkili bir \u015fekilde iletir ve izleyicilerle daha g\u00fc\u00e7l\u00fc duygusal ba\u011flar kurar.<\/p><p data-start=\"295\" data-end=\"591\">Tan\u0131t\u0131m videolar\u0131, \u00fcr\u00fcn g\u00f6sterimleri, \u00f6\u011fretici i\u00e7erikler veya sosyal medya kampanyalar\u0131 olsun, her prod\u00fcksiyon projesi marka kimli\u011finiz ve pazarlama hedefleriniz do\u011frultusunda \u00f6zelle\u015ftirilir. \u0130yi haz\u0131rlanm\u0131\u015f bir video, karma\u015f\u0131k fikirleri net ve etkili bir \u015fekilde sunarak izleyiciye hitap eder.<\/p><p data-start=\"593\" data-end=\"809\">G\u00f6rsel hikaye anlat\u0131m\u0131, etkile\u015fimi art\u0131r\u0131r ve aksiyona y\u00f6nlendirir. Etkileyici anlat\u0131lar, profesyonel g\u00f6rseller ve ses tasar\u0131m\u0131 ile video prod\u00fcksiyon, mesaj\u0131n\u0131z\u0131n sadece g\u00f6r\u00fclmesini de\u011fil, hat\u0131rlanmas\u0131n\u0131 da sa\u011flar.<\/p><p data-start=\"811\" data-end=\"1054\">\u00d6l\u00e7eklenebilirlik ve \u00e7ok y\u00f6nl\u00fcl\u00fck, video prod\u00fcksiyonun sosyal medya, web siteleri ve canl\u0131 sunumlar gibi \u00e7e\u015fitli platformlarda kullan\u0131labilmesini sa\u011flar. \u0130\u00e7erikler farkl\u0131 formatlar i\u00e7in optimize edilirken kalite ve marka tutarl\u0131l\u0131\u011f\u0131 korunur.<\/p><p data-start=\"1056\" data-end=\"1259\" data-is-last-node=\"\" data-is-only-node=\"\">Sonu\u00e7 olarak, video prod\u00fcksiyon yaln\u0131zca i\u00e7erik olu\u015fturmak de\u011fildir \u2014 pazarlama \u00e7abalar\u0131n\u0131 y\u00fckselten, marka bilinirli\u011fini g\u00fc\u00e7lendiren ve i\u015fletmenize \u00f6l\u00e7\u00fclebilir sonu\u00e7lar kazand\u0131ran stratejik bir ara\u00e7t\u0131r.<\/p>\t\t\t\t\t\t\t\t<\/div>\n\t\t\t\t<\/div>\n\t\t\t\t\t<\/div>\n\t\t\t\t<\/div>\n\t\t\t\t<\/div>\n\t\t","protected":false},"excerpt":{"rendered":"<p>Video prod\u00fcksiyon, markan\u0131z\u0131n hikayesini anlatmak, izleyiciyle ba\u011f kurmak ve unutulmaz deneyimler yaratmak i\u00e7in g\u00fc\u00e7l\u00fc bir ara\u00e7t\u0131r. Y\u00fcksek kaliteli videolar, dikkat \u00e7ekmeyi sa\u011flar, mesajlar\u0131 etkili bir \u015fekilde iletir ve izleyicilerle daha g\u00fc\u00e7l\u00fc duygusal ba\u011flar kurar. Tan\u0131t\u0131m videolar\u0131, \u00fcr\u00fcn g\u00f6sterimleri, \u00f6\u011fretici i\u00e7erikler veya sosyal medya kampanyalar\u0131 olsun, her prod\u00fcksiyon projesi marka kimli\u011finiz ve pazarlama hedefleriniz do\u011frultusunda \u00f6zelle\u015ftirilir. [&hellip;]<\/p>\n","protected":false},"author":2,"featured_media":0,"parent":0,"menu_order":0,"comment_status":"closed","ping_status":"closed","template":"","meta":{"footnotes":""},"class_list":["post-6745","page","type-page","status-publish","hentry"],"_hostinger_reach_plugin_has_subscription_block":false,"_hostinger_reach_plugin_is_elementor":false,"_links":{"self":[{"href":"https:\/\/mesopo.net\/tr\/wp-json\/wp\/v2\/pages\/6745","targetHints":{"allow":["GET"]}}],"collection":[{"href":"https:\/\/mesopo.net\/tr\/wp-json\/wp\/v2\/pages"}],"about":[{"href":"https:\/\/mesopo.net\/tr\/wp-json\/wp\/v2\/types\/page"}],"author":[{"embeddable":true,"href":"https:\/\/mesopo.net\/tr\/wp-json\/wp\/v2\/users\/2"}],"replies":[{"embeddable":true,"href":"https:\/\/mesopo.net\/tr\/wp-json\/wp\/v2\/comments?post=6745"}],"version-history":[{"count":8,"href":"https:\/\/mesopo.net\/tr\/wp-json\/wp\/v2\/pages\/6745\/revisions"}],"predecessor-version":[{"id":7477,"href":"https:\/\/mesopo.net\/tr\/wp-json\/wp\/v2\/pages\/6745\/revisions\/7477"}],"wp:attachment":[{"href":"https:\/\/mesopo.net\/tr\/wp-json\/wp\/v2\/media?parent=6745"}],"curies":[{"name":"wp","href":"https:\/\/api.w.org\/{rel}","templated":true}]}}