{"id":6740,"date":"2025-09-23T21:25:25","date_gmt":"2025-09-23T21:25:25","guid":{"rendered":"https:\/\/mesopo.erindu.com\/?page_id=6740"},"modified":"2025-10-06T07:50:40","modified_gmt":"2025-10-06T07:50:40","slug":"odoo-erp-uygulama-hizmetleri","status":"publish","type":"page","link":"https:\/\/mesopo.net\/tr\/odoo-erp-uygulama-hizmetleri\/","title":{"rendered":"Odoo ERP Uygulama Hizmetleri"},"content":{"rendered":"\t\t<div data-elementor-type=\"wp-page\" data-elementor-id=\"6740\" class=\"elementor elementor-6740\">\n\t\t\t\t<div class=\"elementor-element elementor-element-352725d e-flex e-con-boxed e-con e-parent\" data-id=\"352725d\" data-element_type=\"container\" data-settings=\"{&quot;background_background&quot;:&quot;classic&quot;}\">\n\t\t\t\t\t<div class=\"e-con-inner\">\n\t\t<div class=\"elementor-element elementor-element-d3a1010 e-con-full e-flex e-con e-child\" data-id=\"d3a1010\" data-element_type=\"container\">\n\t\t\t\t<div class=\"elementor-element elementor-element-acf1f07 elementor-widget elementor-widget-text-editor\" data-id=\"acf1f07\" data-element_type=\"widget\" data-widget_type=\"text-editor.default\">\n\t\t\t\t\t\t\t\t\t<p data-start=\"36\" data-end=\"334\">Odoo ERP uygulama hizmetleri, i\u015fletmelere operasyonlar\u0131n\u0131 kolayla\u015ft\u0131ran, verimlili\u011fi art\u0131ran ve daha iyi karar almalar\u0131n\u0131 sa\u011flayan g\u00fc\u00e7l\u00fc, entegre bir \u00e7\u00f6z\u00fcm sunar. Odoo\u2019nun mod\u00fcler tasar\u0131m\u0131 sayesinde muhasebe, sat\u0131\u015f, envanter, \u0130K, CRM ve daha fazlas\u0131n\u0131 tek bir platform \u00fczerinden y\u00f6netebilirsiniz.<\/p><p data-start=\"336\" data-end=\"646\">Her uygulama projesi, i\u015fletmenizin ihtiya\u00e7lar\u0131na g\u00f6re \u00f6zelle\u015ftirilir; se\u00e7ilen mod\u00fcller hedefleriniz ve i\u015f s\u00fcre\u00e7lerinizle uyumlu hale getirilir. Analiz, \u00f6zelle\u015ftirme, kurulum ve e\u011fitim s\u00fcre\u00e7lerinden olu\u015fan yakla\u015f\u0131m\u0131m\u0131z, ekiplerinizin sistemi kolayca benimsemesini ve sorunsuz bir ge\u00e7i\u015f yapmas\u0131n\u0131 garanti eder.<\/p><p data-start=\"648\" data-end=\"860\">Odoo ERP\u2019nin temel avantajlar\u0131ndan biri \u00f6l\u00e7eklenebilirliktir. \u0130\u015fletmeniz b\u00fcy\u00fcd\u00fck\u00e7e, ek mod\u00fcller sorunsuz bir \u015fekilde entegre edilebilir; mevcut operasyonlar\u0131n\u0131zda kesinti olmadan gelece\u011fe d\u00f6n\u00fck bir \u00e7\u00f6z\u00fcm sunar.<\/p><p data-start=\"862\" data-end=\"1047\">Ba\u015far\u0131l\u0131 bir ERP uygulamas\u0131 yaln\u0131zca teknik kurulumdan ibaret de\u011fildir. Kullan\u0131c\u0131 e\u011fitimi, s\u00fcrekli destek ve optimizasyon, i\u015fletmenizin sistemden maksimum de\u011feri elde etmesini sa\u011flar.<\/p><p data-start=\"1049\" data-end=\"1276\" data-is-last-node=\"\" data-is-only-node=\"\">Sonu\u00e7 olarak, Odoo ERP uygulama hizmetleri, i\u015fletmelerin verilerini merkezi bir noktada toplamalar\u0131n\u0131, \u00fcretkenli\u011fi art\u0131rmalar\u0131n\u0131 ve daha ak\u0131ll\u0131ca kararlar alarak s\u00fcrd\u00fcr\u00fclebilir b\u00fcy\u00fcme ve rekabet avantaj\u0131 elde etmelerini sa\u011flar.<\/p>\t\t\t\t\t\t\t\t<\/div>\n\t\t\t\t<\/div>\n\t\t\t\t\t<\/div>\n\t\t\t\t<\/div>\n\t\t\t\t<\/div>\n\t\t","protected":false},"excerpt":{"rendered":"<p>Odoo ERP uygulama hizmetleri, i\u015fletmelere operasyonlar\u0131n\u0131 kolayla\u015ft\u0131ran, verimlili\u011fi art\u0131ran ve daha iyi karar almalar\u0131n\u0131 sa\u011flayan g\u00fc\u00e7l\u00fc, entegre bir \u00e7\u00f6z\u00fcm sunar. Odoo\u2019nun mod\u00fcler tasar\u0131m\u0131 sayesinde muhasebe, sat\u0131\u015f, envanter, \u0130K, CRM ve daha fazlas\u0131n\u0131 tek bir platform \u00fczerinden y\u00f6netebilirsiniz. Her uygulama projesi, i\u015fletmenizin ihtiya\u00e7lar\u0131na g\u00f6re \u00f6zelle\u015ftirilir; se\u00e7ilen mod\u00fcller hedefleriniz ve i\u015f s\u00fcre\u00e7lerinizle uyumlu hale getirilir. Analiz, \u00f6zelle\u015ftirme, [&hellip;]<\/p>\n","protected":false},"author":2,"featured_media":0,"parent":0,"menu_order":0,"comment_status":"closed","ping_status":"closed","template":"","meta":{"footnotes":""},"class_list":["post-6740","page","type-page","status-publish","hentry"],"_hostinger_reach_plugin_has_subscription_block":false,"_hostinger_reach_plugin_is_elementor":false,"_links":{"self":[{"href":"https:\/\/mesopo.net\/tr\/wp-json\/wp\/v2\/pages\/6740","targetHints":{"allow":["GET"]}}],"collection":[{"href":"https:\/\/mesopo.net\/tr\/wp-json\/wp\/v2\/pages"}],"about":[{"href":"https:\/\/mesopo.net\/tr\/wp-json\/wp\/v2\/types\/page"}],"author":[{"embeddable":true,"href":"https:\/\/mesopo.net\/tr\/wp-json\/wp\/v2\/users\/2"}],"replies":[{"embeddable":true,"href":"https:\/\/mesopo.net\/tr\/wp-json\/wp\/v2\/comments?post=6740"}],"version-history":[{"count":12,"href":"https:\/\/mesopo.net\/tr\/wp-json\/wp\/v2\/pages\/6740\/revisions"}],"predecessor-version":[{"id":7432,"href":"https:\/\/mesopo.net\/tr\/wp-json\/wp\/v2\/pages\/6740\/revisions\/7432"}],"wp:attachment":[{"href":"https:\/\/mesopo.net\/tr\/wp-json\/wp\/v2\/media?parent=6740"}],"curies":[{"name":"wp","href":"https:\/\/api.w.org\/{rel}","templated":true}]}}