{"id":6735,"date":"2025-09-23T21:24:03","date_gmt":"2025-09-23T21:24:03","guid":{"rendered":"https:\/\/mesopo.erindu.com\/?page_id=6735"},"modified":"2025-10-06T07:58:51","modified_gmt":"2025-10-06T07:58:51","slug":"sosyal-medya-kampanyalari","status":"publish","type":"page","link":"https:\/\/mesopo.net\/tr\/sosyal-medya-kampanyalari\/","title":{"rendered":"Sosyal Medya Kampanyalar\u0131"},"content":{"rendered":"\t\t<div data-elementor-type=\"wp-page\" data-elementor-id=\"6735\" class=\"elementor elementor-6735\">\n\t\t\t\t<div class=\"elementor-element elementor-element-352725d e-flex e-con-boxed e-con e-parent\" data-id=\"352725d\" data-element_type=\"container\" data-settings=\"{&quot;background_background&quot;:&quot;classic&quot;}\">\n\t\t\t\t\t<div class=\"e-con-inner\">\n\t\t<div class=\"elementor-element elementor-element-d3a1010 e-con-full e-flex e-con e-child\" data-id=\"d3a1010\" data-element_type=\"container\">\n\t\t\t\t<div class=\"elementor-element elementor-element-acf1f07 elementor-widget elementor-widget-text-editor\" data-id=\"acf1f07\" data-element_type=\"widget\" data-widget_type=\"text-editor.default\">\n\t\t\t\t\t\t\t\t\t<p data-start=\"33\" data-end=\"323\">Sosyal medya kampanyalar\u0131, kitlenizle etkile\u015fim kurman\u0131n, marka bilinirli\u011fini art\u0131rman\u0131n ve \u00e7oklu platformlarda anlaml\u0131 ba\u011flant\u0131lar sa\u011flaman\u0131n g\u00fc\u00e7l\u00fc bir yoludur. Her kanal i\u00e7in \u00f6zel i\u00e7erikler olu\u015fturarak, i\u015fletmeniz takip\u00e7ileriyle ki\u015fisel, ilgili ve etkili bir \u015fekilde ba\u011flant\u0131 kurabilir.<\/p><p data-start=\"325\" data-end=\"628\">Bu kampanyalar, yarat\u0131c\u0131l\u0131k ve stratejiyi birle\u015ftirir; g\u00f6rseller, videolar, anketler ve etkile\u015fimli payla\u015f\u0131mlar kullanarak dikkat \u00e7eker ve kat\u0131l\u0131m\u0131 art\u0131r\u0131r. \u0130yi planlanm\u0131\u015f bir sosyal medya kampanyas\u0131 yaln\u0131zca \u00fcr\u00fcn veya hizmetleri tan\u0131tmakla kalmaz, ayn\u0131 zamanda kitlenizle olan ili\u015fkileri g\u00fc\u00e7lendirir.<\/p><p data-start=\"630\" data-end=\"858\">Analitik ve performans takibi, ba\u015far\u0131l\u0131 kampanyalar\u0131n ayr\u0131lmaz bir par\u00e7as\u0131d\u0131r. Eri\u015fim, etkile\u015fim ve d\u00f6n\u00fc\u015f\u00fcm metriklerini izleyerek, i\u015fletmeler i\u00e7erik, hedefleme ve mesajlar\u0131n\u0131 s\u00fcrekli optimize edebilir ve maksimum etki sa\u011flar.<\/p><p data-start=\"860\" data-end=\"1121\">\u00d6l\u00e7eklenebilirlik, kampanyalar\u0131n i\u015fletmenizle birlikte b\u00fcy\u00fcmesine olanak tan\u0131r. K\u00fc\u00e7\u00fck, hedefli \u00e7al\u0131\u015fmalar veya b\u00fcy\u00fck \u00e7apl\u0131 \u00e7ok platformlu giri\u015fimler olsun, sosyal medya kampanyalar\u0131 hedeflerinize, kitle b\u00fcy\u00fckl\u00fc\u011f\u00fcn\u00fcze ve b\u00fct\u00e7enize uyacak \u015fekilde uyarlanabilir.<\/p><p data-start=\"1123\" data-end=\"1305\" data-is-last-node=\"\" data-is-only-node=\"\">Sonu\u00e7 olarak, sosyal medya kampanyalar\u0131 sadece bir pazarlama arac\u0131 de\u011fil; sadakat olu\u015fturmak, marka itibar\u0131n\u0131 g\u00fc\u00e7lendirmek ve uzun vadeli b\u00fcy\u00fcmeyi destekleyen stratejik bir kanald\u0131r.<\/p>\t\t\t\t\t\t\t\t<\/div>\n\t\t\t\t<\/div>\n\t\t\t\t\t<\/div>\n\t\t\t\t<\/div>\n\t\t\t\t<\/div>\n\t\t","protected":false},"excerpt":{"rendered":"<p>Sosyal medya kampanyalar\u0131, kitlenizle etkile\u015fim kurman\u0131n, marka bilinirli\u011fini art\u0131rman\u0131n ve \u00e7oklu platformlarda anlaml\u0131 ba\u011flant\u0131lar sa\u011flaman\u0131n g\u00fc\u00e7l\u00fc bir yoludur. Her kanal i\u00e7in \u00f6zel i\u00e7erikler olu\u015fturarak, i\u015fletmeniz takip\u00e7ileriyle ki\u015fisel, ilgili ve etkili bir \u015fekilde ba\u011flant\u0131 kurabilir. Bu kampanyalar, yarat\u0131c\u0131l\u0131k ve stratejiyi birle\u015ftirir; g\u00f6rseller, videolar, anketler ve etkile\u015fimli payla\u015f\u0131mlar kullanarak dikkat \u00e7eker ve kat\u0131l\u0131m\u0131 art\u0131r\u0131r. \u0130yi planlanm\u0131\u015f bir [&hellip;]<\/p>\n","protected":false},"author":2,"featured_media":0,"parent":0,"menu_order":0,"comment_status":"closed","ping_status":"closed","template":"","meta":{"footnotes":""},"class_list":["post-6735","page","type-page","status-publish","hentry"],"_hostinger_reach_plugin_has_subscription_block":false,"_hostinger_reach_plugin_is_elementor":false,"_links":{"self":[{"href":"https:\/\/mesopo.net\/tr\/wp-json\/wp\/v2\/pages\/6735","targetHints":{"allow":["GET"]}}],"collection":[{"href":"https:\/\/mesopo.net\/tr\/wp-json\/wp\/v2\/pages"}],"about":[{"href":"https:\/\/mesopo.net\/tr\/wp-json\/wp\/v2\/types\/page"}],"author":[{"embeddable":true,"href":"https:\/\/mesopo.net\/tr\/wp-json\/wp\/v2\/users\/2"}],"replies":[{"embeddable":true,"href":"https:\/\/mesopo.net\/tr\/wp-json\/wp\/v2\/comments?post=6735"}],"version-history":[{"count":8,"href":"https:\/\/mesopo.net\/tr\/wp-json\/wp\/v2\/pages\/6735\/revisions"}],"predecessor-version":[{"id":7453,"href":"https:\/\/mesopo.net\/tr\/wp-json\/wp\/v2\/pages\/6735\/revisions\/7453"}],"wp:attachment":[{"href":"https:\/\/mesopo.net\/tr\/wp-json\/wp\/v2\/media?parent=6735"}],"curies":[{"name":"wp","href":"https:\/\/api.w.org\/{rel}","templated":true}]}}