{"id":6730,"date":"2025-09-23T21:22:14","date_gmt":"2025-09-23T21:22:14","guid":{"rendered":"https:\/\/mesopo.erindu.com\/?page_id=6730"},"modified":"2025-10-06T07:37:13","modified_gmt":"2025-10-06T07:37:13","slug":"facebook-reklamlari","status":"publish","type":"page","link":"https:\/\/mesopo.net\/tr\/facebook-reklamlari\/","title":{"rendered":"Facebook Reklamlar\u0131"},"content":{"rendered":"\t\t<div data-elementor-type=\"wp-page\" data-elementor-id=\"6730\" class=\"elementor elementor-6730\">\n\t\t\t\t<div class=\"elementor-element elementor-element-352725d e-flex e-con-boxed e-con e-parent\" data-id=\"352725d\" data-element_type=\"container\" data-settings=\"{&quot;background_background&quot;:&quot;classic&quot;}\">\n\t\t\t\t\t<div class=\"e-con-inner\">\n\t\t<div class=\"elementor-element elementor-element-d3a1010 e-con-full e-flex e-con e-child\" data-id=\"d3a1010\" data-element_type=\"container\">\n\t\t\t\t<div class=\"elementor-element elementor-element-acf1f07 elementor-widget elementor-widget-text-editor\" data-id=\"acf1f07\" data-element_type=\"widget\" data-widget_type=\"text-editor.default\">\n\t\t\t\t\t\t\t\t\t<h6 class=\"sr-only\">ChatGPT said:<\/h6><div class=\"text-base my-auto mx-auto pb-10 [--thread-content-margin:--spacing(4)] thread-sm:[--thread-content-margin:--spacing(6)] thread-lg:[--thread-content-margin:--spacing(16)] px-(--thread-content-margin)\"><div class=\"[--thread-content-max-width:40rem] thread-lg:[--thread-content-max-width:48rem] mx-auto max-w-(--thread-content-max-width) flex-1 group\/turn-messages focus-visible:outline-hidden relative flex w-full min-w-0 flex-col agent-turn\" tabindex=\"-1\"><div class=\"flex max-w-full flex-col grow\"><div class=\"min-h-8 text-message relative flex w-full flex-col items-end gap-2 text-start break-words whitespace-normal [.text-message+&amp;]:mt-5\" dir=\"auto\" data-message-author-role=\"assistant\" data-message-id=\"b30c8b48-9d45-4ce3-9d84-8c2dcc086f27\" data-message-model-slug=\"gpt-5-mini\"><div class=\"flex w-full flex-col gap-1 empty:hidden first:pt-[1px]\"><div class=\"markdown prose dark:prose-invert w-full break-words dark markdown-new-styling\"><p data-start=\"27\" data-end=\"310\">Facebook reklamlar\u0131, g\u00fcn\u00fcm\u00fcz dijital pazar\u0131nda hedef kitlenize ula\u015fman\u0131n ve etkile\u015fim sa\u011flaman\u0131n en etkili yollar\u0131ndan biridir. Geli\u015fmi\u015f hedefleme se\u00e7enekleri sayesinde i\u015fletmeniz, do\u011fru ki\u015filere do\u011fru zamanda ula\u015farak g\u00f6r\u00fcn\u00fcrl\u00fc\u011f\u00fc art\u0131rabilir ve \u00f6l\u00e7\u00fclebilir sonu\u00e7lar elde edebilir.<\/p><p data-start=\"312\" data-end=\"616\">Bu reklamlar, yaln\u0131zca basit tan\u0131t\u0131mlar de\u011fildir \u2014 \u00fcr\u00fcnleri, hizmetleri ve teklifleri kullan\u0131c\u0131 ilgisine g\u00f6re etkile\u015fimli bir \u015fekilde sunman\u0131za imkan tan\u0131r. G\u00f6rsel ve video reklamlar\u0131ndan d\u00f6ng\u00fcsel (carousel) ve hik\u00e2ye formatlar\u0131na kadar Facebook, farkl\u0131 pazarlama hedefleri i\u00e7in \u00e7e\u015fitli \u00e7\u00f6z\u00fcmler sunar.<\/p><p data-start=\"618\" data-end=\"869\">Performans takibi, Facebook reklamlar\u0131n\u0131n temel g\u00fcc\u00fcd\u00fcr. Ayr\u0131nt\u0131l\u0131 analiz ve i\u00e7g\u00f6r\u00fcler sayesinde g\u00f6sterimler, t\u0131klamalar ve d\u00f6n\u00fc\u015f\u00fcmler ger\u00e7ek zamanl\u0131 olarak izlenebilir; b\u00f6ylece kampanyalar\u0131n\u0131z\u0131 maksimum yat\u0131r\u0131m getirisi i\u00e7in optimize edebilirsiniz.<\/p><p data-start=\"871\" data-end=\"1124\">\u00d6l\u00e7eklenebilirlik, Facebook reklamlar\u0131n\u0131 her b\u00fcy\u00fckl\u00fckteki i\u015fletme i\u00e7in uygun hale getirir. \u0130ster bir startup olun, ister b\u00fcy\u00fck bir \u015firket, kampanyalar b\u00fct\u00e7enize ve hedeflerinize g\u00f6re \u00f6zelle\u015ftirilebilir, esneklikten \u00f6d\u00fcn vermeden sonu\u00e7 alman\u0131z\u0131 sa\u011flar.<\/p><p data-start=\"1126\" data-end=\"1345\" data-is-last-node=\"\" data-is-only-node=\"\">Sonu\u00e7 olarak, Facebook reklamlar\u0131 sadece tan\u0131t\u0131m yapmak i\u00e7in de\u011fildir \u2014 m\u00fc\u015fteri ili\u015fkileri kurmak, marka bilinirli\u011fini art\u0131rmak ve veri odakl\u0131, m\u00fc\u015fteri merkezli stratejilerle b\u00fcy\u00fcmeyi desteklemek i\u00e7in g\u00fc\u00e7l\u00fc bir ara\u00e7t\u0131r.<\/p><\/div><\/div><\/div><\/div><\/div><\/div>\t\t\t\t\t\t\t\t<\/div>\n\t\t\t\t<\/div>\n\t\t\t\t\t<\/div>\n\t\t\t\t<\/div>\n\t\t\t\t<\/div>\n\t\t","protected":false},"excerpt":{"rendered":"<p>ChatGPT said: Facebook reklamlar\u0131, g\u00fcn\u00fcm\u00fcz dijital pazar\u0131nda hedef kitlenize ula\u015fman\u0131n ve etkile\u015fim sa\u011flaman\u0131n en etkili yollar\u0131ndan biridir. Geli\u015fmi\u015f hedefleme se\u00e7enekleri sayesinde i\u015fletmeniz, do\u011fru ki\u015filere do\u011fru zamanda ula\u015farak g\u00f6r\u00fcn\u00fcrl\u00fc\u011f\u00fc art\u0131rabilir ve \u00f6l\u00e7\u00fclebilir sonu\u00e7lar elde edebilir. Bu reklamlar, yaln\u0131zca basit tan\u0131t\u0131mlar de\u011fildir \u2014 \u00fcr\u00fcnleri, hizmetleri ve teklifleri kullan\u0131c\u0131 ilgisine g\u00f6re etkile\u015fimli bir \u015fekilde sunman\u0131za imkan tan\u0131r. G\u00f6rsel [&hellip;]<\/p>\n","protected":false},"author":2,"featured_media":0,"parent":0,"menu_order":0,"comment_status":"closed","ping_status":"closed","template":"","meta":{"footnotes":""},"class_list":["post-6730","page","type-page","status-publish","hentry"],"_hostinger_reach_plugin_has_subscription_block":false,"_hostinger_reach_plugin_is_elementor":false,"_links":{"self":[{"href":"https:\/\/mesopo.net\/tr\/wp-json\/wp\/v2\/pages\/6730","targetHints":{"allow":["GET"]}}],"collection":[{"href":"https:\/\/mesopo.net\/tr\/wp-json\/wp\/v2\/pages"}],"about":[{"href":"https:\/\/mesopo.net\/tr\/wp-json\/wp\/v2\/types\/page"}],"author":[{"embeddable":true,"href":"https:\/\/mesopo.net\/tr\/wp-json\/wp\/v2\/users\/2"}],"replies":[{"embeddable":true,"href":"https:\/\/mesopo.net\/tr\/wp-json\/wp\/v2\/comments?post=6730"}],"version-history":[{"count":11,"href":"https:\/\/mesopo.net\/tr\/wp-json\/wp\/v2\/pages\/6730\/revisions"}],"predecessor-version":[{"id":7397,"href":"https:\/\/mesopo.net\/tr\/wp-json\/wp\/v2\/pages\/6730\/revisions\/7397"}],"wp:attachment":[{"href":"https:\/\/mesopo.net\/tr\/wp-json\/wp\/v2\/media?parent=6730"}],"curies":[{"name":"wp","href":"https:\/\/api.w.org\/{rel}","templated":true}]}}