{"id":6725,"date":"2025-09-23T21:20:29","date_gmt":"2025-09-23T21:20:29","guid":{"rendered":"https:\/\/mesopo.erindu.com\/?page_id=6725"},"modified":"2025-10-06T07:40:51","modified_gmt":"2025-10-06T07:40:51","slug":"grafik-tasarim","status":"publish","type":"page","link":"https:\/\/mesopo.net\/tr\/grafik-tasarim\/","title":{"rendered":"Grafik Tasar\u0131m"},"content":{"rendered":"\t\t<div data-elementor-type=\"wp-page\" data-elementor-id=\"6725\" class=\"elementor elementor-6725\">\n\t\t\t\t<div class=\"elementor-element elementor-element-352725d e-flex e-con-boxed e-con e-parent\" data-id=\"352725d\" data-element_type=\"container\" data-settings=\"{&quot;background_background&quot;:&quot;classic&quot;}\">\n\t\t\t\t\t<div class=\"e-con-inner\">\n\t\t<div class=\"elementor-element elementor-element-d3a1010 e-con-full e-flex e-con e-child\" data-id=\"d3a1010\" data-element_type=\"container\">\n\t\t\t\t<div class=\"elementor-element elementor-element-acf1f07 elementor-widget elementor-widget-text-editor\" data-id=\"acf1f07\" data-element_type=\"widget\" data-widget_type=\"text-editor.default\">\n\t\t\t\t\t\t\t\t\t<h6 class=\"sr-only\">\u00a0<\/h6><div class=\"text-base my-auto mx-auto pb-10 [--thread-content-margin:--spacing(4)] thread-sm:[--thread-content-margin:--spacing(6)] thread-lg:[--thread-content-margin:--spacing(16)] px-(--thread-content-margin)\"><div class=\"[--thread-content-max-width:40rem] thread-lg:[--thread-content-max-width:48rem] mx-auto max-w-(--thread-content-max-width) flex-1 group\/turn-messages focus-visible:outline-hidden relative flex w-full min-w-0 flex-col agent-turn\" tabindex=\"-1\"><div class=\"flex max-w-full flex-col grow\"><div class=\"min-h-8 text-message relative flex w-full flex-col items-end gap-2 text-start break-words whitespace-normal [.text-message+&amp;]:mt-5\" dir=\"auto\" data-message-author-role=\"assistant\" data-message-id=\"76a0324f-d97d-4a5d-8159-0dd66301216b\" data-message-model-slug=\"gpt-5-mini\"><div class=\"flex w-full flex-col gap-1 empty:hidden first:pt-[1px]\"><div class=\"markdown prose dark:prose-invert w-full break-words dark markdown-new-styling\"><p data-start=\"39\" data-end=\"302\">Grafik tasar\u0131m, sadece g\u00f6rsellikten \u00f6te bir g\u00fc\u00e7t\u00fcr \u2014 markan\u0131z\u0131n nas\u0131l alg\u0131land\u0131\u011f\u0131n\u0131 ve hat\u0131rlanaca\u011f\u0131n\u0131 \u015fekillendirir. Yarat\u0131c\u0131 g\u00f6rseller arac\u0131l\u0131\u011f\u0131yla i\u015fletmeler, kimliklerini, de\u011ferlerini ve mesajlar\u0131n\u0131 hedef kitleyle an\u0131nda ba\u011flant\u0131 kuracak \u015fekilde iletebilir.<\/p><p data-start=\"304\" data-end=\"608\">Logolar, bro\u015f\u00fcrler, sosyal medya g\u00f6rselleri ve pazarlama materyalleri gibi t\u00fcm tasar\u0131m \u00e7al\u0131\u015fmalar\u0131, marka tutarl\u0131l\u0131\u011f\u0131n\u0131 sa\u011flamak ve her platformda g\u00fc\u00e7l\u00fc bir g\u00f6rsel kimlik olu\u015fturmak i\u00e7in profesyonelce haz\u0131rlan\u0131r. G\u00fc\u00e7l\u00fc bir g\u00f6rsel kimlik, i\u015fletmenizin yo\u011fun rekabet ortam\u0131nda \u00f6ne \u00e7\u0131kmas\u0131n\u0131 garanti eder.<\/p><p data-start=\"610\" data-end=\"806\">\u0130yi tasar\u0131m ayn\u0131 zamanda i\u015flevseldir. Bizim yakla\u015f\u0131m\u0131m\u0131z, netlik ve kullan\u0131c\u0131 deneyimine odaklan\u0131r; her g\u00f6rsel \u00f6\u011fe sadece estetik de\u011fil, ayn\u0131 zamanda bilgiyi etkili ve g\u00fc\u00e7l\u00fc bir \u015fekilde aktar\u0131r.<\/p><p data-start=\"808\" data-end=\"1002\">\u00d6l\u00e7eklenebilirlik ve uyarlanabilirlik, tasar\u0131m\u0131n temel \u00f6zelliklerindendir. Bask\u0131, web veya mobil platformlar i\u00e7in gerekli t\u00fcm g\u00f6rseller, kalite ve marka b\u00fct\u00fcnl\u00fc\u011f\u00fcnden \u00f6d\u00fcn vermeden haz\u0131rlan\u0131r.<\/p><p data-start=\"1004\" data-end=\"1224\" data-is-last-node=\"\" data-is-only-node=\"\">Sonu\u00e7 olarak, grafik tasar\u0131m sadece dekorasyon de\u011fil \u2014 stratejik bir ara\u00e7t\u0131r. Do\u011fru tasar\u0131m ile tan\u0131n\u0131rl\u0131\u011f\u0131 art\u0131rabilir, g\u00fcven in\u015fa edebilir ve etkile\u015fim yaratan, b\u00fcy\u00fcmeyi destekleyen unutulmaz deneyimler sunabilirsiniz.<\/p><\/div><\/div><\/div><\/div><\/div><\/div>\t\t\t\t\t\t\t\t<\/div>\n\t\t\t\t<\/div>\n\t\t\t\t\t<\/div>\n\t\t\t\t<\/div>\n\t\t\t\t<\/div>\n\t\t","protected":false},"excerpt":{"rendered":"<p>\u00a0 Grafik tasar\u0131m, sadece g\u00f6rsellikten \u00f6te bir g\u00fc\u00e7t\u00fcr \u2014 markan\u0131z\u0131n nas\u0131l alg\u0131land\u0131\u011f\u0131n\u0131 ve hat\u0131rlanaca\u011f\u0131n\u0131 \u015fekillendirir. Yarat\u0131c\u0131 g\u00f6rseller arac\u0131l\u0131\u011f\u0131yla i\u015fletmeler, kimliklerini, de\u011ferlerini ve mesajlar\u0131n\u0131 hedef kitleyle an\u0131nda ba\u011flant\u0131 kuracak \u015fekilde iletebilir. Logolar, bro\u015f\u00fcrler, sosyal medya g\u00f6rselleri ve pazarlama materyalleri gibi t\u00fcm tasar\u0131m \u00e7al\u0131\u015fmalar\u0131, marka tutarl\u0131l\u0131\u011f\u0131n\u0131 sa\u011flamak ve her platformda g\u00fc\u00e7l\u00fc bir g\u00f6rsel kimlik olu\u015fturmak i\u00e7in profesyonelce [&hellip;]<\/p>\n","protected":false},"author":2,"featured_media":0,"parent":0,"menu_order":0,"comment_status":"closed","ping_status":"closed","template":"","meta":{"footnotes":""},"class_list":["post-6725","page","type-page","status-publish","hentry"],"_hostinger_reach_plugin_has_subscription_block":false,"_hostinger_reach_plugin_is_elementor":false,"_links":{"self":[{"href":"https:\/\/mesopo.net\/tr\/wp-json\/wp\/v2\/pages\/6725","targetHints":{"allow":["GET"]}}],"collection":[{"href":"https:\/\/mesopo.net\/tr\/wp-json\/wp\/v2\/pages"}],"about":[{"href":"https:\/\/mesopo.net\/tr\/wp-json\/wp\/v2\/types\/page"}],"author":[{"embeddable":true,"href":"https:\/\/mesopo.net\/tr\/wp-json\/wp\/v2\/users\/2"}],"replies":[{"embeddable":true,"href":"https:\/\/mesopo.net\/tr\/wp-json\/wp\/v2\/comments?post=6725"}],"version-history":[{"count":11,"href":"https:\/\/mesopo.net\/tr\/wp-json\/wp\/v2\/pages\/6725\/revisions"}],"predecessor-version":[{"id":7408,"href":"https:\/\/mesopo.net\/tr\/wp-json\/wp\/v2\/pages\/6725\/revisions\/7408"}],"wp:attachment":[{"href":"https:\/\/mesopo.net\/tr\/wp-json\/wp\/v2\/media?parent=6725"}],"curies":[{"name":"wp","href":"https:\/\/api.w.org\/{rel}","templated":true}]}}