{"id":6720,"date":"2025-09-23T21:16:51","date_gmt":"2025-09-23T21:16:51","guid":{"rendered":"https:\/\/mesopo.erindu.com\/?page_id=6720"},"modified":"2025-10-06T07:42:16","modified_gmt":"2025-10-06T07:42:16","slug":"hosting-ve-api-cozumleri","status":"publish","type":"page","link":"https:\/\/mesopo.net\/tr\/hosting-ve-api-cozumleri\/","title":{"rendered":"Hosting ve API \u00c7\u00f6z\u00fcmleri"},"content":{"rendered":"\t\t<div data-elementor-type=\"wp-page\" data-elementor-id=\"6720\" class=\"elementor elementor-6720\">\n\t\t\t\t<div class=\"elementor-element elementor-element-352725d e-flex e-con-boxed e-con e-parent\" data-id=\"352725d\" data-element_type=\"container\" data-settings=\"{&quot;background_background&quot;:&quot;classic&quot;}\">\n\t\t\t\t\t<div class=\"e-con-inner\">\n\t\t<div class=\"elementor-element elementor-element-d3a1010 e-con-full e-flex e-con e-child\" data-id=\"d3a1010\" data-element_type=\"container\">\n\t\t\t\t<div class=\"elementor-element elementor-element-acf1f07 elementor-widget elementor-widget-text-editor\" data-id=\"acf1f07\" data-element_type=\"widget\" data-widget_type=\"text-editor.default\">\n\t\t\t\t\t\t\t\t\t<p data-start=\"49\" data-end=\"311\">Hosting ve API \u00e7\u00f6z\u00fcmleri, dijital operasyonlar\u0131n g\u00fcvenilir \u015fekilde \u00e7al\u0131\u015fmas\u0131n\u0131 sa\u011flayan temel altyap\u0131y\u0131 olu\u015fturur. G\u00fcvenli hosting ile i\u015fletmenizin uygulamalar\u0131, web siteleri ve hizmetleri her zaman h\u0131zl\u0131 ve kesintisiz \u00e7al\u0131\u015f\u0131r, eri\u015filebilirli\u011fi garanti edilir.<\/p><p data-start=\"313\" data-end=\"609\">API\u2019ler (Uygulama Programlama Aray\u00fczleri), modern sistemlerde farkl\u0131 platform ve uygulamalar\u0131n sorunsuz bir \u015fekilde entegre olmas\u0131n\u0131 sa\u011flar. \u0130\u015f ara\u00e7lar\u0131n\u0131z\u0131n birbirleriyle ger\u00e7ek zamanl\u0131 veri al\u0131\u015fveri\u015fi yapmas\u0131na olanak tan\u0131r ve gereksiz karma\u015f\u0131kl\u0131klar\u0131 ortadan kald\u0131rarak i\u015flevselli\u011fi art\u0131r\u0131r.<\/p><p data-start=\"611\" data-end=\"851\">\u00d6l\u00e7eklenebilirlik, hem hosting hem de API hizmetlerinin temel avantaj\u0131d\u0131r. \u0130ster bir startup, ister bir kurumsal \u015firket olun, bu \u00e7\u00f6z\u00fcmler b\u00fcy\u00fcyen ihtiya\u00e7lar\u0131n\u0131za uyum sa\u011flar ve operasyonlar\u0131n\u0131z geni\u015fledik\u00e7e geli\u015fmi\u015f \u00f6zellikleri destekler.<\/p><p data-start=\"853\" data-end=\"1102\">G\u00fcvenlik ve performans her zaman \u00f6n plandad\u0131r. Hosting platformlar\u0131 firewall, yedekleme ve izleme sistemleri ile donat\u0131lm\u0131\u015ft\u0131r; API\u2019ler ise kimlik do\u011frulama ve \u015fifreleme ile hassas verilerin korunmas\u0131n\u0131 ve sekt\u00f6rel standartlara uyumu garanti eder.<\/p><p data-start=\"1104\" data-end=\"1389\" data-is-last-node=\"\" data-is-only-node=\"\">Sonu\u00e7 olarak, hosting ve API \u00e7\u00f6z\u00fcmleri sadece altyap\u0131 sa\u011flamakla kalmaz \u2014 i\u015fletmenizi yenilik yapmaya, sistemleri entegre etmeye ve g\u00fcvenle \u00f6l\u00e7eklendirmeye haz\u0131r hale getirir. H\u0131z, esneklik ve g\u00fcvenilirli\u011fi do\u011fru kombinasyonla kullanmak, \u015firketinizi uzun vadeli dijital ba\u015far\u0131ya ta\u015f\u0131r.<\/p>\t\t\t\t\t\t\t\t<\/div>\n\t\t\t\t<\/div>\n\t\t\t\t\t<\/div>\n\t\t\t\t<\/div>\n\t\t\t\t<\/div>\n\t\t","protected":false},"excerpt":{"rendered":"<p>Hosting ve API \u00e7\u00f6z\u00fcmleri, dijital operasyonlar\u0131n g\u00fcvenilir \u015fekilde \u00e7al\u0131\u015fmas\u0131n\u0131 sa\u011flayan temel altyap\u0131y\u0131 olu\u015fturur. G\u00fcvenli hosting ile i\u015fletmenizin uygulamalar\u0131, web siteleri ve hizmetleri her zaman h\u0131zl\u0131 ve kesintisiz \u00e7al\u0131\u015f\u0131r, eri\u015filebilirli\u011fi garanti edilir. API\u2019ler (Uygulama Programlama Aray\u00fczleri), modern sistemlerde farkl\u0131 platform ve uygulamalar\u0131n sorunsuz bir \u015fekilde entegre olmas\u0131n\u0131 sa\u011flar. \u0130\u015f ara\u00e7lar\u0131n\u0131z\u0131n birbirleriyle ger\u00e7ek zamanl\u0131 veri al\u0131\u015fveri\u015fi yapmas\u0131na [&hellip;]<\/p>\n","protected":false},"author":2,"featured_media":0,"parent":0,"menu_order":0,"comment_status":"closed","ping_status":"closed","template":"","meta":{"footnotes":""},"class_list":["post-6720","page","type-page","status-publish","hentry"],"_hostinger_reach_plugin_has_subscription_block":false,"_hostinger_reach_plugin_is_elementor":false,"_links":{"self":[{"href":"https:\/\/mesopo.net\/tr\/wp-json\/wp\/v2\/pages\/6720","targetHints":{"allow":["GET"]}}],"collection":[{"href":"https:\/\/mesopo.net\/tr\/wp-json\/wp\/v2\/pages"}],"about":[{"href":"https:\/\/mesopo.net\/tr\/wp-json\/wp\/v2\/types\/page"}],"author":[{"embeddable":true,"href":"https:\/\/mesopo.net\/tr\/wp-json\/wp\/v2\/users\/2"}],"replies":[{"embeddable":true,"href":"https:\/\/mesopo.net\/tr\/wp-json\/wp\/v2\/comments?post=6720"}],"version-history":[{"count":11,"href":"https:\/\/mesopo.net\/tr\/wp-json\/wp\/v2\/pages\/6720\/revisions"}],"predecessor-version":[{"id":7412,"href":"https:\/\/mesopo.net\/tr\/wp-json\/wp\/v2\/pages\/6720\/revisions\/7412"}],"wp:attachment":[{"href":"https:\/\/mesopo.net\/tr\/wp-json\/wp\/v2\/media?parent=6720"}],"curies":[{"name":"wp","href":"https:\/\/api.w.org\/{rel}","templated":true}]}}