{"id":6715,"date":"2025-09-23T21:15:02","date_gmt":"2025-09-23T21:15:02","guid":{"rendered":"https:\/\/mesopo.erindu.com\/?page_id=6715"},"modified":"2025-10-06T07:54:04","modified_gmt":"2025-10-06T07:54:04","slug":"profesyonel-e-postalar","status":"publish","type":"page","link":"https:\/\/mesopo.net\/tr\/profesyonel-e-postalar\/","title":{"rendered":"Profesyonel E-Postalar"},"content":{"rendered":"\t\t<div data-elementor-type=\"wp-page\" data-elementor-id=\"6715\" class=\"elementor elementor-6715\">\n\t\t\t\t<div class=\"elementor-element elementor-element-352725d e-flex e-con-boxed e-con e-parent\" data-id=\"352725d\" data-element_type=\"container\" data-settings=\"{&quot;background_background&quot;:&quot;classic&quot;}\">\n\t\t\t\t\t<div class=\"e-con-inner\">\n\t\t<div class=\"elementor-element elementor-element-d3a1010 e-con-full e-flex e-con e-child\" data-id=\"d3a1010\" data-element_type=\"container\">\n\t\t\t\t<div class=\"elementor-element elementor-element-acf1f07 elementor-widget elementor-widget-text-editor\" data-id=\"acf1f07\" data-element_type=\"widget\" data-widget_type=\"text-editor.default\">\n\t\t\t\t\t\t\t\t\t<p data-start=\"30\" data-end=\"325\">Profesyonel e-posta \u00e7\u00f6z\u00fcmleri, m\u00fc\u015fterileriniz ve i\u015f ortaklar\u0131n\u0131z ile g\u00fcvenilir ve etkili ileti\u015fim kurman\u0131z i\u00e7in hayati \u00f6neme sahiptir. Genel e-posta adreslerinden farkl\u0131 olarak, profesyonel e-postalar marka kimli\u011finizi yans\u0131t\u0131r ve i\u015fletmenizin itibar\u0131n\u0131 g\u00fc\u00e7lendiren kal\u0131c\u0131 bir izlenim b\u0131rak\u0131r.<\/p><p data-start=\"327\" data-end=\"530\">Bu \u00e7\u00f6z\u00fcmler, payla\u015f\u0131lan takvimler, ki\u015fi y\u00f6netimi ve bulut depolama entegrasyonu gibi \u00f6zelliklerle i\u015f birli\u011fini kolayla\u015ft\u0131r\u0131r. Ekibiniz her yerden etkili bir \u015fekilde \u00e7al\u0131\u015fabilir ve ba\u011flant\u0131da kalabilir.<\/p><p data-start=\"532\" data-end=\"768\">G\u00fcvenlik ve gizlilik, profesyonel e-posta sistemlerinin temelini olu\u015fturur. Geli\u015fmi\u015f \u015fifreleme, spam filtreleri ve tehdit tespit sistemleri sayesinde hassas bilgileriniz korunur; hem i\u015fletmeniz hem de m\u00fc\u015fterileriniz i\u00e7in huzur sa\u011flar.<\/p><p data-start=\"770\" data-end=\"975\">\u00d6l\u00e7eklenebilirlik, profesyonel e-postalar\u0131n bir di\u011fer \u00f6nemli avantaj\u0131d\u0131r \u2014 k\u00fc\u00e7\u00fck bir giri\u015fimden h\u0131zla b\u00fcy\u00fcyen bir kurulu\u015fa kadar, platform ihtiya\u00e7lar\u0131n\u0131za uygun olarak hesap ve depolama ekleyebilirsiniz.<\/p><p data-start=\"977\" data-end=\"1253\" data-is-last-node=\"\" data-is-only-node=\"\">\u00d6zetle, profesyonel e-postalar yaln\u0131zca ileti\u015fim ara\u00e7lar\u0131 de\u011fildir \u2014 markan\u0131z\u0131n profesyonelli\u011fini yans\u0131tan bir imajd\u0131r. Do\u011fru \u00e7\u00f6z\u00fcm\u00fc benimseyerek itibar\u0131n\u0131z\u0131 g\u00fc\u00e7lendirir, ekip \u00e7al\u0131\u015fmas\u0131n\u0131 geli\u015ftirir ve i\u015fletmenizin her seviyesinde g\u00fcvenilir ileti\u015fimi garanti alt\u0131na al\u0131rs\u0131n\u0131z.<\/p>\t\t\t\t\t\t\t\t<\/div>\n\t\t\t\t<\/div>\n\t\t\t\t\t<\/div>\n\t\t\t\t<\/div>\n\t\t\t\t<\/div>\n\t\t","protected":false},"excerpt":{"rendered":"<p>Profesyonel e-posta \u00e7\u00f6z\u00fcmleri, m\u00fc\u015fterileriniz ve i\u015f ortaklar\u0131n\u0131z ile g\u00fcvenilir ve etkili ileti\u015fim kurman\u0131z i\u00e7in hayati \u00f6neme sahiptir. Genel e-posta adreslerinden farkl\u0131 olarak, profesyonel e-postalar marka kimli\u011finizi yans\u0131t\u0131r ve i\u015fletmenizin itibar\u0131n\u0131 g\u00fc\u00e7lendiren kal\u0131c\u0131 bir izlenim b\u0131rak\u0131r. Bu \u00e7\u00f6z\u00fcmler, payla\u015f\u0131lan takvimler, ki\u015fi y\u00f6netimi ve bulut depolama entegrasyonu gibi \u00f6zelliklerle i\u015f birli\u011fini kolayla\u015ft\u0131r\u0131r. Ekibiniz her yerden etkili bir [&hellip;]<\/p>\n","protected":false},"author":2,"featured_media":0,"parent":0,"menu_order":0,"comment_status":"closed","ping_status":"closed","template":"","meta":{"footnotes":""},"class_list":["post-6715","page","type-page","status-publish","hentry"],"_hostinger_reach_plugin_has_subscription_block":false,"_hostinger_reach_plugin_is_elementor":false,"_links":{"self":[{"href":"https:\/\/mesopo.net\/tr\/wp-json\/wp\/v2\/pages\/6715","targetHints":{"allow":["GET"]}}],"collection":[{"href":"https:\/\/mesopo.net\/tr\/wp-json\/wp\/v2\/pages"}],"about":[{"href":"https:\/\/mesopo.net\/tr\/wp-json\/wp\/v2\/types\/page"}],"author":[{"embeddable":true,"href":"https:\/\/mesopo.net\/tr\/wp-json\/wp\/v2\/users\/2"}],"replies":[{"embeddable":true,"href":"https:\/\/mesopo.net\/tr\/wp-json\/wp\/v2\/comments?post=6715"}],"version-history":[{"count":11,"href":"https:\/\/mesopo.net\/tr\/wp-json\/wp\/v2\/pages\/6715\/revisions"}],"predecessor-version":[{"id":7440,"href":"https:\/\/mesopo.net\/tr\/wp-json\/wp\/v2\/pages\/6715\/revisions\/7440"}],"wp:attachment":[{"href":"https:\/\/mesopo.net\/tr\/wp-json\/wp\/v2\/media?parent=6715"}],"curies":[{"name":"wp","href":"https:\/\/api.w.org\/{rel}","templated":true}]}}