{"id":6707,"date":"2025-09-23T21:12:35","date_gmt":"2025-09-23T21:12:35","guid":{"rendered":"https:\/\/mesopo.erindu.com\/?page_id=6707"},"modified":"2025-10-06T07:35:26","modified_gmt":"2025-10-06T07:35:26","slug":"e-ticaret-cozumleri","status":"publish","type":"page","link":"https:\/\/mesopo.net\/tr\/e-ticaret-cozumleri\/","title":{"rendered":"E-Ticaret \u00c7\u00f6z\u00fcmleri"},"content":{"rendered":"\t\t<div data-elementor-type=\"wp-page\" data-elementor-id=\"6707\" class=\"elementor elementor-6707\">\n\t\t\t\t<div class=\"elementor-element elementor-element-352725d e-flex e-con-boxed e-con e-parent\" data-id=\"352725d\" data-element_type=\"container\" data-settings=\"{&quot;background_background&quot;:&quot;classic&quot;}\">\n\t\t\t\t\t<div class=\"e-con-inner\">\n\t\t<div class=\"elementor-element elementor-element-d3a1010 e-con-full e-flex e-con e-child\" data-id=\"d3a1010\" data-element_type=\"container\">\n\t\t\t\t<div class=\"elementor-element elementor-element-acf1f07 elementor-widget elementor-widget-text-editor\" data-id=\"acf1f07\" data-element_type=\"widget\" data-widget_type=\"text-editor.default\">\n\t\t\t\t\t\t\t\t\t<p data-start=\"27\" data-end=\"396\">E-ticaret \u00e7\u00f6z\u00fcmleri, i\u015fletmelerin g\u00fc\u00e7l\u00fc bir \u00e7evrimi\u00e7i varl\u0131k olu\u015fturmalar\u0131na ve m\u00fc\u015fterilerine kesintisiz al\u0131\u015fveri\u015f deneyimi sunmalar\u0131na yard\u0131mc\u0131 olacak \u015fekilde tasarlanm\u0131\u015ft\u0131r. G\u00fcvenli ve kullan\u0131c\u0131 dostu platformlar arac\u0131l\u0131\u011f\u0131yla \u00fcr\u00fcnlerinizi kolayca sergileyebilir, sat\u0131\u015flar\u0131 y\u00f6netebilir ve geleneksel s\u0131n\u0131rlar\u0131n \u00f6tesine ge\u00e7erek daha geni\u015f bir kitleye ula\u015fabilirsiniz.<\/p><p data-start=\"398\" data-end=\"640\">Bu \u00e7\u00f6z\u00fcmler, \u00f6deme a\u011f ge\u00e7itleri, stok y\u00f6netimi ve sipari\u015f takibi gibi temel \u00f6zellikleri entegre ederek operasyonlar\u0131 basitle\u015ftirir. B\u00f6ylece hem i\u015fletmeler hem de m\u00fc\u015fteriler, \u00fcr\u00fcn incelemeden \u00f6deme a\u015famas\u0131na kadar sorunsuz bir deneyim ya\u015far.<\/p><p data-start=\"642\" data-end=\"925\">\u00d6l\u00e7eklenebilirlik, e-ticaret \u00e7\u00f6z\u00fcmlerinin merkezinde yer al\u0131r. \u0130\u015fletmeniz b\u00fcy\u00fcd\u00fck\u00e7e, ki\u015fiselle\u015ftirilmi\u015f \u00f6neriler, sadakat programlar\u0131 ve \u00e7ok kanall\u0131 entegrasyon gibi geli\u015fmi\u015f i\u015flevlerle platform geni\u015fletilebilir; b\u00f6ylece h\u0131zl\u0131 hareket eden dijital pazarda rekabet\u00e7i kalabilirsiniz.<\/p><p data-start=\"927\" data-end=\"1172\">G\u00fcvenlik ve g\u00fcvenilirlik, \u00e7evrimi\u00e7i ticarette kritik \u00f6neme sahiptir. Modern e-ticaret platformlar\u0131 g\u00fc\u00e7l\u00fc \u015fifreleme, sahtek\u00e2rl\u0131k tespiti ve uyumluluk standartlar\u0131 ile donat\u0131lm\u0131\u015ft\u0131r; bu, m\u00fc\u015fteri verilerini korur ve markan\u0131za olan g\u00fcveni art\u0131r\u0131r.<\/p><p data-start=\"1174\" data-end=\"1443\" data-is-last-node=\"\" data-is-only-node=\"\">Sonu\u00e7 olarak, e-ticaret \u00e7\u00f6z\u00fcmleri sadece dijital ma\u011fazalar de\u011fildir \u2014 ayn\u0131 zamanda b\u00fcy\u00fcme motorlar\u0131d\u0131r. Do\u011fru platformu kullanarak yaln\u0131zca sat\u0131\u015flar\u0131 art\u0131rmakla kalmaz, ayn\u0131 zamanda kolayl\u0131k, g\u00fcvenilirlik ve yenilik ile m\u00fc\u015fterilerinizle kal\u0131c\u0131 ili\u015fkiler kurabilirsiniz.<\/p>\t\t\t\t\t\t\t\t<\/div>\n\t\t\t\t<\/div>\n\t\t\t\t\t<\/div>\n\t\t\t\t<\/div>\n\t\t\t\t<\/div>\n\t\t","protected":false},"excerpt":{"rendered":"<p>E-ticaret \u00e7\u00f6z\u00fcmleri, i\u015fletmelerin g\u00fc\u00e7l\u00fc bir \u00e7evrimi\u00e7i varl\u0131k olu\u015fturmalar\u0131na ve m\u00fc\u015fterilerine kesintisiz al\u0131\u015fveri\u015f deneyimi sunmalar\u0131na yard\u0131mc\u0131 olacak \u015fekilde tasarlanm\u0131\u015ft\u0131r. G\u00fcvenli ve kullan\u0131c\u0131 dostu platformlar arac\u0131l\u0131\u011f\u0131yla \u00fcr\u00fcnlerinizi kolayca sergileyebilir, sat\u0131\u015flar\u0131 y\u00f6netebilir ve geleneksel s\u0131n\u0131rlar\u0131n \u00f6tesine ge\u00e7erek daha geni\u015f bir kitleye ula\u015fabilirsiniz. Bu \u00e7\u00f6z\u00fcmler, \u00f6deme a\u011f ge\u00e7itleri, stok y\u00f6netimi ve sipari\u015f takibi gibi temel \u00f6zellikleri entegre ederek operasyonlar\u0131 [&hellip;]<\/p>\n","protected":false},"author":2,"featured_media":0,"parent":0,"menu_order":0,"comment_status":"closed","ping_status":"closed","template":"","meta":{"footnotes":""},"class_list":["post-6707","page","type-page","status-publish","hentry"],"_hostinger_reach_plugin_has_subscription_block":false,"_hostinger_reach_plugin_is_elementor":false,"_links":{"self":[{"href":"https:\/\/mesopo.net\/tr\/wp-json\/wp\/v2\/pages\/6707","targetHints":{"allow":["GET"]}}],"collection":[{"href":"https:\/\/mesopo.net\/tr\/wp-json\/wp\/v2\/pages"}],"about":[{"href":"https:\/\/mesopo.net\/tr\/wp-json\/wp\/v2\/types\/page"}],"author":[{"embeddable":true,"href":"https:\/\/mesopo.net\/tr\/wp-json\/wp\/v2\/users\/2"}],"replies":[{"embeddable":true,"href":"https:\/\/mesopo.net\/tr\/wp-json\/wp\/v2\/comments?post=6707"}],"version-history":[{"count":14,"href":"https:\/\/mesopo.net\/tr\/wp-json\/wp\/v2\/pages\/6707\/revisions"}],"predecessor-version":[{"id":7393,"href":"https:\/\/mesopo.net\/tr\/wp-json\/wp\/v2\/pages\/6707\/revisions\/7393"}],"wp:attachment":[{"href":"https:\/\/mesopo.net\/tr\/wp-json\/wp\/v2\/media?parent=6707"}],"curies":[{"name":"wp","href":"https:\/\/api.w.org\/{rel}","templated":true}]}}