{"id":6699,"date":"2025-09-23T21:03:08","date_gmt":"2025-09-23T21:03:08","guid":{"rendered":"https:\/\/mesopo.erindu.com\/?page_id=6699"},"modified":"2025-10-06T07:17:12","modified_gmt":"2025-10-06T07:17:12","slug":"otomasyon-araclari","status":"publish","type":"page","link":"https:\/\/mesopo.net\/tr\/otomasyon-araclari\/","title":{"rendered":"Otomasyon Ara\u00e7lar\u0131"},"content":{"rendered":"\t\t<div data-elementor-type=\"wp-page\" data-elementor-id=\"6699\" class=\"elementor elementor-6699\">\n\t\t\t\t<div class=\"elementor-element elementor-element-352725d e-flex e-con-boxed e-con e-parent\" data-id=\"352725d\" data-element_type=\"container\" data-settings=\"{&quot;background_background&quot;:&quot;classic&quot;}\">\n\t\t\t\t\t<div class=\"e-con-inner\">\n\t\t<div class=\"elementor-element elementor-element-d3a1010 e-con-full e-flex e-con e-child\" data-id=\"d3a1010\" data-element_type=\"container\">\n\t\t\t\t<div class=\"elementor-element elementor-element-acf1f07 elementor-widget elementor-widget-text-editor\" data-id=\"acf1f07\" data-element_type=\"widget\" data-widget_type=\"text-editor.default\">\n\t\t\t\t\t\t\t\t\t<p>Otomasyon ara\u00e7lar\u0131, tekrarlayan g\u00f6revleri basitle\u015ftirmek, hatalar\u0131 azaltmak ve i\u015fletmeniz i\u00e7in de\u011ferli zaman\u0131 tasarruf etmek amac\u0131yla tasarlanm\u0131\u015ft\u0131r. G\u00fcnl\u00fck operasyonlar\u0131n\u0131za otomasyonu entegre ederek, verimlili\u011fi d\u00fc\u015f\u00fcren manuel s\u00fcre\u00e7leri ortadan kald\u0131rabilir ve oda\u011f\u0131n\u0131z\u0131 b\u00fcy\u00fcmeyi sa\u011flayan y\u00fcksek katma de\u011ferli faaliyetlere kayd\u0131rabilirsiniz.<\/p><p>Bu ara\u00e7lar, i\u015f ak\u0131\u015flar\u0131nda tutarl\u0131l\u0131\u011f\u0131 sa\u011flayarak verimlili\u011fi art\u0131r\u0131r. Veri giri\u015fi, hat\u0131rlat\u0131c\u0131 g\u00f6nderme veya rapor olu\u015fturma gibi g\u00f6revlerin otomatikle\u015ftirilmesi sayesinde i\u015flemler h\u0131zl\u0131 ve do\u011fru bir \u015fekilde, s\u00fcrekli insan m\u00fcdahalesine gerek kalmadan ger\u00e7ekle\u015ftirilir.<\/p><p>Otomasyonun en b\u00fcy\u00fck avantajlar\u0131ndan biri \u00f6l\u00e7eklenebilirliktir. \u0130\u015fletmeniz b\u00fcy\u00fcd\u00fck\u00e7e, otomatik sistemler daha b\u00fcy\u00fck i\u015f y\u00fcklerini kalite veya h\u0131zdan \u00f6d\u00fcn vermeden kolayca y\u00f6netebilir. Bu da artan talepler kar\u015f\u0131s\u0131nda bile operasyonlar\u0131n sorunsuz devam etmesini sa\u011flar.<\/p><p>G\u00fcvenlik ve g\u00fcvenilirlik de otomasyon ara\u00e7lar\u0131yla birlikte gelir. Hassas g\u00f6revlerde insan m\u00fcdahalesinin azalt\u0131lmas\u0131, hata veya g\u00fcvenlik ihlali risklerini en aza indirir. Ayr\u0131ca, modern otomasyon platformlar\u0131n\u0131n \u00e7o\u011fu, verilerinizi korumak i\u00e7in yerle\u015fik uyumluluk ve g\u00fcvenlik standartlar\u0131yla tasarlanm\u0131\u015ft\u0131r.<\/p><p>\u00d6zetle, otomasyon ara\u00e7lar\u0131 sadece zaman kazand\u0131rmakla kalmaz \u2014 i\u015fletmenizin \u00e7al\u0131\u015fma \u015feklini d\u00f6n\u00fc\u015ft\u00fcr\u00fcr. Do\u011fru \u00e7\u00f6z\u00fcmleri benimseyerek, ekibinizin daha ak\u0131ll\u0131 \u00e7al\u0131\u015fmas\u0131n\u0131, daha fazlas\u0131n\u0131 ba\u015farmas\u0131n\u0131 ve rutine de\u011fil yenili\u011fe odaklanmas\u0131n\u0131 sa\u011flars\u0131n\u0131z.<\/p>\t\t\t\t\t\t\t\t<\/div>\n\t\t\t\t<\/div>\n\t\t\t\t\t<\/div>\n\t\t\t\t<\/div>\n\t\t\t\t<\/div>\n\t\t","protected":false},"excerpt":{"rendered":"<p>Otomasyon ara\u00e7lar\u0131, tekrarlayan g\u00f6revleri basitle\u015ftirmek, hatalar\u0131 azaltmak ve i\u015fletmeniz i\u00e7in de\u011ferli zaman\u0131 tasarruf etmek amac\u0131yla tasarlanm\u0131\u015ft\u0131r. G\u00fcnl\u00fck operasyonlar\u0131n\u0131za otomasyonu entegre ederek, verimlili\u011fi d\u00fc\u015f\u00fcren manuel s\u00fcre\u00e7leri ortadan kald\u0131rabilir ve oda\u011f\u0131n\u0131z\u0131 b\u00fcy\u00fcmeyi sa\u011flayan y\u00fcksek katma de\u011ferli faaliyetlere kayd\u0131rabilirsiniz. Bu ara\u00e7lar, i\u015f ak\u0131\u015flar\u0131nda tutarl\u0131l\u0131\u011f\u0131 sa\u011flayarak verimlili\u011fi art\u0131r\u0131r. Veri giri\u015fi, hat\u0131rlat\u0131c\u0131 g\u00f6nderme veya rapor olu\u015fturma gibi g\u00f6revlerin otomatikle\u015ftirilmesi sayesinde [&hellip;]<\/p>\n","protected":false},"author":2,"featured_media":0,"parent":0,"menu_order":0,"comment_status":"closed","ping_status":"closed","template":"","meta":{"footnotes":""},"class_list":["post-6699","page","type-page","status-publish","hentry"],"_hostinger_reach_plugin_has_subscription_block":false,"_hostinger_reach_plugin_is_elementor":false,"_links":{"self":[{"href":"https:\/\/mesopo.net\/tr\/wp-json\/wp\/v2\/pages\/6699","targetHints":{"allow":["GET"]}}],"collection":[{"href":"https:\/\/mesopo.net\/tr\/wp-json\/wp\/v2\/pages"}],"about":[{"href":"https:\/\/mesopo.net\/tr\/wp-json\/wp\/v2\/types\/page"}],"author":[{"embeddable":true,"href":"https:\/\/mesopo.net\/tr\/wp-json\/wp\/v2\/users\/2"}],"replies":[{"embeddable":true,"href":"https:\/\/mesopo.net\/tr\/wp-json\/wp\/v2\/comments?post=6699"}],"version-history":[{"count":14,"href":"https:\/\/mesopo.net\/tr\/wp-json\/wp\/v2\/pages\/6699\/revisions"}],"predecessor-version":[{"id":7361,"href":"https:\/\/mesopo.net\/tr\/wp-json\/wp\/v2\/pages\/6699\/revisions\/7361"}],"wp:attachment":[{"href":"https:\/\/mesopo.net\/tr\/wp-json\/wp\/v2\/media?parent=6699"}],"curies":[{"name":"wp","href":"https:\/\/api.w.org\/{rel}","templated":true}]}}