{"id":6691,"date":"2025-09-23T20:57:58","date_gmt":"2025-09-23T20:57:58","guid":{"rendered":"https:\/\/mesopo.erindu.com\/?page_id=6691"},"modified":"2025-10-06T07:32:30","modified_gmt":"2025-10-06T07:32:30","slug":"ozel-yazilim","status":"publish","type":"page","link":"https:\/\/mesopo.net\/tr\/ozel-yazilim\/","title":{"rendered":"\u00d6zel Yaz\u0131l\u0131m"},"content":{"rendered":"\t\t<div data-elementor-type=\"wp-page\" data-elementor-id=\"6691\" class=\"elementor elementor-6691\">\n\t\t\t\t<div class=\"elementor-element elementor-element-352725d e-flex e-con-boxed e-con e-parent\" data-id=\"352725d\" data-element_type=\"container\" data-settings=\"{&quot;background_background&quot;:&quot;classic&quot;}\">\n\t\t\t\t\t<div class=\"e-con-inner\">\n\t\t<div class=\"elementor-element elementor-element-d3a1010 e-con-full e-flex e-con e-child\" data-id=\"d3a1010\" data-element_type=\"container\">\n\t\t\t\t<div class=\"elementor-element elementor-element-acf1f07 elementor-widget elementor-widget-text-editor\" data-id=\"acf1f07\" data-element_type=\"widget\" data-widget_type=\"text-editor.default\">\n\t\t\t\t\t\t\t\t\t<p>\u00d6zel yaz\u0131l\u0131m geli\u015ftirme, i\u015fletmenizin ihtiya\u00e7lar\u0131na tamamen uyarlanm\u0131\u015f \u00e7\u00f6z\u00fcmler yaratma s\u00fcrecidir. Haz\u0131r uygulamalar\u0131n aksine, \u00f6zel yaz\u0131l\u0131m i\u015f ak\u0131\u015flar\u0131n\u0131z, s\u00fcre\u00e7leriniz ve hedeflerinizle uyumlu olacak \u015fekilde tasarlan\u0131r; b\u00f6ylece her \u00f6zellik operasyonlar\u0131n\u0131z\u0131 do\u011frudan destekler ve \u00f6l\u00e7\u00fclebilir sonu\u00e7lar sa\u011flar.<\/p><p>Ki\u015fiselle\u015ftirilmi\u015f yakla\u015f\u0131m sayesinde, \u00f6zel yaz\u0131l\u0131m gereksiz karma\u015f\u0131kl\u0131\u011f\u0131 ortadan kald\u0131r\u0131r ve en \u00f6nemli ara\u00e7lara odaklanman\u0131z\u0131 sa\u011flar. Bu sadece verimlili\u011fi art\u0131rmakla kalmaz, ayn\u0131 zamanda ekibinizin teknolojiyle etkile\u015fimini g\u00fc\u00e7lendirir ve onlar\u0131n en iyi performans\u0131 g\u00f6stermelerine olanak tan\u0131r.<\/p><p>\u00d6l\u00e7eklenebilirlik, \u00f6zel yaz\u0131l\u0131m\u0131n bir di\u011fer \u00f6nemli avantaj\u0131d\u0131r. \u0130\u015fletmeniz b\u00fcy\u00fcd\u00fck\u00e7e, sistemleriniz performanstan \u00f6d\u00fcn vermeden uyum sa\u011flayabilmelidir. \u00d6zel bir \u00e7\u00f6z\u00fcm, yeni \u00f6zellikler ekleme, daha b\u00fcy\u00fck operasyonlar\u0131 destekleme ve h\u0131zla de\u011fi\u015fen pazarda rekabet\u00e7i kalma esnekli\u011fi sunar.<\/p><p>G\u00fcvenlik ve g\u00fcvenilirlik, \u00f6zel \u00e7\u00f6z\u00fcmlerin her katman\u0131na entegre edilmi\u015ftir. Yaz\u0131l\u0131m, \u00f6zel altyap\u0131n\u0131z ve kar\u015f\u0131la\u015ft\u0131\u011f\u0131n\u0131z zorluklar g\u00f6z \u00f6n\u00fcnde bulundurularak tasarland\u0131\u011f\u0131nda, riskler minimize edilir ve hassas veriler korunur \u2014 bu da size huzur verir ve end\u00fcstri standartlar\u0131na uyumu garanti eder.<\/p><p>Sonu\u00e7 olarak, \u00f6zel yaz\u0131l\u0131m yaln\u0131zca teknik bir ara\u00e7 de\u011fil, stratejik bir yat\u0131r\u0131md\u0131r. Teknolojiyi uzun vadeli vizyonunuzla uyumlu hale getirerek s\u00fcrd\u00fcr\u00fclebilir b\u00fcy\u00fcme, artan verimlilik ve i\u015fletmenizi rakiplerinden ay\u0131ran rekabet avantaj\u0131 i\u00e7in sa\u011flam bir temel olu\u015fturursunuz.<\/p>\t\t\t\t\t\t\t\t<\/div>\n\t\t\t\t<\/div>\n\t\t\t\t\t<\/div>\n\t\t\t\t<\/div>\n\t\t\t\t<\/div>\n\t\t","protected":false},"excerpt":{"rendered":"<p>\u00d6zel yaz\u0131l\u0131m geli\u015ftirme, i\u015fletmenizin ihtiya\u00e7lar\u0131na tamamen uyarlanm\u0131\u015f \u00e7\u00f6z\u00fcmler yaratma s\u00fcrecidir. Haz\u0131r uygulamalar\u0131n aksine, \u00f6zel yaz\u0131l\u0131m i\u015f ak\u0131\u015flar\u0131n\u0131z, s\u00fcre\u00e7leriniz ve hedeflerinizle uyumlu olacak \u015fekilde tasarlan\u0131r; b\u00f6ylece her \u00f6zellik operasyonlar\u0131n\u0131z\u0131 do\u011frudan destekler ve \u00f6l\u00e7\u00fclebilir sonu\u00e7lar sa\u011flar. Ki\u015fiselle\u015ftirilmi\u015f yakla\u015f\u0131m sayesinde, \u00f6zel yaz\u0131l\u0131m gereksiz karma\u015f\u0131kl\u0131\u011f\u0131 ortadan kald\u0131r\u0131r ve en \u00f6nemli ara\u00e7lara odaklanman\u0131z\u0131 sa\u011flar. Bu sadece verimlili\u011fi art\u0131rmakla kalmaz, ayn\u0131 [&hellip;]<\/p>\n","protected":false},"author":2,"featured_media":0,"parent":0,"menu_order":0,"comment_status":"closed","ping_status":"closed","template":"","meta":{"footnotes":""},"class_list":["post-6691","page","type-page","status-publish","hentry"],"_hostinger_reach_plugin_has_subscription_block":false,"_hostinger_reach_plugin_is_elementor":false,"_links":{"self":[{"href":"https:\/\/mesopo.net\/tr\/wp-json\/wp\/v2\/pages\/6691","targetHints":{"allow":["GET"]}}],"collection":[{"href":"https:\/\/mesopo.net\/tr\/wp-json\/wp\/v2\/pages"}],"about":[{"href":"https:\/\/mesopo.net\/tr\/wp-json\/wp\/v2\/types\/page"}],"author":[{"embeddable":true,"href":"https:\/\/mesopo.net\/tr\/wp-json\/wp\/v2\/users\/2"}],"replies":[{"embeddable":true,"href":"https:\/\/mesopo.net\/tr\/wp-json\/wp\/v2\/comments?post=6691"}],"version-history":[{"count":14,"href":"https:\/\/mesopo.net\/tr\/wp-json\/wp\/v2\/pages\/6691\/revisions"}],"predecessor-version":[{"id":7385,"href":"https:\/\/mesopo.net\/tr\/wp-json\/wp\/v2\/pages\/6691\/revisions\/7385"}],"wp:attachment":[{"href":"https:\/\/mesopo.net\/tr\/wp-json\/wp\/v2\/media?parent=6691"}],"curies":[{"name":"wp","href":"https:\/\/api.w.org\/{rel}","templated":true}]}}