{"id":6617,"date":"2025-09-23T19:19:20","date_gmt":"2025-09-23T19:19:20","guid":{"rendered":"https:\/\/mesopo.erindu.com\/?page_id=6617"},"modified":"2025-10-06T07:29:16","modified_gmt":"2025-10-06T07:29:16","slug":"kurumsal-web-siteleri","status":"publish","type":"page","link":"https:\/\/mesopo.net\/tr\/kurumsal-web-siteleri\/","title":{"rendered":"Kurumsal Web Siteleri"},"content":{"rendered":"\t\t<div data-elementor-type=\"wp-page\" data-elementor-id=\"6617\" class=\"elementor elementor-6617\">\n\t\t\t\t<div class=\"elementor-element elementor-element-352725d e-flex e-con-boxed e-con e-parent\" data-id=\"352725d\" data-element_type=\"container\" data-settings=\"{&quot;background_background&quot;:&quot;classic&quot;}\">\n\t\t\t\t\t<div class=\"e-con-inner\">\n\t\t<div class=\"elementor-element elementor-element-d3a1010 e-con-full e-flex e-con e-child\" data-id=\"d3a1010\" data-element_type=\"container\">\n\t\t\t\t<div class=\"elementor-element elementor-element-acf1f07 elementor-widget elementor-widget-text-editor\" data-id=\"acf1f07\" data-element_type=\"widget\" data-widget_type=\"text-editor.default\">\n\t\t\t\t\t\t\t\t\t<p data-start=\"29\" data-end=\"459\">Kurumsal web siteleri, \u015firketlerin dijital d\u00fcnyada g\u00fcvenilir bir imaj olu\u015fturmas\u0131 i\u00e7in en \u00f6nemli ara\u00e7lardan biridir. Profesyonel g\u00f6r\u00fcn\u00fcml\u00fc ve kullan\u0131c\u0131 dostu bir yap\u0131ya sahip bir site, ziyaret\u00e7ilere g\u00fcven verir ve markan\u0131n g\u00fc\u00e7l\u00fc ve ciddi bir kimli\u011fe sahip oldu\u011funu g\u00f6sterir. G\u00fcn\u00fcm\u00fcz i\u015f ortam\u0131nda, ilk izlenimlerin \u00e7o\u011funlukla \u00e7evrimi\u00e7i olu\u015ftu\u011fu d\u00fc\u015f\u00fcn\u00fcld\u00fc\u011f\u00fcnde, bu g\u00fcven duygusu yeni m\u00fc\u015fteriler kazanmak i\u00e7in kritik bir rol oynar.<\/p><p data-start=\"461\" data-end=\"779\">Ayr\u0131ca, kurumsal web siteleri bir \u015firket i\u00e7in bilgi ve ileti\u015fimin merkezi olarak hizmet eder. \u00dcr\u00fcnler, hizmetler, referanslar ve ileti\u015fim kanallar\u0131 tek bir platform \u00fczerinden eri\u015filebilir hale gelir. Bu sayede m\u00fc\u015fteriler ihtiya\u00e7 duyduklar\u0131 bilgilere h\u0131zl\u0131ca ula\u015fabilir ve i\u015fletme ile daha g\u00fc\u00e7l\u00fc bir ba\u011f kurabilirler.<\/p><p data-start=\"781\" data-end=\"1111\">Kurumsal bir web sitesi ayn\u0131 zamanda \u015firketlere uluslararas\u0131 eri\u015fim imk\u00e2n\u0131 sa\u011flar. \u00c7ok dilli i\u00e7erik deste\u011fi, arama motoru optimizasyonu ve mobil uyumlu tasar\u0131m sayesinde, markalar yaln\u0131zca yerel pazarda de\u011fil, k\u00fcresel \u00f6l\u00e7ekte de varl\u0131k g\u00f6sterebilirler. \u00d6zellikle g\u00fcn\u00fcm\u00fcz\u00fcn rekabet\u00e7i ortam\u0131nda bu, b\u00fcy\u00fck bir stratejik avantajd\u0131r.<\/p><p data-start=\"1113\" data-end=\"1466\">Ayr\u0131ca, iyi yap\u0131land\u0131r\u0131lm\u0131\u015f bir web sitesi marka g\u00fcc\u00fcn\u00fc art\u0131r\u0131r ve sekt\u00f6rdeki rekabet\u00e7ili\u011fi y\u00fckseltir. Modern tasar\u0131mlar, etkileyici marka hik\u00e2yeleri ve ilgi \u00e7ekici i\u00e7erikler sayesinde \u015firketler rakiplerinden ayr\u0131\u015fabilir. Dijital pazarlama kampanyalar\u0131yla entegre edildi\u011finde, site do\u011frudan sat\u0131\u015flar\u0131 art\u0131rabilir ve m\u00fc\u015fteri sadakatini g\u00fc\u00e7lendirebilir.<\/p><p data-start=\"1468\" data-end=\"1752\" data-is-last-node=\"\" data-is-only-node=\"\">Son olarak, kurumsal web siteleri esnek ve de\u011fi\u015fen i\u015f ihtiya\u00e7lar\u0131na kolayca uyum sa\u011flar. Yeni \u00fcr\u00fcnler tan\u0131t\u0131labilir, kampanyalar duyurulabilir ve g\u00fcncel i\u00e7erikler h\u0131zl\u0131 ve verimli bir \u015fekilde payla\u015f\u0131labilir. Bu, markan\u0131n her zaman dinamik, g\u00fcncel ve m\u00fc\u015fteri odakl\u0131 g\u00f6r\u00fcnmesini sa\u011flar.<\/p>\t\t\t\t\t\t\t\t<\/div>\n\t\t\t\t<\/div>\n\t\t\t\t\t<\/div>\n\t\t\t\t<\/div>\n\t\t\t\t<\/div>\n\t\t","protected":false},"excerpt":{"rendered":"<p>Kurumsal web siteleri, \u015firketlerin dijital d\u00fcnyada g\u00fcvenilir bir imaj olu\u015fturmas\u0131 i\u00e7in en \u00f6nemli ara\u00e7lardan biridir. Profesyonel g\u00f6r\u00fcn\u00fcml\u00fc ve kullan\u0131c\u0131 dostu bir yap\u0131ya sahip bir site, ziyaret\u00e7ilere g\u00fcven verir ve markan\u0131n g\u00fc\u00e7l\u00fc ve ciddi bir kimli\u011fe sahip oldu\u011funu g\u00f6sterir. G\u00fcn\u00fcm\u00fcz i\u015f ortam\u0131nda, ilk izlenimlerin \u00e7o\u011funlukla \u00e7evrimi\u00e7i olu\u015ftu\u011fu d\u00fc\u015f\u00fcn\u00fcld\u00fc\u011f\u00fcnde, bu g\u00fcven duygusu yeni m\u00fc\u015fteriler kazanmak i\u00e7in kritik [&hellip;]<\/p>\n","protected":false},"author":2,"featured_media":0,"parent":0,"menu_order":0,"comment_status":"closed","ping_status":"closed","template":"","meta":{"footnotes":""},"class_list":["post-6617","page","type-page","status-publish","hentry"],"_hostinger_reach_plugin_has_subscription_block":false,"_hostinger_reach_plugin_is_elementor":false,"_links":{"self":[{"href":"https:\/\/mesopo.net\/tr\/wp-json\/wp\/v2\/pages\/6617","targetHints":{"allow":["GET"]}}],"collection":[{"href":"https:\/\/mesopo.net\/tr\/wp-json\/wp\/v2\/pages"}],"about":[{"href":"https:\/\/mesopo.net\/tr\/wp-json\/wp\/v2\/types\/page"}],"author":[{"embeddable":true,"href":"https:\/\/mesopo.net\/tr\/wp-json\/wp\/v2\/users\/2"}],"replies":[{"embeddable":true,"href":"https:\/\/mesopo.net\/tr\/wp-json\/wp\/v2\/comments?post=6617"}],"version-history":[{"count":71,"href":"https:\/\/mesopo.net\/tr\/wp-json\/wp\/v2\/pages\/6617\/revisions"}],"predecessor-version":[{"id":7381,"href":"https:\/\/mesopo.net\/tr\/wp-json\/wp\/v2\/pages\/6617\/revisions\/7381"}],"wp:attachment":[{"href":"https:\/\/mesopo.net\/tr\/wp-json\/wp\/v2\/media?parent=6617"}],"curies":[{"name":"wp","href":"https:\/\/api.w.org\/{rel}","templated":true}]}}