{"id":5757,"date":"2021-07-29T13:56:13","date_gmt":"2021-07-29T13:56:13","guid":{"rendered":"https:\/\/modernagency.liquid-themes.com\/elementor\/?page_id=5757"},"modified":"2026-01-22T22:11:40","modified_gmt":"2026-01-22T22:11:40","slug":"about","status":"publish","type":"page","link":"https:\/\/mesopo.net\/tr\/about\/","title":{"rendered":"Hakk\u0131m\u0131zda"},"content":{"rendered":"\t\t<div data-elementor-type=\"wp-page\" data-elementor-id=\"5757\" class=\"elementor elementor-5757\">\n\t\t\t\t\t\t<section class=\"elementor-section elementor-top-section elementor-element elementor-element-295dc46 elementor-section-content-middle elementor-section-boxed elementor-section-height-default elementor-section-height-default\" data-id=\"295dc46\" data-element_type=\"section\">\n\t\t\t\t\t\t<div class=\"elementor-container elementor-column-gap-default\">\n\t\t\t\t\t<div class=\"elementor-column elementor-col-50 elementor-top-column elementor-element elementor-element-64bd502 elementor-hidden-phone\" data-id=\"64bd502\" data-element_type=\"column\">\n\t\t\t<div class=\"elementor-widget-wrap elementor-element-populated\">\n\t\t\t\t\t\t<div class=\"elementor-element elementor-element-61f32e8 elementor-widget__width-initial elementor-widget elementor-widget-ld_fancy_image\" data-id=\"61f32e8\" data-element_type=\"widget\" data-widget_type=\"ld_fancy_image.default\">\n\t\t\t\t<div class=\"elementor-widget-container\">\n\t\t\t\t\t\n\t\t<div class=\"lqd-imggrp-single d-block pos-rel \">\n\t\t\t<div class=\"lqd-imggrp-img-container d-inline-flex pos-rel align-items-center justify-content-center \">\n\t\t\t\t\t\t\t\t<figure class=\"w-100 pos-rel\">\n\t\t\t\t\t<img fetchpriority=\"high\" decoding=\"async\" width=\"540\" height=\"540\" src=\"https:\/\/mesopo.net\/tr\/wp-content\/uploads\/2025\/10\/2@2x-1.png\" class=\"attachment-full size-full wp-image-7271\" alt=\"\" srcset=\"https:\/\/mesopo.net\/tr\/wp-content\/uploads\/2025\/10\/2@2x-1.png 540w, https:\/\/mesopo.net\/tr\/wp-content\/uploads\/2025\/10\/2@2x-1-300x300.png 300w, https:\/\/mesopo.net\/tr\/wp-content\/uploads\/2025\/10\/2@2x-1-150x150.png 150w, https:\/\/mesopo.net\/tr\/wp-content\/uploads\/2025\/10\/2@2x-1-320x320.png 320w\" sizes=\"(max-width: 540px) 100vw, 540px\" itemprop=\"image\" \/>\t\t\t\t\t\t\t\t\t\t\t\t\t\t\t\t\t\t\t\t\t\t\t\t\t\t\t\t\t<\/figure>\n\t\t\t<\/div>\n\t\t<\/div>\n\n\t\t\t\t\t<\/div>\n\t\t\t\t<\/div>\n\t\t\t\t<div data-parallax=\"true\" data-parallax-options=\"{&quot;ease&quot;:[&quot;linear&quot;],&quot;start&quot;:&quot;top bottom&quot;,&quot;end&quot;:&quot;bottom+=0px top&quot;}\" data-parallax-from=\"{&quot;y&quot;:&quot;50px&quot;,&quot;transformOrigin&quot;:&quot;50% 50% 0px&quot;}\" data-parallax-to=\"{&quot;y&quot;:&quot;-75px&quot;,&quot;transformOrigin&quot;:&quot;50% 50% 0px&quot;}\" class=\"elementor-element elementor-element-f3efa9d elementor-widget__width-initial elementor-absolute elementor-widget-tablet__width-initial elementor-widget-mobile__width-initial elementor-widget elementor-widget-ld_fancy_image\" data-id=\"f3efa9d\" data-element_type=\"widget\" data-settings=\"{&quot;_position&quot;:&quot;absolute&quot;}\" data-widget_type=\"ld_fancy_image.default\">\n\t\t\t\t<div class=\"elementor-widget-container\">\n\t\t\t\t\t\n\t\t<div class=\"lqd-imggrp-single d-block pos-rel \">\n\t\t\t<div class=\"lqd-imggrp-img-container d-inline-flex pos-rel align-items-center justify-content-center \">\n\t\t\t\t\t\t\t\t<figure class=\"w-100 pos-rel\">\n\t\t\t\t\t<img decoding=\"async\" width=\"1100\" height=\"1100\" src=\"data:image\/svg+xml;charset=utf-8,%3Csvg xmlns%3D&#039;http%3A%2F%2Fwww.w3.org%2F2000%2Fsvg&#039; viewBox%3D&#039;0 0 1100 1100&#039;%2F%3E\" class=\"attachment-full size-full wp-image-7270 ld-lazyload\" alt=\"\" itemprop=\"image\" data-src=\"https:\/\/mesopo.net\/tr\/wp-content\/uploads\/2025\/10\/1@2x-1.png\" data-srcset=\"https:\/\/mesopo.net\/tr\/wp-content\/uploads\/2025\/10\/1@2x-1.png 1100w, https:\/\/mesopo.net\/tr\/wp-content\/uploads\/2025\/10\/1@2x-1-300x300.png 300w, https:\/\/mesopo.net\/tr\/wp-content\/uploads\/2025\/10\/1@2x-1-1024x1024.png 1024w, https:\/\/mesopo.net\/tr\/wp-content\/uploads\/2025\/10\/1@2x-1-150x150.png 150w, https:\/\/mesopo.net\/tr\/wp-content\/uploads\/2025\/10\/1@2x-1-320x320.png 320w, https:\/\/mesopo.net\/tr\/wp-content\/uploads\/2025\/10\/1@2x-1-760x760.png 760w\" data-sizes=\"(max-width: 1100px) 100vw, 1100px\" data-aspect=\"1\" \/>\t\t\t\t\t\t\t\t\t\t\t\t\t\t\t\t\t\t\t\t\t\t\t\t\t\t\t\t\t<\/figure>\n\t\t\t<\/div>\n\t\t<\/div>\n\n\t\t\t\t\t<\/div>\n\t\t\t\t<\/div>\n\t\t\t\t\t<\/div>\n\t\t<\/div>\n\t\t\t\t<div data-custom-animations=\"true\" data-ca-options=\"{&quot;addChildTimelines&quot;:false,&quot;trigger&quot;:&quot;firstChild&quot;,&quot;animationTarget&quot;:&quot;:scope &gt; .elementor-widget-wrap &gt; .elementor-element &gt; .elementor-widget-container, :scope &gt; .elementor-widget-wrap &gt; .elementor-section &gt; .elementor-container &gt; .elementor-column &gt; .elementor-widget-wrap &gt; .elementor-element:not(.lqd-el-has-inner-anim) &gt; .elementor-widget-container, :scope &gt; .elementor-widget-wrap &gt; .elementor-widget-hub_fancy_heading .lqd-split-lines .lqd-lines .split-inner, :scope &gt; .elementor-widget-wrap &gt; .elementor-widget-hub_fancy_heading .lqd-split-words .lqd-words .split-inner, :scope &gt; .elementor-widget-wrap &gt; .elementor-widget-hub_fancy_heading .lqd-split-chars .lqd-chars .split-inner, :scope &gt; .elementor-widget-wrap &gt; .elementor-widget-ld_custom_menu .lqd-fancy-menu &gt; ul &gt; li&quot;,&quot;duration&quot;:1800,&quot;startDelay&quot;:350,&quot;delay&quot;:180,&quot;ease&quot;:[&quot;power4.out&quot;],&quot;initValues&quot;:{&quot;y&quot;:&quot;35px&quot;,&quot;opacity&quot;:0,&quot;transformOrigin&quot;:&quot;50% 50% 0px&quot;},&quot;animations&quot;:{&quot;y&quot;:&quot;0px&quot;,&quot;opacity&quot;:1,&quot;transformOrigin&quot;:&quot;50% 50% 0px&quot;}}\" class=\"elementor-column elementor-col-50 elementor-top-column elementor-element elementor-element-43cdd41\" data-id=\"43cdd41\" data-element_type=\"column\">\n\t\t\t<div class=\"elementor-widget-wrap elementor-element-populated\">\n\t\t\t\t\t\t<div data-custom-animations=\"true\" data-ca-options=\"{&quot;addChildTimelines&quot;:false,&quot;trigger&quot;:&quot;firstChild&quot;,&quot;animationTarget&quot;:&quot;.lqd-split-lines .lqd-lines .split-inner, .lqd-adv-txt-fig&quot;,&quot;delay&quot;:100,&quot;ease&quot;:[&quot;power4.out&quot;],&quot;initValues&quot;:{&quot;y&quot;:&quot;35px&quot;,&quot;opacity&quot;:0,&quot;transformOrigin&quot;:&quot;50% 50% 0px&quot;},&quot;animations&quot;:{&quot;y&quot;:&quot;0px&quot;,&quot;opacity&quot;:1,&quot;transformOrigin&quot;:&quot;50% 50% 0px&quot;}}\" class=\"elementor-element elementor-element-d68be81 elementor-widget__width-auto elementor-widget elementor-widget-hub_fancy_heading lqd-el-has-inner-anim\" data-id=\"d68be81\" data-element_type=\"widget\" data-settings=\"{&quot;enable_split&quot;:&quot;true&quot;,&quot;split_type&quot;:&quot;lines&quot;}\" data-widget_type=\"hub_fancy_heading.default\">\n\t\t\t\t<div class=\"elementor-widget-container\">\n\t\t\t\t\t\n\t\t<div id=\"ld-fancy-heading-69e1752b3a35b\" class=\"ld-fancy-heading pos-rel\">\n\t\t\t<h6 class=\"ld-fh-element d-inline-block pos-rel  elementor-heading-title lqd-highlight-classic lqd-highlight-grow-left lqd-split-lines h6\"  data-split-text=\"true\" data-split-options='{\"type\":\"lines\"}'> Hakk\u0131m\u0131zda\n<\/h6>\t\t<\/div>\n\n\t\t\t\t\t\t<\/div>\n\t\t\t\t<\/div>\n\t\t\t\t<div data-custom-animations=\"true\" data-ca-options=\"{&quot;addChildTimelines&quot;:false,&quot;trigger&quot;:&quot;firstChild&quot;,&quot;animationTarget&quot;:&quot;.lqd-split-lines .lqd-lines .split-inner, .lqd-adv-txt-fig&quot;,&quot;duration&quot;:1800,&quot;delay&quot;:186,&quot;ease&quot;:[&quot;power4.out&quot;],&quot;initValues&quot;:{&quot;y&quot;:&quot;35px&quot;,&quot;transformOrigin&quot;:&quot;50% 50% 0px&quot;},&quot;animations&quot;:{&quot;y&quot;:&quot;0px&quot;,&quot;transformOrigin&quot;:&quot;50% 50% 0px&quot;}}\" class=\"elementor-element elementor-element-a73ada9 elementor-widget elementor-widget-hub_fancy_heading lqd-el-has-inner-anim\" data-id=\"a73ada9\" data-element_type=\"widget\" data-settings=\"{&quot;enable_split&quot;:&quot;true&quot;,&quot;split_type&quot;:&quot;lines&quot;}\" data-widget_type=\"hub_fancy_heading.default\">\n\t\t\t\t<div class=\"elementor-widget-container\">\n\t\t\t\t\t\n\t\t<div id=\"ld-fancy-heading-69e1752b3a69f\" class=\"ld-fancy-heading pos-rel\">\n\t\t\t<h2 class=\"ld-fh-element d-inline-block pos-rel  elementor-heading-title lqd-highlight-classic lqd-highlight-grow-left lqd-highlight-reset-onhover lqd-split-lines h2\"  data-split-text=\"true\" data-split-options='{\"type\":\"lines\"}'> Mesopo Ajans\u0131 \u2013 Sadece Hayalleri De\u011fil, Gelece\u011finizi de \u0130n\u015fa Ediyoruz\u2026<\/h2>\t\t<\/div>\n\n\t\t\t\t\t\t<\/div>\n\t\t\t\t<\/div>\n\t\t\t\t<div data-custom-animations=\"true\" data-ca-options=\"{&quot;addChildTimelines&quot;:false,&quot;trigger&quot;:&quot;firstChild&quot;,&quot;animationTarget&quot;:&quot;.lqd-split-lines .lqd-lines .split-inner, .lqd-adv-txt-fig&quot;,&quot;duration&quot;:1800,&quot;delay&quot;:180,&quot;ease&quot;:[&quot;power4.out&quot;],&quot;initValues&quot;:{&quot;y&quot;:&quot;35px&quot;,&quot;transformOrigin&quot;:&quot;50% 50% 0px&quot;},&quot;animations&quot;:{&quot;y&quot;:&quot;0px&quot;,&quot;transformOrigin&quot;:&quot;50% 50% 0px&quot;}}\" class=\"elementor-element elementor-element-369a175 elementor-widget elementor-widget-hub_fancy_heading lqd-el-has-inner-anim\" data-id=\"369a175\" data-element_type=\"widget\" data-settings=\"{&quot;enable_split&quot;:&quot;true&quot;,&quot;split_type&quot;:&quot;lines&quot;}\" data-widget_type=\"hub_fancy_heading.default\">\n\t\t\t\t<div class=\"elementor-widget-container\">\n\t\t\t\t\t\n\t\t<div id=\"ld-fancy-heading-69e1752b3a940\" class=\"ld-fancy-heading pos-rel mask-text\">\n\t\t\t<p class=\"ld-fh-element d-inline-block pos-rel  lqd-highlight-classic lqd-highlight-grow-left lqd-split-lines p\"  data-split-text=\"true\" data-split-options='{\"type\":\"lines\"}'> 2020\u2019den bu yana, **Mesopo Ajans\u0131**, dijital d\u00fcnyan\u0131n en g\u00fcncel f\u0131rsatlar\u0131n\u0131 kullanarak ba\u015far\u0131l\u0131 projeler sunmaktad\u0131r. Amac\u0131m\u0131z, m\u00fc\u015fterilerimizin ihtiya\u00e7lar\u0131n\u0131 do\u011fru bir \u015fekilde anlamak ve onlar\u0131n sekt\u00f6rlerinde \u00f6ne \u00e7\u0131kmalar\u0131na yard\u0131mc\u0131 olacak yarat\u0131c\u0131 ve etkili \u00e7\u00f6z\u00fcmler sa\u011flamakt\u0131r.\n<\/p>\t\t<\/div>\n\n\t\t\t\t\t\t<\/div>\n\t\t\t\t<\/div>\n\t\t\t\t\t<\/div>\n\t\t<\/div>\n\t\t\t\t\t<\/div>\n\t\t<\/section>\n\t\t<div class=\"elementor-element elementor-element-2789571 e-flex e-con-boxed e-con e-parent\" data-id=\"2789571\" data-element_type=\"container\">\n\t\t\t\t\t<div class=\"e-con-inner\">\n\t\t\t\t<div data-custom-animations=\"true\" data-ca-options=\"{&quot;addChildTimelines&quot;:false,&quot;trigger&quot;:&quot;firstChild&quot;,&quot;animationTarget&quot;:&quot;.lqd-split-lines .lqd-lines .split-inner, .lqd-adv-txt-fig&quot;,&quot;duration&quot;:1800,&quot;delay&quot;:186,&quot;ease&quot;:[&quot;power4.out&quot;],&quot;initValues&quot;:{&quot;y&quot;:&quot;35px&quot;,&quot;transformOrigin&quot;:&quot;50% 50% 0px&quot;},&quot;animations&quot;:{&quot;y&quot;:&quot;0px&quot;,&quot;transformOrigin&quot;:&quot;50% 50% 0px&quot;}}\" class=\"elementor-element elementor-element-5f5e51a elementor-widget elementor-widget-hub_fancy_heading lqd-el-has-inner-anim\" data-id=\"5f5e51a\" data-element_type=\"widget\" data-settings=\"{&quot;enable_split&quot;:&quot;true&quot;,&quot;split_type&quot;:&quot;lines&quot;}\" data-widget_type=\"hub_fancy_heading.default\">\n\t\t\t\t<div class=\"elementor-widget-container\">\n\t\t\t\t\t\n\t\t<div id=\"ld-fancy-heading-69e1752b3aca6\" class=\"ld-fancy-heading pos-rel\">\n\t\t\t<h2 class=\"ld-fh-element d-inline-block pos-rel  elementor-heading-title lqd-highlight-classic lqd-highlight-grow-left lqd-highlight-reset-onhover lqd-split-lines h2\"  data-split-text=\"true\" data-split-options='{\"type\":\"lines\"}'> Hizmetlerimiz ve Yakla\u015f\u0131m\u0131m\u0131z\n<\/h2>\t\t<\/div>\n\n\t\t\t\t\t\t<\/div>\n\t\t\t\t<\/div>\n\t\t\t\t<div data-custom-animations=\"true\" data-ca-options=\"{&quot;addChildTimelines&quot;:false,&quot;trigger&quot;:&quot;firstChild&quot;,&quot;animationTarget&quot;:&quot;.lqd-split-lines .lqd-lines .split-inner, .lqd-adv-txt-fig&quot;,&quot;duration&quot;:1800,&quot;delay&quot;:180,&quot;ease&quot;:[&quot;power4.out&quot;],&quot;initValues&quot;:{&quot;y&quot;:&quot;35px&quot;,&quot;transformOrigin&quot;:&quot;50% 50% 0px&quot;},&quot;animations&quot;:{&quot;y&quot;:&quot;0px&quot;,&quot;transformOrigin&quot;:&quot;50% 50% 0px&quot;}}\" class=\"elementor-element elementor-element-2191fcd elementor-widget elementor-widget-hub_fancy_heading lqd-el-has-inner-anim\" data-id=\"2191fcd\" data-element_type=\"widget\" data-settings=\"{&quot;enable_split&quot;:&quot;true&quot;,&quot;split_type&quot;:&quot;lines&quot;}\" data-widget_type=\"hub_fancy_heading.default\">\n\t\t\t\t<div class=\"elementor-widget-container\">\n\t\t\t\t\t\n\t\t<div id=\"ld-fancy-heading-69e1752b3b063\" class=\"ld-fancy-heading pos-rel mask-text\">\n\t\t\t<p class=\"ld-fh-element d-inline-block pos-rel  lqd-highlight-classic lqd-highlight-grow-left lqd-split-lines p\"  data-split-text=\"true\" data-split-options='{\"type\":\"lines\"}'> G\u00fcn\u00fcm\u00fcz\u00fcn h\u0131zl\u0131 dijital \u00e7a\u011f\u0131nda, web ve yaz\u0131l\u0131m geli\u015ftirme, sosyal medya y\u00f6netimi, dijital pazarlama ve stratejik dan\u0131\u015fmanl\u0131k alanlar\u0131nda g\u00fc\u00e7l\u00fc \u00e7\u00f6z\u00fcmler sunuyoruz. En son trendler ve teknolojileri takip ederek, markalar\u0131n hedef kitleleriyle kal\u0131c\u0131 ve etkili ba\u011flar kurmas\u0131n\u0131 sa\u011fl\u0131yoruz.\n\nPortf\u00f6y\u00fcm\u00fcz, kurumsal web sitelerinden e-ticaret platformlar\u0131na, mobil uygulamalardan \u00f6zel yaz\u0131l\u0131m \u00e7\u00f6z\u00fcmlerine kadar geni\u015f bir hizmet yelpazesini kaps\u0131yor. Ayr\u0131ca, CRM, SEO, hosting, e-katalog sistemleri ve sosyal medya dan\u0131\u015fmanl\u0131\u011f\u0131 gibi tamamlay\u0131c\u0131 hizmetler sunarak m\u00fc\u015fterilerimiz i\u00e7in eksiksiz bir dijital ekosistem olu\u015fturuyoruz.<\/p>\t\t<\/div>\n\n\t\t\t\t\t\t<\/div>\n\t\t\t\t<\/div>\n\t\t\t\t\t<\/div>\n\t\t\t\t<\/div>\n\t\t<div class=\"elementor-element elementor-element-09b1871 e-flex e-con-boxed e-con e-parent\" data-id=\"09b1871\" data-element_type=\"container\">\n\t\t\t\t\t<div class=\"e-con-inner\">\n\t\t\t\t<div data-custom-animations=\"true\" data-ca-options=\"{&quot;addChildTimelines&quot;:false,&quot;trigger&quot;:&quot;firstChild&quot;,&quot;animationTarget&quot;:&quot;.lqd-split-lines .lqd-lines .split-inner, .lqd-adv-txt-fig&quot;,&quot;duration&quot;:1800,&quot;delay&quot;:186,&quot;ease&quot;:[&quot;power4.out&quot;],&quot;initValues&quot;:{&quot;y&quot;:&quot;35px&quot;,&quot;transformOrigin&quot;:&quot;50% 50% 0px&quot;},&quot;animations&quot;:{&quot;y&quot;:&quot;0px&quot;,&quot;transformOrigin&quot;:&quot;50% 50% 0px&quot;}}\" class=\"elementor-element elementor-element-ff78a90 elementor-widget elementor-widget-hub_fancy_heading lqd-el-has-inner-anim\" data-id=\"ff78a90\" data-element_type=\"widget\" data-settings=\"{&quot;enable_split&quot;:&quot;true&quot;,&quot;split_type&quot;:&quot;lines&quot;}\" data-widget_type=\"hub_fancy_heading.default\">\n\t\t\t\t<div class=\"elementor-widget-container\">\n\t\t\t\t\t\n\t\t<div id=\"ld-fancy-heading-69e1752b3b426\" class=\"ld-fancy-heading pos-rel\">\n\t\t\t<h2 class=\"ld-fh-element d-inline-block pos-rel  elementor-heading-title lqd-highlight-classic lqd-highlight-grow-left lqd-highlight-reset-onhover lqd-split-lines h2\"  data-split-text=\"true\" data-split-options='{\"type\":\"lines\"}'> Ekibimiz ve De\u011ferlerimiz\n<\/h2>\t\t<\/div>\n\n\t\t\t\t\t\t<\/div>\n\t\t\t\t<\/div>\n\t\t\t\t<div data-custom-animations=\"true\" data-ca-options=\"{&quot;addChildTimelines&quot;:false,&quot;trigger&quot;:&quot;firstChild&quot;,&quot;animationTarget&quot;:&quot;.lqd-split-lines .lqd-lines .split-inner, .lqd-adv-txt-fig&quot;,&quot;duration&quot;:1800,&quot;delay&quot;:180,&quot;ease&quot;:[&quot;power4.out&quot;],&quot;initValues&quot;:{&quot;y&quot;:&quot;35px&quot;,&quot;transformOrigin&quot;:&quot;50% 50% 0px&quot;},&quot;animations&quot;:{&quot;y&quot;:&quot;0px&quot;,&quot;transformOrigin&quot;:&quot;50% 50% 0px&quot;}}\" class=\"elementor-element elementor-element-f2f2a20 elementor-widget elementor-widget-hub_fancy_heading lqd-el-has-inner-anim\" data-id=\"f2f2a20\" data-element_type=\"widget\" data-settings=\"{&quot;enable_split&quot;:&quot;true&quot;,&quot;split_type&quot;:&quot;lines&quot;}\" data-widget_type=\"hub_fancy_heading.default\">\n\t\t\t\t<div class=\"elementor-widget-container\">\n\t\t\t\t\t\n\t\t<div id=\"ld-fancy-heading-69e1752b3b831\" class=\"ld-fancy-heading pos-rel mask-text\">\n\t\t\t<p class=\"ld-fh-element d-inline-block pos-rel  lqd-highlight-classic lqd-highlight-grow-left lqd-split-lines p\"  data-split-text=\"true\" data-split-options='{\"type\":\"lines\"}'> Misyonumuz, m\u00fc\u015fterilerimizin i\u015f s\u00fcre\u00e7lerini daha verimli, yenilik\u00e7i ve teknoloji odakl\u0131 yap\u0131lara d\u00f6n\u00fc\u015ft\u00fcren \u00f6zel \u00e7\u00f6z\u00fcmler geli\u015ftirmektir. Her projede en y\u00fcksek kalite standartlar\u0131n\u0131 korurken, maksimum m\u00fc\u015fteri memnuniyetini sa\u011flamaya kendimizi adad\u0131k.\n<\/p>\t\t<\/div>\n\n\t\t\t\t\t\t<\/div>\n\t\t\t\t<\/div>\n\t\t\t\t\t<\/div>\n\t\t\t\t<\/div>\n\t\t<div class=\"elementor-element elementor-element-cb834d2 e-flex e-con-boxed e-con e-parent\" data-id=\"cb834d2\" data-element_type=\"container\">\n\t\t\t\t\t<div class=\"e-con-inner\">\n\t\t\t\t<div data-custom-animations=\"true\" data-ca-options=\"{&quot;addChildTimelines&quot;:false,&quot;trigger&quot;:&quot;firstChild&quot;,&quot;animationTarget&quot;:&quot;.lqd-split-lines .lqd-lines .split-inner, .lqd-adv-txt-fig&quot;,&quot;duration&quot;:1800,&quot;delay&quot;:186,&quot;ease&quot;:[&quot;power4.out&quot;],&quot;initValues&quot;:{&quot;y&quot;:&quot;35px&quot;,&quot;transformOrigin&quot;:&quot;50% 50% 0px&quot;},&quot;animations&quot;:{&quot;y&quot;:&quot;0px&quot;,&quot;transformOrigin&quot;:&quot;50% 50% 0px&quot;}}\" class=\"elementor-element elementor-element-bb6c63b elementor-widget elementor-widget-hub_fancy_heading lqd-el-has-inner-anim\" data-id=\"bb6c63b\" data-element_type=\"widget\" data-settings=\"{&quot;enable_split&quot;:&quot;true&quot;,&quot;split_type&quot;:&quot;lines&quot;}\" data-widget_type=\"hub_fancy_heading.default\">\n\t\t\t\t<div class=\"elementor-widget-container\">\n\t\t\t\t\t\n\t\t<div id=\"ld-fancy-heading-69e1752b3bb14\" class=\"ld-fancy-heading pos-rel\">\n\t\t\t<h2 class=\"ld-fh-element d-inline-block pos-rel  elementor-heading-title lqd-highlight-classic lqd-highlight-grow-left lqd-highlight-reset-onhover lqd-split-lines h2\"  data-split-text=\"true\" data-split-options='{\"type\":\"lines\"}'> Vizyonumuz\n<\/h2>\t\t<\/div>\n\n\t\t\t\t\t\t<\/div>\n\t\t\t\t<\/div>\n\t\t\t\t<div data-custom-animations=\"true\" data-ca-options=\"{&quot;addChildTimelines&quot;:false,&quot;trigger&quot;:&quot;firstChild&quot;,&quot;animationTarget&quot;:&quot;.lqd-split-lines .lqd-lines .split-inner, .lqd-adv-txt-fig&quot;,&quot;duration&quot;:1800,&quot;delay&quot;:180,&quot;ease&quot;:[&quot;power4.out&quot;],&quot;initValues&quot;:{&quot;y&quot;:&quot;35px&quot;,&quot;transformOrigin&quot;:&quot;50% 50% 0px&quot;},&quot;animations&quot;:{&quot;y&quot;:&quot;0px&quot;,&quot;transformOrigin&quot;:&quot;50% 50% 0px&quot;}}\" class=\"elementor-element elementor-element-ef41b53 elementor-widget elementor-widget-hub_fancy_heading lqd-el-has-inner-anim\" data-id=\"ef41b53\" data-element_type=\"widget\" data-settings=\"{&quot;enable_split&quot;:&quot;true&quot;,&quot;split_type&quot;:&quot;lines&quot;}\" data-widget_type=\"hub_fancy_heading.default\">\n\t\t\t\t<div class=\"elementor-widget-container\">\n\t\t\t\t\t\n\t\t<div id=\"ld-fancy-heading-69e1752b3bd8e\" class=\"ld-fancy-heading pos-rel mask-text\">\n\t\t\t<p class=\"ld-fh-element d-inline-block pos-rel  lqd-highlight-classic lqd-highlight-grow-left lqd-split-lines p\"  data-split-text=\"true\" data-split-options='{\"type\":\"lines\"}'> Vizyonumuz, teknolojinin ve yarat\u0131c\u0131l\u0131\u011f\u0131n g\u00fcc\u00fcn\u00fc birle\u015ftirerek markalar\u0131n sekt\u00f6rlerinde lider konuma ula\u015fmalar\u0131na yard\u0131mc\u0131 olmakt\u0131r. Stratejik ve yenilik\u00e7i yakla\u015f\u0131m\u0131m\u0131zla, ortaklar\u0131m\u0131z\u0131n daha rekabet\u00e7i, verimli ve k\u00e2rl\u0131 olmalar\u0131n\u0131 sa\u011flarken, birlikte s\u00fcrd\u00fcr\u00fclebilir ba\u015far\u0131y\u0131 in\u015fa etmeyi hedefliyoruz.\n<\/p>\t\t<\/div>\n\n\t\t\t\t\t\t<\/div>\n\t\t\t\t<\/div>\n\t\t\t\t\t<\/div>\n\t\t\t\t<\/div>\n\t\t\t\t<section class=\"elementor-section elementor-top-section elementor-element elementor-element-7af8bf7 elementor-section-boxed elementor-section-height-default elementor-section-height-default\" data-id=\"7af8bf7\" data-element_type=\"section\">\n\t\t\t\t\t\t<div class=\"elementor-container elementor-column-gap-extended\">\n\t\t\t\t\t<div class=\"elementor-column elementor-col-25 elementor-top-column elementor-element elementor-element-7f38ad5\" data-id=\"7f38ad5\" data-element_type=\"column\">\n\t\t\t<div class=\"elementor-widget-wrap elementor-element-populated\">\n\t\t\t\t\t\t<div class=\"elementor-element elementor-element-2d4c85b elementor-align-text-left elementor-widget elementor-widget-ld_counter\" data-id=\"2d4c85b\" data-element_type=\"widget\" data-widget_type=\"ld_counter.default\">\n\t\t\t\t<div class=\"elementor-widget-container\">\n\t\t\t\t\t\n\t\t<div id=\"lqd-counter-2d4c85b\" class=\"lqd-counter pos-rel text-left lqd-counter-default\">\n\n\t\t\t\n\t\t\t<div class=\"lqd-counter-element pos-rel \" data-enable-counter=\"true\" data-counter-options=\"{&quot;targetNumber&quot;:&quot;10+&quot;}\">\n\t\t\t\t<span class=\"lqd-counter-nums-wrap d-block pos-rel\">10+<\/span>\t\t\t<\/div>\n\n\t\t\t<span class=\"lqd-counter-text pos-rel \">En \u00d6ne \u00c7\u0131kan Hizmetlerimiz<\/span>\n\t\t<\/div>\n\n\t\t\t\t\t\t<\/div>\n\t\t\t\t<\/div>\n\t\t\t\t\t<\/div>\n\t\t<\/div>\n\t\t\t\t<div class=\"elementor-column elementor-col-25 elementor-top-column elementor-element elementor-element-fb8d973\" data-id=\"fb8d973\" data-element_type=\"column\">\n\t\t\t<div class=\"elementor-widget-wrap elementor-element-populated\">\n\t\t\t\t\t\t<div class=\"elementor-element elementor-element-744ff18 elementor-align-text-left elementor-widget elementor-widget-ld_counter\" data-id=\"744ff18\" data-element_type=\"widget\" data-widget_type=\"ld_counter.default\">\n\t\t\t\t<div class=\"elementor-widget-container\">\n\t\t\t\t\t\n\t\t<div id=\"lqd-counter-744ff18\" class=\"lqd-counter pos-rel text-left lqd-counter-default\">\n\n\t\t\t\n\t\t\t<div class=\"lqd-counter-element pos-rel \" data-enable-counter=\"true\" data-counter-options=\"{&quot;targetNumber&quot;:&quot;45+&quot;,&quot;startDelay&quot;:&quot;200&quot;}\">\n\t\t\t\t<span class=\"lqd-counter-nums-wrap d-block pos-rel\">45+<\/span>\t\t\t<\/div>\n\n\t\t\t<span class=\"lqd-counter-text pos-rel \">Standart Kullan\u0131c\u0131lar<\/span>\n\t\t<\/div>\n\n\t\t\t\t\t\t<\/div>\n\t\t\t\t<\/div>\n\t\t\t\t\t<\/div>\n\t\t<\/div>\n\t\t\t\t<div class=\"elementor-column elementor-col-25 elementor-top-column elementor-element elementor-element-198c772\" data-id=\"198c772\" data-element_type=\"column\">\n\t\t\t<div class=\"elementor-widget-wrap elementor-element-populated\">\n\t\t\t\t\t\t<div class=\"elementor-element elementor-element-1368a1e elementor-align-text-left elementor-widget elementor-widget-ld_counter\" data-id=\"1368a1e\" data-element_type=\"widget\" data-widget_type=\"ld_counter.default\">\n\t\t\t\t<div class=\"elementor-widget-container\">\n\t\t\t\t\t\n\t\t<div id=\"lqd-counter-1368a1e\" class=\"lqd-counter pos-rel text-left lqd-counter-default\">\n\n\t\t\t\n\t\t\t<div class=\"lqd-counter-element pos-rel \" data-enable-counter=\"true\" data-counter-options=\"{&quot;targetNumber&quot;:&quot;98%&quot;,&quot;startDelay&quot;:&quot;100&quot;}\">\n\t\t\t\t<span class=\"lqd-counter-nums-wrap d-block pos-rel\">98%<\/span>\t\t\t<\/div>\n\n\t\t\t<span class=\"lqd-counter-text pos-rel \">Olumlu Geri Bildirimler<\/span>\n\t\t<\/div>\n\n\t\t\t\t\t\t<\/div>\n\t\t\t\t<\/div>\n\t\t\t\t\t<\/div>\n\t\t<\/div>\n\t\t\t\t<div class=\"elementor-column elementor-col-25 elementor-top-column elementor-element elementor-element-4625efb\" data-id=\"4625efb\" data-element_type=\"column\">\n\t\t\t<div class=\"elementor-widget-wrap elementor-element-populated\">\n\t\t\t\t\t\t<div class=\"elementor-element elementor-element-063a0d9 elementor-align-text-left elementor-widget elementor-widget-ld_counter\" data-id=\"063a0d9\" data-element_type=\"widget\" data-widget_type=\"ld_counter.default\">\n\t\t\t\t<div class=\"elementor-widget-container\">\n\t\t\t\t\t\n\t\t<div id=\"lqd-counter-063a0d9\" class=\"lqd-counter pos-rel text-left lqd-counter-default\">\n\n\t\t\t\n\t\t\t<div class=\"lqd-counter-element pos-rel \" data-enable-counter=\"true\" data-counter-options=\"{&quot;targetNumber&quot;:&quot;5&quot;,&quot;startDelay&quot;:&quot;600&quot;}\">\n\t\t\t\t<span class=\"lqd-counter-nums-wrap d-block pos-rel\">5<\/span>\t\t\t<\/div>\n\n\t\t\t<span class=\"lqd-counter-text pos-rel \">\u00dclkeler<\/span>\n\t\t<\/div>\n\n\t\t\t\t\t\t<\/div>\n\t\t\t\t<\/div>\n\t\t\t\t\t<\/div>\n\t\t<\/div>\n\t\t\t\t\t<\/div>\n\t\t<\/section>\n\t\t\t\t<\/div>\n\t\t","protected":false},"excerpt":{"rendered":"<p>Hakk\u0131m\u0131zda Mesopo Ajans\u0131 \u2013 Sadece Hayalleri De\u011fil, Gelece\u011finizi de \u0130n\u015fa Ediyoruz\u2026 2020\u2019den bu yana, **Mesopo Ajans\u0131**, dijital d\u00fcnyan\u0131n en g\u00fcncel f\u0131rsatlar\u0131n\u0131 kullanarak ba\u015far\u0131l\u0131 projeler sunmaktad\u0131r. Amac\u0131m\u0131z, m\u00fc\u015fterilerimizin ihtiya\u00e7lar\u0131n\u0131 do\u011fru bir \u015fekilde anlamak ve onlar\u0131n sekt\u00f6rlerinde \u00f6ne \u00e7\u0131kmalar\u0131na yard\u0131mc\u0131 olacak yarat\u0131c\u0131 ve etkili \u00e7\u00f6z\u00fcmler sa\u011flamakt\u0131r. Hizmetlerimiz ve Yakla\u015f\u0131m\u0131m\u0131z G\u00fcn\u00fcm\u00fcz\u00fcn h\u0131zl\u0131 dijital \u00e7a\u011f\u0131nda, web ve yaz\u0131l\u0131m geli\u015ftirme, [&hellip;]<\/p>\n","protected":false},"author":1,"featured_media":0,"parent":0,"menu_order":0,"comment_status":"closed","ping_status":"closed","template":"","meta":{"footnotes":""},"class_list":["post-5757","page","type-page","status-publish","hentry"],"_hostinger_reach_plugin_has_subscription_block":false,"_hostinger_reach_plugin_is_elementor":false,"_links":{"self":[{"href":"https:\/\/mesopo.net\/tr\/wp-json\/wp\/v2\/pages\/5757","targetHints":{"allow":["GET"]}}],"collection":[{"href":"https:\/\/mesopo.net\/tr\/wp-json\/wp\/v2\/pages"}],"about":[{"href":"https:\/\/mesopo.net\/tr\/wp-json\/wp\/v2\/types\/page"}],"author":[{"embeddable":true,"href":"https:\/\/mesopo.net\/tr\/wp-json\/wp\/v2\/users\/1"}],"replies":[{"embeddable":true,"href":"https:\/\/mesopo.net\/tr\/wp-json\/wp\/v2\/comments?post=5757"}],"version-history":[{"count":17,"href":"https:\/\/mesopo.net\/tr\/wp-json\/wp\/v2\/pages\/5757\/revisions"}],"predecessor-version":[{"id":7538,"href":"https:\/\/mesopo.net\/tr\/wp-json\/wp\/v2\/pages\/5757\/revisions\/7538"}],"wp:attachment":[{"href":"https:\/\/mesopo.net\/tr\/wp-json\/wp\/v2\/media?parent=5757"}],"curies":[{"name":"wp","href":"https:\/\/api.w.org\/{rel}","templated":true}]}}